{"id":639,"date":"2016-01-10T08:50:20","date_gmt":"2016-01-10T07:50:20","guid":{"rendered":"http:\/\/www.scriptorium.d100.fr\/?page_id=639"},"modified":"2024-07-05T10:07:18","modified_gmt":"2024-07-05T09:07:18","slug":"artisans-de-limaginaire","status":"publish","type":"page","link":"https:\/\/www.scriptorium.d100.fr\/","title":{"rendered":"Archives du Scriptorium 2007-2015"},"content":{"rendered":"\n<p class=\"has-text-align-center has-normal-font-size\">De 2007 \u00e0 2015, le Scriptorium \u00e9tait une communaut\u00e9 de passionn\u00e9s de jeux de r\u00f4le. Nous conservons ici toutes les archives de l&rsquo;ancien site.<\/p>\n\n\n\n<div class=\"wp-block-group has-accent-background-color has-background\"><div class=\"wp-block-group__inner-container is-layout-constrained wp-block-group-is-layout-constrained\">\n<div class=\"wp-block-group has-background\" style=\"background-color:#25844d\"><div class=\"wp-block-group__inner-container is-layout-constrained wp-block-group-is-layout-constrained\">\n<h1 class=\"wp-block-heading has-white-color has-text-color has-link-color has-larger-font-size wp-elements-528ac2407ed58a618b1bb407da393543\">Les sections du site<\/h1>\n\n\n\n<p><span style=\"color: #ffffff;\"><strong><a style=\"color: #ffffff;\" href=\"https:\/\/www.scriptorium.d100.fr\/?page_id=41\">Jeux h\u00e9berg\u00e9s :<\/a> <\/strong>Des traductions de jeux ou des jeux amateurs r\u00e9alis\u00e9s par les scribes<\/span><\/p>\n\n\n\n<p class=\"has-white-color has-text-color has-link-color has-normal-font-size wp-elements-707832625cfce0f1c7fe84b4d6373998\"><a href=\"https:\/\/www.scriptorium.d100.fr\/?page_id=976\"><strong>Aides de jeu :<\/strong><\/a> Des documents cr\u00e9\u00e9s ou traduits par les scribes pour des JDR commerciaux. Vous trouverez par exemple des sc\u00e9narios, des campagnes, des r\u00e8gles optionnelles&#8230;<\/p>\n\n\n\n<p class=\"has-white-color has-text-color has-link-color has-normal-font-size wp-elements-8b3cca3028a724e3545bd731534be94b\"><a href=\"https:\/\/www.scriptorium.d100.fr\/?page_id=13\"><strong>\u00c0 propos :<\/strong><\/a> Nous remercions ici les scribes de jadis.<\/p>\n<\/div><\/div>\n<\/div><\/div>\n\n\n\n<p>Aujourd&rsquo;hui, Le Scriptorium est un collectif de cr\u00e9ation et de traduction de jeux, qui \u00e9dite entre autres <em>Portes, Monstres &amp; Tr\u00e9sors<\/em> et la version fran\u00e7aise de <em>Chevalerie &amp; Sorcellerie<\/em>. Notre label d100.fr publie les versions fran\u00e7aises de <em>Mythras et M-Space<\/em>.<\/p>\n\n\n\n<h4 class=\"wp-block-heading\"><strong>Le site du Scriptorium : <a href=\"https:\/\/le-scriptorium.fr\">https:\/\/le-scriptorium.fr<\/a><\/strong><\/h4>\n\n\n\n<h4 class=\"wp-block-heading\"><strong>Le site de notre label d100.fr : <a href=\"https:\/\/d100.fr\">https:\/\/d100.fr<\/a><\/strong><\/h4>\n","protected":false},"excerpt":{"rendered":"<p>De 2007 \u00e0 2015, le Scriptorium \u00e9tait une communaut\u00e9 de passionn\u00e9s de jeux de r\u00f4le. Nous conservons ici toutes les archives de l&rsquo;ancien site. Les sections du site Aides de jeu : Des documents cr\u00e9\u00e9s ou traduits par les scribes pour des JDR commerciaux. Vous trouverez par exemple des sc\u00e9narios, des campagnes, des r\u00e8gles optionnelles&#8230; [&hellip;]<\/p>\n","protected":false},"author":1,"featured_media":0,"parent":0,"menu_order":0,"comment_status":"closed","ping_status":"closed","template":"","meta":{"jetpack_post_was_ever_published":false,"footnotes":""},"class_list":["post-639","page","type-page","status-publish","hentry"],"jetpack_sharing_enabled":true,"jetpack_shortlink":"https:\/\/wp.me\/P6Zja8-aj","_links":{"self":[{"href":"https:\/\/www.scriptorium.d100.fr\/index.php?rest_route=\/wp\/v2\/pages\/639","targetHints":{"allow":["GET"]}}],"collection":[{"href":"https:\/\/www.scriptorium.d100.fr\/index.php?rest_route=\/wp\/v2\/pages"}],"about":[{"href":"https:\/\/www.scriptorium.d100.fr\/index.php?rest_route=\/wp\/v2\/types\/page"}],"author":[{"embeddable":true,"href":"https:\/\/www.scriptorium.d100.fr\/index.php?rest_route=\/wp\/v2\/users\/1"}],"replies":[{"embeddable":true,"href":"https:\/\/www.scriptorium.d100.fr\/index.php?rest_route=%2Fwp%2Fv2%2Fcomments&post=639"}],"version-history":[{"count":31,"href":"https:\/\/www.scriptorium.d100.fr\/index.php?rest_route=\/wp\/v2\/pages\/639\/revisions"}],"predecessor-version":[{"id":1145,"href":"https:\/\/www.scriptorium.d100.fr\/index.php?rest_route=\/wp\/v2\/pages\/639\/revisions\/1145"}],"wp:attachment":[{"href":"https:\/\/www.scriptorium.d100.fr\/index.php?rest_route=%2Fwp%2Fv2%2Fmedia&parent=639"}],"curies":[{"name":"wp","href":"https:\/\/api.w.org\/{rel}","templated":true}]}}