{"id":41,"date":"2015-11-18T07:30:04","date_gmt":"2015-11-18T06:30:04","guid":{"rendered":"http:\/\/www.scriptorium.d100.fr\/?page_id=41"},"modified":"2024-07-06T13:53:15","modified_gmt":"2024-07-06T12:53:15","slug":"jeux-heberges-2","status":"publish","type":"page","link":"https:\/\/www.scriptorium.d100.fr\/?page_id=41","title":{"rendered":"Jeux h\u00e9berg\u00e9s"},"content":{"rendered":"\n<p>Vous trouverez ici les jeux complets cr\u00e9\u00e9s ou traduits par la communaut\u00e9 de l&rsquo;ancien site du Scriptorium.<\/p>\n\n\n\n<p><a href=\"https:\/\/www.scriptorium.d100.fr\/?page_id=35\">Avatar JDR<\/a><\/p>\n\n\n\n<p><a href=\"https:\/\/www.scriptorium.d100.fr\/?page_id=139\">Dungeonslayers 3.75<\/a><\/p>\n\n\n\n<p><a href=\"https:\/\/www.scriptorium.d100.fr\/?page_id=36\">Horlogerie des Mondes<\/a><\/p>\n\n\n\n<p><a href=\"https:\/\/www.scriptorium.d100.fr\/?page_id=133\">Microlite 20<\/a><\/p>\n\n\n\n<p><a href=\"https:\/\/www.scriptorium.d100.fr\/?page_id=132\">Microlite 4E<\/a><\/p>\n\n\n\n<p><a href=\"https:\/\/www.scriptorium.d100.fr\/?page_id=1149\">Openquest 2<\/a><\/p>\n\n\n\n<p><a href=\"https:\/\/www.scriptorium.d100.fr\/?page_id=117\">Project : Eris<\/a><\/p>\n\n\n\n<p><a href=\"https:\/\/www.scriptorium.d100.fr\/?page_id=279\">Runequest 4 OGL<\/a><\/p>\n\n\n\n<p><a href=\"https:\/\/www.scriptorium.d100.fr\/?page_id=281\">Tri-Stat<\/a><\/p>\n\n\n\n<p><a href=\"https:\/\/www.scriptorium.d100.fr\/?page_id=335\">Uruk<\/a><\/p>\n\n\n\n<p><a href=\"https:\/\/www.scriptorium.d100.fr\/?page_id=43\">Wushu Open<\/a><\/p>\n","protected":false},"excerpt":{"rendered":"<p>Vous trouverez ici les jeux complets cr\u00e9\u00e9s ou traduits par la communaut\u00e9 de l&rsquo;ancien site du Scriptorium. Avatar JDR Dungeonslayers 3.75 Horlogerie des Mondes Microlite 20 Microlite 4E Openquest 2 Project : Eris Runequest 4 OGL Tri-Stat Uruk Wushu Open<\/p>\n","protected":false},"author":1,"featured_media":0,"parent":13,"menu_order":0,"comment_status":"closed","ping_status":"closed","template":"","meta":{"jetpack_post_was_ever_published":false,"footnotes":""},"class_list":["post-41","page","type-page","status-publish","hentry"],"jetpack_sharing_enabled":true,"jetpack_shortlink":"https:\/\/wp.me\/P6Zja8-F","_links":{"self":[{"href":"https:\/\/www.scriptorium.d100.fr\/index.php?rest_route=\/wp\/v2\/pages\/41","targetHints":{"allow":["GET"]}}],"collection":[{"href":"https:\/\/www.scriptorium.d100.fr\/index.php?rest_route=\/wp\/v2\/pages"}],"about":[{"href":"https:\/\/www.scriptorium.d100.fr\/index.php?rest_route=\/wp\/v2\/types\/page"}],"author":[{"embeddable":true,"href":"https:\/\/www.scriptorium.d100.fr\/index.php?rest_route=\/wp\/v2\/users\/1"}],"replies":[{"embeddable":true,"href":"https:\/\/www.scriptorium.d100.fr\/index.php?rest_route=%2Fwp%2Fv2%2Fcomments&post=41"}],"version-history":[{"count":5,"href":"https:\/\/www.scriptorium.d100.fr\/index.php?rest_route=\/wp\/v2\/pages\/41\/revisions"}],"predecessor-version":[{"id":1152,"href":"https:\/\/www.scriptorium.d100.fr\/index.php?rest_route=\/wp\/v2\/pages\/41\/revisions\/1152"}],"up":[{"embeddable":true,"href":"https:\/\/www.scriptorium.d100.fr\/index.php?rest_route=\/wp\/v2\/pages\/13"}],"wp:attachment":[{"href":"https:\/\/www.scriptorium.d100.fr\/index.php?rest_route=%2Fwp%2Fv2%2Fmedia&parent=41"}],"curies":[{"name":"wp","href":"https:\/\/api.w.org\/{rel}","templated":true}]}}