{"id":36,"date":"2015-11-18T07:25:42","date_gmt":"2015-11-18T06:25:42","guid":{"rendered":"http:\/\/www.scriptorium.d100.fr\/?page_id=36"},"modified":"2020-10-07T18:54:04","modified_gmt":"2020-10-07T17:54:04","slug":"horlogerie-des-mondes","status":"publish","type":"page","link":"https:\/\/www.scriptorium.d100.fr\/?page_id=36","title":{"rendered":"Horlogerie des Mondes"},"content":{"rendered":"<h1 style=\"text-align: left;\" align=\"right\"><a href=\"http:\/\/www.scriptorium.d100.fr\/wp-content\/uploads\/2015\/11\/Horlogerie-des-mondes.zip\">T\u00e9l\u00e9charger l&rsquo;archive<\/a><\/h1>\n<p style=\"text-align: left;\" align=\"right\"><strong>Auteur<\/strong> : Alexandre \u00ab\u00a0Sephirel\u00a0\u00bb Gruat.<\/p>\n<hr \/>\n<p>Vous vous souvenez de ces histoires que l&rsquo;on vous racontait au bord du lit, o\u00f9 la belle princesse en d\u00e9tresse et le courageux chevalier pourfendeur de dragons finissaient par vivre heureux et avec beaucoup d&rsquo;enfants?<\/p>\n<p>Avec Horlogerie des Mondes, vous aurez l&rsquo;occasion de voir l&rsquo;envers du d\u00e9cor : la princesse est une chipie \u00e9cervel\u00e9e, le chevalier un pleutre incapable de tenir une \u00e9p\u00e9e&#8230; Et c&rsquo;est \u00e0 vous de faire en sorte que l&rsquo;histoire se termine bien, en usant judicieusement de vos pouvoirs !<\/p>\n<p>Oui, mon cher, vous n&rsquo;\u00eates rien de moins qu&rsquo;un Horloger, charg\u00e9 de la bonne marche de l&rsquo;imaginaire ! Un imaginaire en p\u00e9ril, d&rsquo;ailleurs : les Anarchistes veulent d\u00e9naturer chaque r\u00e9cit pour le simple plaisir du changement et les Conservateurs d\u00e9sirent \u00f4ter tout le sel de nos contes pour les rendre aussi insipides que possible. Bref, votre t\u00e2che n&rsquo;est pas ais\u00e9e, mais si vous r\u00e9ussissez, vous aurez la satisfaction de savoir que tous les enfants du monde entendront les histoires telles qu&rsquo;elles doivent \u00eatre !<\/p>\n<h2>Contenu de l&rsquo;archive<\/h2>\n<p>En seulement 66 pages, Horlogerie des Mondes vous propose un syst\u00e8me de jeu, une pr\u00e9sentation de l&rsquo;univers, des conseils de ma\u00eetrise et un sc\u00e9nario d&rsquo;introduction. Si avec tout \u00e7a, vous n&rsquo;arrivez pas \u00e0 vous amuser, c&rsquo;est que vous devez \u00eatre un peu Conservateur sur les bords, non ?<\/p>\n<p>Avec cette fiche de personnage en deux pages, vos joueurs auront toute la place n\u00e9cessaire pour noter les informations et comp\u00e9tences de leur horloger, ainsi que son \u00e9quipement et les fameuses clefs de l&rsquo;horlogerie qui l&rsquo;aideront dans sa mission.<\/p>\n","protected":false},"excerpt":{"rendered":"<p>T\u00e9l\u00e9charger l&rsquo;archive Auteur : Alexandre \u00ab\u00a0Sephirel\u00a0\u00bb Gruat. Vous vous souvenez de ces histoires que l&rsquo;on vous racontait au bord du lit, o\u00f9 la belle princesse en d\u00e9tresse et le courageux chevalier pourfendeur de dragons finissaient par vivre heureux et avec beaucoup d&rsquo;enfants? Avec Horlogerie des Mondes, vous aurez l&rsquo;occasion de voir l&rsquo;envers du d\u00e9cor : [&hellip;]<\/p>\n","protected":false},"author":1,"featured_media":128,"parent":41,"menu_order":0,"comment_status":"closed","ping_status":"closed","template":"","meta":{"footnotes":""},"class_list":["post-36","page","type-page","status-publish","has-post-thumbnail","hentry"],"jetpack_sharing_enabled":true,"jetpack_shortlink":"https:\/\/wp.me\/P6Zja8-A","_links":{"self":[{"href":"https:\/\/www.scriptorium.d100.fr\/index.php?rest_route=\/wp\/v2\/pages\/36","targetHints":{"allow":["GET"]}}],"collection":[{"href":"https:\/\/www.scriptorium.d100.fr\/index.php?rest_route=\/wp\/v2\/pages"}],"about":[{"href":"https:\/\/www.scriptorium.d100.fr\/index.php?rest_route=\/wp\/v2\/types\/page"}],"author":[{"embeddable":true,"href":"https:\/\/www.scriptorium.d100.fr\/index.php?rest_route=\/wp\/v2\/users\/1"}],"replies":[{"embeddable":true,"href":"https:\/\/www.scriptorium.d100.fr\/index.php?rest_route=%2Fwp%2Fv2%2Fcomments&post=36"}],"version-history":[{"count":6,"href":"https:\/\/www.scriptorium.d100.fr\/index.php?rest_route=\/wp\/v2\/pages\/36\/revisions"}],"predecessor-version":[{"id":1106,"href":"https:\/\/www.scriptorium.d100.fr\/index.php?rest_route=\/wp\/v2\/pages\/36\/revisions\/1106"}],"up":[{"embeddable":true,"href":"https:\/\/www.scriptorium.d100.fr\/index.php?rest_route=\/wp\/v2\/pages\/41"}],"wp:featuredmedia":[{"embeddable":true,"href":"https:\/\/www.scriptorium.d100.fr\/index.php?rest_route=\/wp\/v2\/media\/128"}],"wp:attachment":[{"href":"https:\/\/www.scriptorium.d100.fr\/index.php?rest_route=%2Fwp%2Fv2%2Fmedia&parent=36"}],"curies":[{"name":"wp","href":"https:\/\/api.w.org\/{rel}","templated":true}]}}