{"id":35,"date":"2015-11-18T08:27:06","date_gmt":"2015-11-18T07:27:06","guid":{"rendered":"http:\/\/www.scriptorium.d100.fr\/?page_id=35"},"modified":"2020-10-07T18:54:07","modified_gmt":"2020-10-07T17:54:07","slug":"avatar-jdr","status":"publish","type":"page","link":"https:\/\/www.scriptorium.d100.fr\/?page_id=35","title":{"rendered":"Avatar JDR"},"content":{"rendered":"<h1 style=\"text-align: left;\" align=\"center\"><a href=\"http:\/\/www.scriptorium.d100.fr\/wp-content\/uploads\/archives-scriptorium\/jeux_complets\/Avatar.zip\">T\u00e9l\u00e9charger l&rsquo;archive<\/a><\/h1>\n<p style=\"text-align: left;\" align=\"center\"><strong>Auteur<\/strong> : Thaddeus<\/p>\n<hr \/>\n<p style=\"text-align: left;\" align=\"center\"><strong>Avatar JDR<\/strong> est un jeu de r\u00f4le amateur s\u2019adressant en priorit\u00e9 aux jeunes, mais aussi aux moins jeunes, d\u00e9sirant jouer dans une atmosph\u00e8re l\u00e9g\u00e8re, proche de la s\u00e9rie du m\u00eame nom. Le syst\u00e8me est con\u00e7u pour \u00eatre simple et abordable pour tous. Il suffit d\u2019avoir un d\u00e9 \u00e0 six faces, une fiche de personnage par joueur et un conteur.<\/p>\n<p>Les r\u00e8gles ont \u00e9t\u00e9 con\u00e7ues dans un souci de simplification favorisant l\u2019incarnation du personnage. L\u2019utilisation du d\u00e9 6 est la repr\u00e9sentation de la chance\/malchance et du stress. Oubliez les r\u00e9ussites ou \u00e9checs critiques, la diff\u00e9rence entre le seuil de r\u00e9ussite et le r\u00e9sultat du jet donne l\u2019importance de la r\u00e9ussite ou la gravit\u00e9 de l\u2019\u00e9chec.<\/p>\n<p style=\"text-align: left;\" align=\"center\">Vous pourrez prendre connaissance de l\u2019univers en regardant le dessin anim\u00e9 <strong>Avatar, le Dernier Ma\u00eetre de l\u2019Air<\/strong>. Celui-ci se compose de trois livres : Eau, Terre et Feu, soit 61 \u00e9pisodes au total. Pleine d\u2019humour et de trouvailles sc\u00e9naristiques, cette s\u00e9rie fut imagin\u00e9e et cr\u00e9\u00e9e par Michael Dante DiMartino et Bryan Konietzko. Le monde est impr\u00e9gn\u00e9 de culture asiatique. Le peuple de l\u2019Air correspond graphiquement et symboliquement aux tib\u00e9tains et n\u00e9palais, le peuple de l\u2019Eau aux inuits, le peuple du Feu aux japonais et le peuple de la Terre aux chinois. Les personnages sont attachants, ayant tous une histoire personnelle tourment\u00e9e laissant la place \u00e0 la r\u00e9demption.<\/p>\n<p style=\"text-align: left;\">Ce document de 47 pages comprend toutes les r\u00e8gles utiles pour jouer \u00e0 Avatar JDR. Vous y trouverez les r\u00e8gles de cr\u00e9ation de personnage, d&rsquo;arts martiaux et d&rsquo;\u00e9quipement, mais aussi des informations sur les \u00e9l\u00e9ments, les organisations du monde, un bestiaire et des conseils de cr\u00e9ation de PNJ.<\/p>\n","protected":false},"excerpt":{"rendered":"<p>T\u00e9l\u00e9charger l&rsquo;archive Auteur : Thaddeus Avatar JDR est un jeu de r\u00f4le amateur s\u2019adressant en priorit\u00e9 aux jeunes, mais aussi aux moins jeunes, d\u00e9sirant jouer dans une atmosph\u00e8re l\u00e9g\u00e8re, proche de la s\u00e9rie du m\u00eame nom. Le syst\u00e8me est con\u00e7u pour \u00eatre simple et abordable pour tous. Il suffit d\u2019avoir un d\u00e9 \u00e0 six faces, [&hellip;]<\/p>\n","protected":false},"author":1,"featured_media":0,"parent":41,"menu_order":0,"comment_status":"closed","ping_status":"closed","template":"","meta":{"jetpack_post_was_ever_published":false,"footnotes":""},"class_list":["post-35","page","type-page","status-publish","hentry"],"jetpack_sharing_enabled":true,"jetpack_shortlink":"https:\/\/wp.me\/P6Zja8-z","_links":{"self":[{"href":"https:\/\/www.scriptorium.d100.fr\/index.php?rest_route=\/wp\/v2\/pages\/35","targetHints":{"allow":["GET"]}}],"collection":[{"href":"https:\/\/www.scriptorium.d100.fr\/index.php?rest_route=\/wp\/v2\/pages"}],"about":[{"href":"https:\/\/www.scriptorium.d100.fr\/index.php?rest_route=\/wp\/v2\/types\/page"}],"author":[{"embeddable":true,"href":"https:\/\/www.scriptorium.d100.fr\/index.php?rest_route=\/wp\/v2\/users\/1"}],"replies":[{"embeddable":true,"href":"https:\/\/www.scriptorium.d100.fr\/index.php?rest_route=%2Fwp%2Fv2%2Fcomments&post=35"}],"version-history":[{"count":12,"href":"https:\/\/www.scriptorium.d100.fr\/index.php?rest_route=\/wp\/v2\/pages\/35\/revisions"}],"predecessor-version":[{"id":82,"href":"https:\/\/www.scriptorium.d100.fr\/index.php?rest_route=\/wp\/v2\/pages\/35\/revisions\/82"}],"up":[{"embeddable":true,"href":"https:\/\/www.scriptorium.d100.fr\/index.php?rest_route=\/wp\/v2\/pages\/41"}],"wp:attachment":[{"href":"https:\/\/www.scriptorium.d100.fr\/index.php?rest_route=%2Fwp%2Fv2%2Fmedia&parent=35"}],"curies":[{"name":"wp","href":"https:\/\/api.w.org\/{rel}","templated":true}]}}