{"id":335,"date":"2015-11-20T16:16:27","date_gmt":"2015-11-20T15:16:27","guid":{"rendered":"http:\/\/www.scriptorium.d100.fr\/?page_id=335"},"modified":"2020-10-07T17:39:41","modified_gmt":"2020-10-07T16:39:41","slug":"uruk","status":"publish","type":"page","link":"https:\/\/www.scriptorium.d100.fr\/?page_id=335","title":{"rendered":"Uruk"},"content":{"rendered":"<h1><a href=\"http:\/\/www.scriptorium.d100.fr\/wp-content\/uploads\/archives-scriptorium\/jeux_complets\/Uruk.zip\">T\u00e9l\u00e9charger l&rsquo;archive (version normale + print-friendly)<\/a><\/h1>\n<p><strong>Auteur<\/strong> : Olivier Dubreuil<\/p>\n<hr \/>\n<p><a href=\"http:\/\/dices.over-blog.com\/article-21269126.html\">Description tir\u00e9e du blog Dices Everywhere<\/a><\/p>\n<p><strong>\u00ab\u00a0<\/strong><em>URUK<\/em> est un JDRA historique\u00a0de 96 pages, abondamment document\u00e9 et qui\u00a0propose aux joueurs d&rsquo;incarner des personnages m\u00e9sopotamiens !<\/p>\n<p>Avec lui,\u00a0vos joueurs vont pouvoir remonter avec vous jusqu&rsquo;\u00e0 l&rsquo;Aube des Temps, puisque la civilisation sum\u00e9rienne (ou sum\u00e9ro-akkadienne, pour reprendre l&rsquo;un des termes employ\u00e9s dans le jeu)\u00a0est consid\u00e9r\u00e9e comme <em>la\u00a0plus ancienne connue<\/em> <em>actuellement<\/em>, ant\u00e9rieure \u00e0 celles de l&rsquo;Egypte et de la Chine Antique ! Son syst\u00e8me d&rsquo;\u00e9criture, notamment, serait le tout premier connu dans l&rsquo;\u00e9tat actuel des recherches historiques, <em>au monde<\/em> !<\/p>\n<p>Enfin, cette civilisation extr\u00eamement riche et raffin\u00e9e nous a l\u00e9gu\u00e9 des r\u00e9cits l\u00e9gendaires qui ont surv\u00e9cu jusqu&rsquo;\u00e0 nous, notamment l&rsquo;odyss\u00e9e de <a href=\"http:\/\/fr.wikipedia.org\/wiki\/Gilgamesh\"><em>Gilgamesh<\/em><\/a>\u00a0(voir aussi\u00a0<a href=\"http:\/\/fr.wikipedia.org\/wiki\/%C3%89pop%C3%A9e_de_Gilgamesh\">ici<\/a> et\u00a0<a href=\"http:\/\/www.herodote.net\/histoire\/evenement.php?jour=-26000000\">l\u00e0<\/a>).<\/p>\n<p>Mais <em>URUK<\/em> ne s&rsquo;arr\u00eate pas \u00e0 ces consid\u00e9rations et d\u00e9crit en d\u00e9tail cette civilisation avec l&rsquo;objectif de la rendre abordable (et donc jouable) par le r\u00f4liste moyen du XXIe si\u00e8cle.<\/p>\n<p>L&rsquo;aspect fantastique n&rsquo;est pas n\u00e9glig\u00e9 : magie divine, rituels, exorcismes et n\u00e9cromancie, monstres et d\u00e9mons sont d\u00e9crits dans le jeu.<\/p>\n<p>Le syst\u00e8me de r\u00e8gles \u00e9tant celui de <a href=\"http:\/\/dices.over-blog.com\/article-20348967.html\">Basic<\/a>, je ne m&rsquo;attarderais pas dessus. Ce sont, je le r\u00e9p\u00e8te,\u00a0des r\u00e8gles simples et extr\u00eamement intuitives, faciles \u00e0 assimiler et \u00e0 expliquer, id\u00e9ales pour l&rsquo;initiation. Et si, malgr\u00e9 tous ces m\u00e9rites,\u00a0elles ne vous convenaient pas, il est ais\u00e9 de les remplacer par vos r\u00e8gles favorites.<\/p>\n<p>Enfin, les annexes fourmillent de petites astuces sympathiques : id\u00e9es de noms propres, propositions de sc\u00e9narios, syst\u00e8me alternatif de tirages des d\u00e9s (avec des D60 au lieu du D%), personnages pr\u00e9tir\u00e9s, etc.\u00a0\u00bb<\/p>\n<p><strong>Texte d&rsquo;Olivier Rousselin du blog <a href=\"http:\/\/dices.over-blog.com\">Dices Everywhere<\/a><\/strong><\/p>\n","protected":false},"excerpt":{"rendered":"<p>T\u00e9l\u00e9charger l&rsquo;archive (version normale + print-friendly) Auteur : Olivier Dubreuil Description tir\u00e9e du blog Dices Everywhere \u00ab\u00a0URUK est un JDRA historique\u00a0de 96 pages, abondamment document\u00e9 et qui\u00a0propose aux joueurs d&rsquo;incarner des personnages m\u00e9sopotamiens ! Avec lui,\u00a0vos joueurs vont pouvoir remonter avec vous jusqu&rsquo;\u00e0 l&rsquo;Aube des Temps, puisque la civilisation sum\u00e9rienne (ou sum\u00e9ro-akkadienne, pour reprendre l&rsquo;un [&hellip;]<\/p>\n","protected":false},"author":1,"featured_media":342,"parent":41,"menu_order":0,"comment_status":"closed","ping_status":"closed","template":"","meta":{"footnotes":""},"class_list":["post-335","page","type-page","status-publish","has-post-thumbnail","hentry"],"jetpack_sharing_enabled":true,"jetpack_shortlink":"https:\/\/wp.me\/P6Zja8-5p","_links":{"self":[{"href":"https:\/\/www.scriptorium.d100.fr\/index.php?rest_route=\/wp\/v2\/pages\/335","targetHints":{"allow":["GET"]}}],"collection":[{"href":"https:\/\/www.scriptorium.d100.fr\/index.php?rest_route=\/wp\/v2\/pages"}],"about":[{"href":"https:\/\/www.scriptorium.d100.fr\/index.php?rest_route=\/wp\/v2\/types\/page"}],"author":[{"embeddable":true,"href":"https:\/\/www.scriptorium.d100.fr\/index.php?rest_route=\/wp\/v2\/users\/1"}],"replies":[{"embeddable":true,"href":"https:\/\/www.scriptorium.d100.fr\/index.php?rest_route=%2Fwp%2Fv2%2Fcomments&post=335"}],"version-history":[{"count":4,"href":"https:\/\/www.scriptorium.d100.fr\/index.php?rest_route=\/wp\/v2\/pages\/335\/revisions"}],"predecessor-version":[{"id":1093,"href":"https:\/\/www.scriptorium.d100.fr\/index.php?rest_route=\/wp\/v2\/pages\/335\/revisions\/1093"}],"up":[{"embeddable":true,"href":"https:\/\/www.scriptorium.d100.fr\/index.php?rest_route=\/wp\/v2\/pages\/41"}],"wp:featuredmedia":[{"embeddable":true,"href":"https:\/\/www.scriptorium.d100.fr\/index.php?rest_route=\/wp\/v2\/media\/342"}],"wp:attachment":[{"href":"https:\/\/www.scriptorium.d100.fr\/index.php?rest_route=%2Fwp%2Fv2%2Fmedia&parent=335"}],"curies":[{"name":"wp","href":"https:\/\/api.w.org\/{rel}","templated":true}]}}