{"id":29,"date":"2015-11-18T07:13:53","date_gmt":"2015-11-18T06:13:53","guid":{"rendered":"http:\/\/www.scriptorium.d100.fr\/?page_id=29"},"modified":"2024-07-09T17:11:30","modified_gmt":"2024-07-09T16:11:30","slug":"lecritoire","status":"publish","type":"page","link":"https:\/\/www.scriptorium.d100.fr\/?page_id=29","title":{"rendered":"\u00c9critoire"},"content":{"rendered":"\n<blockquote class=\"wp-block-quote is-layout-flow wp-block-quote-is-layout-flow\">\n<p>L\u2019<b>\u00e9critoire<\/b>, du latin <i>scriptorium<\/i>, est un objet (au sens large du terme) qui rassemble tout le n\u00e9cessaire \u00e0 l\u2019\u00e9criture.<\/p>\n<\/blockquote>\n\n\n\n<p>Vous trouverez ici des conseils et des retours d&rsquo;exp\u00e9rience sur l&rsquo;auto-publication. <\/p>\n\n\n\n<hr class=\"wp-block-separator has-alpha-channel-opacity\"\/>\n\n\n\n<h4 class=\"wp-block-heading\">Auto-publication (articles d&rsquo;Olivier Boyaval repris de son ancien blog Terd Seglet)<\/h4>\n\n\n\n<ul class=\"wp-block-list\">\n<li><a href=\"https:\/\/www.scriptorium.d100.fr\/?page_id=1155\" data-type=\"page\" data-id=\"1155\">Introduction \u00e0 l&rsquo;auto-publication<\/a><\/li>\n\n\n\n<li><a href=\"https:\/\/www.scriptorium.d100.fr\/?page_id=1157\" data-type=\"page\" data-id=\"1157\">Les licences (libres ou non) et le droit d&rsquo;auteur<\/a><\/li>\n\n\n\n<li>Les supports de diffusion :\n<ul class=\"wp-block-list\">\n<li><a href=\"https:\/\/www.scriptorium.d100.fr\/?page_id=1161\" data-type=\"page\" data-id=\"1161\">Le num\u00e9rique<\/a><\/li>\n\n\n\n<li><a href=\"https:\/\/www.scriptorium.d100.fr\/?page_id=1159\" data-type=\"page\" data-id=\"1159\">L&rsquo;impression \u00e0 la demande<\/a><\/li>\n<\/ul>\n<\/li>\n<\/ul>\n\n\n\n<hr class=\"wp-block-separator has-alpha-channel-opacity\"\/>\n\n\n\n<h4 class=\"wp-block-heading\">Retours d&rsquo;exp\u00e9riences<\/h4>\n\n\n\n<ul class=\"wp-block-list\">\n<li><a href=\"https:\/\/www.scriptorium.d100.fr\/?page_id=1166\" data-type=\"page\" data-id=\"1166\">Retour sur 5 ans de conception de couverture<\/a><\/li>\n<\/ul>\n","protected":false},"excerpt":{"rendered":"<p>L\u2019\u00e9critoire, du latin scriptorium, est un objet (au sens large du terme) qui rassemble tout le n\u00e9cessaire \u00e0 l\u2019\u00e9criture. Vous trouverez ici des conseils et des retours d&rsquo;exp\u00e9rience sur l&rsquo;auto-publication. Auto-publication (articles d&rsquo;Olivier Boyaval repris de son ancien blog Terd Seglet) Retours d&rsquo;exp\u00e9riences<\/p>\n","protected":false},"author":1,"featured_media":560,"parent":0,"menu_order":0,"comment_status":"closed","ping_status":"closed","template":"","meta":{"footnotes":""},"class_list":["post-29","page","type-page","status-publish","has-post-thumbnail","hentry"],"jetpack_sharing_enabled":true,"jetpack_shortlink":"https:\/\/wp.me\/P6Zja8-t","_links":{"self":[{"href":"https:\/\/www.scriptorium.d100.fr\/index.php?rest_route=\/wp\/v2\/pages\/29","targetHints":{"allow":["GET"]}}],"collection":[{"href":"https:\/\/www.scriptorium.d100.fr\/index.php?rest_route=\/wp\/v2\/pages"}],"about":[{"href":"https:\/\/www.scriptorium.d100.fr\/index.php?rest_route=\/wp\/v2\/types\/page"}],"author":[{"embeddable":true,"href":"https:\/\/www.scriptorium.d100.fr\/index.php?rest_route=\/wp\/v2\/users\/1"}],"replies":[{"embeddable":true,"href":"https:\/\/www.scriptorium.d100.fr\/index.php?rest_route=%2Fwp%2Fv2%2Fcomments&post=29"}],"version-history":[{"count":17,"href":"https:\/\/www.scriptorium.d100.fr\/index.php?rest_route=\/wp\/v2\/pages\/29\/revisions"}],"predecessor-version":[{"id":1169,"href":"https:\/\/www.scriptorium.d100.fr\/index.php?rest_route=\/wp\/v2\/pages\/29\/revisions\/1169"}],"wp:featuredmedia":[{"embeddable":true,"href":"https:\/\/www.scriptorium.d100.fr\/index.php?rest_route=\/wp\/v2\/media\/560"}],"wp:attachment":[{"href":"https:\/\/www.scriptorium.d100.fr\/index.php?rest_route=%2Fwp%2Fv2%2Fmedia&parent=29"}],"curies":[{"name":"wp","href":"https:\/\/api.w.org\/{rel}","templated":true}]}}