{"id":283,"date":"2015-11-19T15:35:56","date_gmt":"2015-11-19T14:35:56","guid":{"rendered":"http:\/\/www.scriptorium.d100.fr\/?page_id=283"},"modified":"2020-10-07T17:29:46","modified_gmt":"2020-10-07T16:29:46","slug":"elric-et-hawkmoon","status":"publish","type":"page","link":"https:\/\/www.scriptorium.d100.fr\/?page_id=283","title":{"rendered":"Elric et Hawkmoon"},"content":{"rendered":"<h1><a href=\"http:\/\/www.scriptorium.d100.fr\/wp-content\/uploads\/archives-scriptorium\/runequest\/Elric+Hawkmoon.zip\">T\u00e9l\u00e9charger l&rsquo;archive<\/a><\/h1>\n<hr \/>\n<p>Pas mal de mat\u00e9riel pour les jeux Elric de Melnibon\u00e9 et Hawkmoon publi\u00e9s par Mongoose Publishing et utilisant le syst\u00e8me de r\u00e8gles de la premi\u00e8re \u00e9dition de RuneQuest version Mongoose. Vous trouverez notamment le dernier num\u00e9ro de l&rsquo;excellent fanzine Lance-Feu ainsi que la traduction d&rsquo;une superbe campagne Hawkmoon.<\/p>\n<h1>Contenu de l&rsquo;archive<\/h1>\n<h2>Elric<\/h2>\n<h3>Aides de jeu<\/h3>\n<h4>Exploration des Jeunes Royaumes<\/h4>\n<p><i>Par Laurence Whitaker,<br \/>\ntraduit par <a href=\"http:\/\/forum.le-scriptorium.com\/index.php?act=Profile&amp;MID=220\">Arasmo<\/a> &amp; <a href=\"http:\/\/forum.le-scriptorium.com\/index.php?act=Profile&amp;MID=315\">Kurgan<\/a><a href=\"http:\/\/forum.le-scriptorium.com\/index.php?act=Profile&amp;MID=220\"><br \/>\n<\/a><\/i><br \/>\nCet article, extrait de <i>Signs &amp; Portents n\u00b050<\/i>, explore deux cit\u00e9s des Jeunes Royaumes mentionn\u00e9es dans le roman <i>La Fille du Voleur de R\u00eaves<\/i> et la nouvelle <i>Un Portrait en Ivoire<\/i>.La premi\u00e8re ville, Cesh, n\u2019a re\u00e7u rien d\u2019autre qu\u2019un nom et une br\u00e8ve mention. Alors que la seconde, S\u00e9red \u00d6ma, est plus d\u00e9taill\u00e9e et ajoute un nouveau peuple, les Na\u2019\u00e4ne, au monde d\u2019Elric.<\/p>\n<h4>Guide du joueur<\/h4>\n<p><i>Par <a href=\"http:\/\/forum.le-scriptorium.com\/index.php?showuser=2190\">Mandragorus<\/a><a href=\"http:\/\/forum.le-scriptorium.com\/index.php?act=Profile&amp;MID=220\"><br \/>\n<\/a><\/i><br \/>\nLivr\u00e9 avec une carte et une fiche de personnage, ce guide facilitera les premiers de vos joueurs dans le monde d&rsquo;Elric, gr\u00e2ce \u00e0 une pr\u00e9sentation concise des diff\u00e9rents peuples des Jeunes Royaumes.Le guide propose une cr\u00e9ation de personnage l\u00e9g\u00e8rement diff\u00e9rente du jeu original : le choix d&rsquo;un peuple permet d&rsquo;obtenir des bonus sp\u00e9cifiques et donne acc\u00e8s \u00e0 un certain nombre d&rsquo;origines culturelles.<\/p>\n<h4>Imenthi&rsquo;er, le cimeti\u00e8re des dragons de Melnibon\u00e9<\/h4>\n<p><i>Par Laurence Whitaker,<br \/>\ntraduit par <a href=\"http:\/\/forum.le-scriptorium.com\/index.php?act=Profile&amp;MID=315\">Kurgan<\/a><a href=\"http:\/\/forum.le-scriptorium.com\/index.php?act=Profile&amp;MID=220\"><br \/>\n<\/a><\/i><br \/>\nImenthi\u2019er est un mot du Haut idiome Melnibon\u00e9en d\u00e9signant \u00e0 la fois une c\u00e9r\u00e9monie et un endroit. La c\u00e9r\u00e9monie est la pr\u00e9paration et le transport du corps d&rsquo;un dragon \u00e0 son lieu d\u2019inhumation ; quant \u00e0 l\u2019endroit, c\u2019est la vall\u00e9e secr\u00e8te, connue seulement des Seigneurs Dragons d\u2019Imrryr, o\u00f9 l\u2019on trouve les immenses tombeaux des dragons. Cet article, extrait de <i>Signs &amp; Portents n\u00b042,<\/i> d\u00e9taille Imenthi\u2019er, \u00e0 la fois rituel et lieu.<\/p>\n<h4>Liste de prix<\/h4>\n<p><i>Par Mandragorus, avec l&rsquo;aide de\u00a0<a href=\"http:\/\/forum.le-scriptorium.com\/index.php?act=Profile&amp;MID=315\">Kurgan<\/a><a href=\"http:\/\/forum.le-scriptorium.com\/index.php?act=Profile&amp;MID=220\"><br \/>\n<\/a><\/i><br \/>\nCe document fournit une liste de prix \u00e9tendue par rapport au livre de base d&rsquo;Elric de Melnibon\u00e9.<\/p>\n<h4>Le Mereghn<\/h4>\n<p><i>Par Laurence Whitaker,<br \/>\ntraduit par <a href=\"http:\/\/forum.le-scriptorium.com\/index.php?act=Profile&amp;MID=315\">Kurgan<\/a><a href=\"http:\/\/forum.le-scriptorium.com\/index.php?act=Profile&amp;MID=220\"><br \/>\n<\/a><\/i><br \/>\nCet article, extrait de <i>Signs &amp; Portents n\u00b056<\/i>, vous propose de d\u00e9couvrir les dessous d&rsquo;une des organisations criminelles les plus secr\u00e8tes, les plus puissantes et les plus sournoises des Jeunes Royaumes. Sp\u00e9cialis\u00e9 dans le recel d&rsquo;informations et l&rsquo;assassinat, le Mereghn est un immense r\u00e9seau d&rsquo;espionnage vendant ses services aux plus offrants et dot\u00e9 d&rsquo;une efficacit\u00e9 redoutable.<\/p>\n<h3>Sc\u00e9narios<\/h3>\n<h4>Les Chuchoteurs Affam\u00e9s<\/h4>\n<p><em>De <a href=\"http:\/\/forum.le-scriptorium.com\/index.php?showuser=2190\">Mandragorus<\/a><\/em><\/p>\n<p>Dans la cit\u00e9 d&rsquo;Obelorn, des enfants de familles s\u00e9natoriales disparaissent myst\u00e9rieusement alors que dans les parages r\u00f4dent des cr\u00e9atures inqui\u00e9tantes&#8230; Ce sc\u00e9nario pour Elric de Melnibon\u00e9 est pr\u00e9vu pour 3 \u00e0 5 personnages chevronn\u00e9s ou v\u00e9t\u00e9rans.<\/p>\n<h4>Une nuit agit\u00e9e<\/h4>\n<p><em>Par <a href=\"http:\/\/forum.le-scriptorium.com\/index.php?act=Profile&amp;MID=220\">Arasmo<\/a><br \/>\n<\/em>Ce petit sc\u00e9nario pr\u00e9vu pour deux joueurs peut servir d&rsquo;introduction \u00e0 Elric de Melnibon\u00e9. Les joueurs incarnent les enfants du s\u00e9nateur Domenico Saletti, une figure incontournable de la ville de Carlazzio (Karlaak). Une nuit, alors que la famille se repose dans un manoir \u00e0 quelques lieux de la ville, des cris d&rsquo;alarme r\u00e9veillent en sursaut les personnages&#8230;<\/p>\n<h2>Hawkmoon<\/h2>\n<h3>Aides de jeu<\/h3>\n<h4>Lance-feu n\u00b04<\/h4>\n<p>Le 4\u00e8me num\u00e9ro du Lancefeu, webzine r\u00e9f\u00e9rence du jeu de r\u00f4le Hawkmoon, concoct\u00e9 avec amour par l&rsquo;\u00e9quipe du LanceFeu. Au menu : une description d\u00e9taill\u00e9e de la Perse avec un sc\u00e9nario en prime, une aide de jeu sur les guildes, une autre sur les voyages, des guides sur Amin et Regsburg, une carte de Parye ! Bref, c&rsquo;est rempli \u00e0 ras bord de bonnes choses : vous aurez de quoi rendre le monde du Tragique Mill\u00e9naire plus passionnant que jamais !<\/p>\n<h4>Nouveaux ordres granbretons<\/h4>\n<p><i>Par Alan Oliver, traduit par <a href=\"http:\/\/forum.le-scriptorium.com\/index.php?showuser=1182\">Zaoutir<\/a><\/i><\/p>\n<p>Tous les ordres masqu\u00e9s de Granbretanne ne sont pas aussi importants et puissants que ceux d\u00e9taill\u00e9s dans le recueil <i>La Granbretanne<\/i>. Ici, nous d\u00e9crirons es ordres plus petits et sp\u00e9cifiques qui remplissent des r\u00f4les particuliers dans les arm\u00e9es de Granbretanne.<\/p>\n<h3>Campagne<\/h3>\n<h4>L&rsquo;\u00e9caille de vie<\/h4>\n<p><em>Par Richard Ford, traduit par <a href=\"http:\/\/forum.le-scriptorium.com\/index.php?showuser=1182\">Zaoutir<\/a><\/em><\/p>\n<p>Cette campagne en quatre parties est \u00e0 l&rsquo;origine issue des magazines <em>Signs &amp; Portents n\u00b0 52, 53, 54 &amp; 56<\/em>. Elle se d\u00e9roule autour de la d\u00e9couverte d\u2019un objet de sorcellerie qui a la capacit\u00e9 de gu\u00e9rir et parfois de ramener \u00e0 la vie. Les PJ se trouveront en possession de cet objet, et ils seront la cible de ceux qui le convoitent&#8230;<\/p>\n","protected":false},"excerpt":{"rendered":"<p>T\u00e9l\u00e9charger l&rsquo;archive Pas mal de mat\u00e9riel pour les jeux Elric de Melnibon\u00e9 et Hawkmoon publi\u00e9s par Mongoose Publishing et utilisant le syst\u00e8me de r\u00e8gles de la premi\u00e8re \u00e9dition de RuneQuest version Mongoose. Vous trouverez notamment le dernier num\u00e9ro de l&rsquo;excellent fanzine Lance-Feu ainsi que la traduction d&rsquo;une superbe campagne Hawkmoon. Contenu de l&rsquo;archive Elric Aides [&hellip;]<\/p>\n","protected":false},"author":1,"featured_media":517,"parent":276,"menu_order":0,"comment_status":"closed","ping_status":"closed","template":"","meta":{"jetpack_post_was_ever_published":false,"footnotes":""},"class_list":["post-283","page","type-page","status-publish","has-post-thumbnail","hentry"],"jetpack_sharing_enabled":true,"jetpack_shortlink":"https:\/\/wp.me\/P6Zja8-4z","_links":{"self":[{"href":"https:\/\/www.scriptorium.d100.fr\/index.php?rest_route=\/wp\/v2\/pages\/283","targetHints":{"allow":["GET"]}}],"collection":[{"href":"https:\/\/www.scriptorium.d100.fr\/index.php?rest_route=\/wp\/v2\/pages"}],"about":[{"href":"https:\/\/www.scriptorium.d100.fr\/index.php?rest_route=\/wp\/v2\/types\/page"}],"author":[{"embeddable":true,"href":"https:\/\/www.scriptorium.d100.fr\/index.php?rest_route=\/wp\/v2\/users\/1"}],"replies":[{"embeddable":true,"href":"https:\/\/www.scriptorium.d100.fr\/index.php?rest_route=%2Fwp%2Fv2%2Fcomments&post=283"}],"version-history":[{"count":6,"href":"https:\/\/www.scriptorium.d100.fr\/index.php?rest_route=\/wp\/v2\/pages\/283\/revisions"}],"predecessor-version":[{"id":1087,"href":"https:\/\/www.scriptorium.d100.fr\/index.php?rest_route=\/wp\/v2\/pages\/283\/revisions\/1087"}],"up":[{"embeddable":true,"href":"https:\/\/www.scriptorium.d100.fr\/index.php?rest_route=\/wp\/v2\/pages\/276"}],"wp:featuredmedia":[{"embeddable":true,"href":"https:\/\/www.scriptorium.d100.fr\/index.php?rest_route=\/wp\/v2\/media\/517"}],"wp:attachment":[{"href":"https:\/\/www.scriptorium.d100.fr\/index.php?rest_route=%2Fwp%2Fv2%2Fmedia&parent=283"}],"curies":[{"name":"wp","href":"https:\/\/api.w.org\/{rel}","templated":true}]}}