{"id":281,"date":"2015-11-19T15:50:15","date_gmt":"2015-11-19T14:50:15","guid":{"rendered":"http:\/\/www.scriptorium.d100.fr\/?page_id=281"},"modified":"2020-10-07T17:40:58","modified_gmt":"2020-10-07T16:40:58","slug":"tri-stat","status":"publish","type":"page","link":"https:\/\/www.scriptorium.d100.fr\/?page_id=281","title":{"rendered":"Tri-Stat"},"content":{"rendered":"<h1 style=\"text-align: left;\" align=\"right\"><a href=\"http:\/\/www.scriptorium.d100.fr\/wp-content\/uploads\/archives-scriptorium\/jeux_complets\/Tri-Stat.zip\">T\u00e9l\u00e9charger l&rsquo;archive<\/a><\/h1>\n<hr \/>\n<p style=\"text-align: left;\" align=\"right\"><i>Un syst\u00e8me de jeu de r\u00f4le, par Guardians of Order<\/i><\/p>\n<p>&nbsp;<\/p>\n<p><b>Tri-Stat<\/b> est un syst\u00e8me de jeu de r\u00f4le n\u00e9 au Canada, de l&rsquo;esprit prolifique de Marc MacKinnon et des nombreux collaborateurs de Guardians of Order, qui ont contribu\u00e9 peu \u00e0 peu \u00e0 cr\u00e9er les bases d&rsquo;un syst\u00e8me aujourd&rsquo;hui complet. Si Tri-Stat ne vous dit rien, vous avez peut-\u00eatre entendu parler de Big Eyes Small Mouths, le c\u00e9l\u00e8bre jeu \u00e0 la sauce <i>manga<\/i>, ou Silver Age Sentinels, le jeu de super-h\u00e9ros, ou encore Ghost Dog RPG, tir\u00e9 du film \u00e9ponyme&#8230; Le point commun de tous ces jeux ? Ils sont motoris\u00e9s par le m\u00eame syst\u00e8me, ou tout du moins ses racines et d\u00e9clinaisons : Tri-Stat.<\/p>\n<p>Malheureusement, il y a quelques ann\u00e9es, Guardians of Order a fait faillite et plus aucun de ces jeux ne b\u00e9n\u00e9ficie aujourd&rsquo;hui d&rsquo;un suivi commercial. Pourtant, Tri-Stat est un syst\u00e8me qui a beaucoup \u00e0 offrir, alors faites fi du funeste destin de GoO et faites-vous votre propre opinion ! Avec son syst\u00e8me de cr\u00e9ation par points complet mais intuitif, sa capacit\u00e9 \u00e0 s&rsquo;adapter \u00e0 tous les genres et toutes les ambiances, et ses nombreuses r\u00e8gles optionnelles permettant de faire de ce jeu le v\u00f4tre, vous serez forc\u00e9ment convaincu&#8230;<\/p>\n<p>Le livre de base, un recueil de r\u00e8gles g\u00e9n\u00e9rique de 135 pages intitul\u00e9 <b>Tri-Stat dX<\/b>, vous donne tous les ingr\u00e9dients n\u00e9cessaires pour jouer les aventures que vous voudrez, le tout en fran\u00e7ais. A l&rsquo;enrobage pr\u00e8s, ce document contient toute la m\u00e9canique derri\u00e8re de c\u00e9l\u00e8bres jeux tels que BESM, Silver Age Sentinels et autres Ex Machina&#8230;<\/p>\n","protected":false},"excerpt":{"rendered":"<p>T\u00e9l\u00e9charger l&rsquo;archive Un syst\u00e8me de jeu de r\u00f4le, par Guardians of Order &nbsp; Tri-Stat est un syst\u00e8me de jeu de r\u00f4le n\u00e9 au Canada, de l&rsquo;esprit prolifique de Marc MacKinnon et des nombreux collaborateurs de Guardians of Order, qui ont contribu\u00e9 peu \u00e0 peu \u00e0 cr\u00e9er les bases d&rsquo;un syst\u00e8me aujourd&rsquo;hui complet. Si Tri-Stat ne [&hellip;]<\/p>\n","protected":false},"author":1,"featured_media":0,"parent":41,"menu_order":0,"comment_status":"closed","ping_status":"closed","template":"","meta":{"jetpack_post_was_ever_published":false,"footnotes":""},"class_list":["post-281","page","type-page","status-publish","hentry"],"jetpack_sharing_enabled":true,"jetpack_shortlink":"https:\/\/wp.me\/P6Zja8-4x","_links":{"self":[{"href":"https:\/\/www.scriptorium.d100.fr\/index.php?rest_route=\/wp\/v2\/pages\/281","targetHints":{"allow":["GET"]}}],"collection":[{"href":"https:\/\/www.scriptorium.d100.fr\/index.php?rest_route=\/wp\/v2\/pages"}],"about":[{"href":"https:\/\/www.scriptorium.d100.fr\/index.php?rest_route=\/wp\/v2\/types\/page"}],"author":[{"embeddable":true,"href":"https:\/\/www.scriptorium.d100.fr\/index.php?rest_route=\/wp\/v2\/users\/1"}],"replies":[{"embeddable":true,"href":"https:\/\/www.scriptorium.d100.fr\/index.php?rest_route=%2Fwp%2Fv2%2Fcomments&post=281"}],"version-history":[{"count":3,"href":"https:\/\/www.scriptorium.d100.fr\/index.php?rest_route=\/wp\/v2\/pages\/281\/revisions"}],"predecessor-version":[{"id":1094,"href":"https:\/\/www.scriptorium.d100.fr\/index.php?rest_route=\/wp\/v2\/pages\/281\/revisions\/1094"}],"up":[{"embeddable":true,"href":"https:\/\/www.scriptorium.d100.fr\/index.php?rest_route=\/wp\/v2\/pages\/41"}],"wp:attachment":[{"href":"https:\/\/www.scriptorium.d100.fr\/index.php?rest_route=%2Fwp%2Fv2%2Fmedia&parent=281"}],"curies":[{"name":"wp","href":"https:\/\/api.w.org\/{rel}","templated":true}]}}