{"id":279,"date":"2015-11-19T15:10:01","date_gmt":"2015-11-19T14:10:01","guid":{"rendered":"http:\/\/www.scriptorium.d100.fr\/?page_id=279"},"modified":"2020-10-07T18:46:40","modified_gmt":"2020-10-07T17:46:40","slug":"runequest-4-ogl","status":"publish","type":"page","link":"https:\/\/www.scriptorium.d100.fr\/?page_id=279","title":{"rendered":"RuneQuest 4 OGL"},"content":{"rendered":"<h1><a href=\"http:\/\/www.scriptorium.d100.fr\/wp-content\/uploads\/archives-scriptorium\/jeux_complets\/Runequest4OGL.zip\">T\u00e9l\u00e9charger l&rsquo;archive<\/a><\/h1>\n<hr \/>\n<h1><strong>Important<br \/>\n<\/strong><\/h1>\n<p><strong> Tous les documents li\u00e9s \u00e0 RuneQuest 4 OGL sont r\u00e9serv\u00e9s \u00e0 un usage personnel. Mongoose, \u00e9diteur de Runequest 4 et diffuseur du document SRD originel, ne dispose plus de la licence Runequest depuis 2011. D&rsquo;apr\u00e8s Chaosium, propri\u00e9taire actuel de la marque RuneQuest, <span style=\"text-decoration: underline;\">la licence libre (OGL) de Runequest IV est donc caduque et ne peut servir \u00e0 publier du mat\u00e9riel<\/span> (jeu, suppl\u00e9ment, aide de jeu, etc.). <\/strong><\/p>\n<p><strong>Nous conservons l&rsquo;archive au cas o\u00f9 certains jouent toujours \u00e0 RQ4 en VF, mais aussi par nostalgie. Il est possible que nous soyons contraints de retirer ce fichier \u00e0 l&rsquo;avenir. Voir ce <a href=\"https:\/\/basicroleplaying.org\/topic\/9809-just-a-reminder-there-is-no-ogl-for-brp-rq-or-coc\/\">fil<\/a> (en anglais) pour plus d\u2019informations.<br \/>\n<\/strong><\/p>\n<h2>Historique de la VF<\/h2>\n<p>En 2006, \u00ab Mongoose Publishing \u00bb mettait en ligne le \u00ab RuneQuest SRD\u00a0\u00bb et le \u00ab Companion SRD \u00bb sous licence OGL (Open Game Licence).<\/p>\n<p>Le 24 mars 2007, James \u00ab\u00a0Arasmo\u00a0\u00bb posta un appel pour obtenir de l&rsquo;aide pour la traduction de RuneQuest IV.<\/p>\n<p>Le 30 aout, Erik le rejoignait dans son travail.<\/p>\n<p>Le 15 octobre 2007, une premi\u00e8re version enti\u00e8rement traduite \u00e9tait disponible et un appel \u00e0 relecture fut lan\u00e7\u00e9. Plusieurs relecteurs se sont signal\u00e9s : Alban \u00ab\u00a0Mugen\u00a0\u00bb de Rostolan, David Hodent, Enst Brun, Fabrice Caillol, Gianni Vacca, Samuel \u00ab\u00a0Chaviro\u00a0\u00bb, Christophe \u00ab\u00a0Zaoutir\u00a0\u00bb Deneux, Ernst Brun, St\u00e9phane Delafosse.<\/p>\n<p>Gr\u00e2ce \u00e0 leur concours, et apr\u00e8s de nombreuses discussions et bien des votes, nous avons pu significativement am\u00e9liorer la qualit\u00e9 de notre document.<\/p>\n<p>Aujourd&rsquo;hui, nous sommes heureux de vous proposer la version finale de tout ce travail.<\/p>\n<p>En 2006, \u00ab Mongoose Publishing \u00bb mettait en ligne le \u00ab RuneQuest SRD \u00bb et le \u00ab Companion SRD \u00bb sous licence OGL (Open Game Licence) :<br \/>\n<a href=\"http:\/\/www.mongoosepublishing.com\/rpg\/series.php?qsSeries=39\">http:\/\/www.mongoosepublishing.com\/rpg\/series.php?qsSeries=39<\/a><\/p>\n<p>Le 24 mars 2007, James \u00ab\u00a0Arasmo\u00a0\u00bb posta un appel pour obtenir de l&rsquo;aide pour la traduction de RuneQuest IV.<\/p>\n<p>Le 30 aout, Erik le rejoignait dans son travail.<\/p>\n<p>Le 15 octobre 2007, une premi\u00e8re version enti\u00e8rement traduite \u00e9tait disponible et un appel \u00e0 relecture fut lan\u00e7\u00e9. Plusieurs relecteurs se sont signal\u00e9s : Alban \u00ab\u00a0Mugen\u00a0\u00bb de Rostolan, David Hodent, Enst Brun, Fabrice Caillol, Gianni Vacca, Samuel \u00ab\u00a0Chaviro\u00a0\u00bb, Christophe \u00ab\u00a0Zaoutir\u00a0\u00bb Deneux, Ernst Brun, St\u00e9phane Delafosse.<\/p>\n<p>Gr\u00e2ce \u00e0 leur concours, et apr\u00e8s de nombreuses discussions et bien des votes, nous avons pu significativement am\u00e9liorer la qualit\u00e9 de notre document.<\/p>\n<p>Aujourd&rsquo;hui, nous sommes heureux de vous proposer la version finale de tout ce travail.<\/p>\n<h1>Contenu de l&rsquo;archive<\/h1>\n<h3>Les R\u00e8gles sous licence OGL<\/h3>\n<p><em>Par James &amp; \u00c9rik<\/em><br \/>\nCe document est la traduction de la compilation du \u00ab RuneQuest SRD \u00bb et du \u00ab Companion SRD \u00bb.Vous pouvez le t\u00e9l\u00e9charger au format Pdf ou au format OpenOffice.Les polices utilis\u00e9es dans ce document sont aussi t\u00e9l\u00e9chargeables en bas de page.<\/p>\n<h3><em>L&rsquo;\u00c9cran du Ma\u00eetre de Jeu sous licence OGL<\/em><\/h3>\n<p><em>Par James &amp; \u00c9rik<\/em><br \/>\nCe document est une compilation des tableaux n\u00e9cessaires pour jouer \u00e0 RuneQuest 4.Vous pouvez le t\u00e9l\u00e9charger au format Pdf ou au format OpenOffice.Les polices utilis\u00e9es dans ce document sont aussi t\u00e9l\u00e9chargeables en bas de page.<\/p>\n<h3>Un lexique de nos choix de traduction<\/h3>\n<p><em>Par James &amp; \u00c9rik<\/em><br \/>\nCe document est un lexique des choix que nous avons pris pendant la traduction des r\u00e8gles.Vous pouvez le t\u00e9l\u00e9charger au format Pdf ou au format OpenOffice.<\/p>\n<h3>R\u00e8gles de combat avec tests d&rsquo;Opposition<\/h3>\n<p><em>Par James <\/em><br \/>\nLes \u00ab R\u00e8gles de Combat avec Tests d\u2019Opposition \u00bb apportent un r\u00e9el plus \u00e0 RuneQuest IV, mais comme elles ne sont pas sous licence OGL (Open Game License), nous ne pouvions les inclure dans les R\u00e8gles OGL. N\u00e9anmoins nous vous les proposons dans un format permettant leur inclusion \u00e0 titre personnel.<br \/>\n<strong> ATTENTION<\/strong>, dans ce cas, vous n&rsquo;aurez plus le droit de distribuer le document. Vous devrez retirer les mentions li\u00e9es \u00e0 la licence OGL (sur la premi\u00e8re et la derni\u00e8re page des R\u00e8gles OGL). Le document ne pourra alors \u00eatre utilis\u00e9 qu&rsquo;\u00e0 titre personnel.<\/p>\n<h3>Sept nouveaux Sorts de Magie Runique<\/h3>\n<p><em>Par James<\/em><\/p>\n<p>De quoi vous offrir de nouvelles options et d\u00e9velopper votre arsenal. Vous pouvez les t\u00e9l\u00e9charger au format Pdf ou au format OpenOffice. Les polices utilis\u00e9es dans ce document sont aussi t\u00e9l\u00e9chargeables en bas de page.<\/p>\n<h3>L&rsquo;\u00e2me des armes<\/h3>\n<p><em>Par\u00a0\u00c9rik<\/em><br \/>\nCe document est une proposition pour g\u00e9rer les armes poss\u00e9dant une \u00e2me.Les polices utilis\u00e9es dans ce document sont aussi t\u00e9l\u00e9chargeables en bas de page.<\/p>\n<h3>La Compl\u00e8te<\/h3>\n<p><em>Par James &amp; \u00c9rik<\/em><br \/>\nLe tout peut \u00eatre t\u00e9l\u00e9charg\u00e9 au format zip. Cette archive contient tous les documents au format Acrobat (Pdf), tous les documents sources au format Open Document Text (odt) \u00e9ditables par Open Office 2.4.0 et toutes les polices.<\/p>\n<h1>Les Polices<\/h1>\n<ul>\n<li>La police \u00ab\u00a0Tolkien\u00a0\u00bb utilis\u00e9e pour les titres.<\/li>\n<li>La police \u00ab\u00a0MRQRUNES\u00a0\u00bb utilis\u00e9e pour les runes.<\/li>\n<\/ul>\n","protected":false},"excerpt":{"rendered":"<p>T\u00e9l\u00e9charger l&rsquo;archive Important Tous les documents li\u00e9s \u00e0 RuneQuest 4 OGL sont r\u00e9serv\u00e9s \u00e0 un usage personnel. Mongoose, \u00e9diteur de Runequest 4 et diffuseur du document SRD originel, ne dispose plus de la licence Runequest depuis 2011. D&rsquo;apr\u00e8s Chaosium, propri\u00e9taire actuel de la marque RuneQuest, la licence libre (OGL) de Runequest IV est donc caduque [&hellip;]<\/p>\n","protected":false},"author":1,"featured_media":515,"parent":41,"menu_order":0,"comment_status":"closed","ping_status":"closed","template":"","meta":{"jetpack_post_was_ever_published":false,"footnotes":""},"class_list":["post-279","page","type-page","status-publish","has-post-thumbnail","hentry"],"jetpack_sharing_enabled":true,"jetpack_shortlink":"https:\/\/wp.me\/P6Zja8-4v","_links":{"self":[{"href":"https:\/\/www.scriptorium.d100.fr\/index.php?rest_route=\/wp\/v2\/pages\/279","targetHints":{"allow":["GET"]}}],"collection":[{"href":"https:\/\/www.scriptorium.d100.fr\/index.php?rest_route=\/wp\/v2\/pages"}],"about":[{"href":"https:\/\/www.scriptorium.d100.fr\/index.php?rest_route=\/wp\/v2\/types\/page"}],"author":[{"embeddable":true,"href":"https:\/\/www.scriptorium.d100.fr\/index.php?rest_route=\/wp\/v2\/users\/1"}],"replies":[{"embeddable":true,"href":"https:\/\/www.scriptorium.d100.fr\/index.php?rest_route=%2Fwp%2Fv2%2Fcomments&post=279"}],"version-history":[{"count":10,"href":"https:\/\/www.scriptorium.d100.fr\/index.php?rest_route=\/wp\/v2\/pages\/279\/revisions"}],"predecessor-version":[{"id":1096,"href":"https:\/\/www.scriptorium.d100.fr\/index.php?rest_route=\/wp\/v2\/pages\/279\/revisions\/1096"}],"up":[{"embeddable":true,"href":"https:\/\/www.scriptorium.d100.fr\/index.php?rest_route=\/wp\/v2\/pages\/41"}],"wp:featuredmedia":[{"embeddable":true,"href":"https:\/\/www.scriptorium.d100.fr\/index.php?rest_route=\/wp\/v2\/media\/515"}],"wp:attachment":[{"href":"https:\/\/www.scriptorium.d100.fr\/index.php?rest_route=%2Fwp%2Fv2%2Fmedia&parent=279"}],"curies":[{"name":"wp","href":"https:\/\/api.w.org\/{rel}","templated":true}]}}