{"id":276,"date":"2015-11-19T15:35:46","date_gmt":"2015-11-19T14:35:46","guid":{"rendered":"http:\/\/www.scriptorium.d100.fr\/?page_id=276"},"modified":"2020-10-07T17:35:00","modified_gmt":"2020-10-07T16:35:00","slug":"runequest","status":"publish","type":"page","link":"https:\/\/www.scriptorium.d100.fr\/?page_id=276","title":{"rendered":"RuneQuest"},"content":{"rendered":"<h1><a href=\"http:\/\/www.scriptorium.d100.fr\/wp-content\/uploads\/archives-scriptorium\/runequest\/Runequest.zip\">T\u00e9l\u00e9chargez l&rsquo;archive<\/a><\/h1>\n<hr \/>\n<p>Voici des aides de jeu et des sc\u00e9narios pour la premi\u00e8re et la deuxi\u00e8me \u00e9dition de RuneQuest, toutes deux publi\u00e9es par Mongoose Publishing.<\/p>\n<p>La version OGL des r\u00e8gles de la premi\u00e8re \u00e9dition de RuneQuest Mongoose sont disponibles <a href=\"http:\/\/www.scriptorium.d100.fr\/index.php\/archives\/jeux-heberges-2\/runequest-4-ogl\/\">ici<\/a>.<\/p>\n<p>Les aides de jeu et les sc\u00e9narios pour les jeux Elric de Melnibon\u00e9 et Hawkmoon (r\u00e8gles de la 1\u00e8re \u00e9dition de Runequest Mongoose) sont accessibles ici.<\/p>\n<h1>Contenu de l&rsquo;archive<\/h1>\n<h2>Aides de jeu<\/h2>\n<h3>Arbres Merveilleux<\/h3>\n<p><em>Par Carl Walmsley, <\/em>tir\u00e9 du Signs&amp;Portent N\u00b0 91, <em>traduit par<\/em><em> Kurgan<\/em><\/p>\n<p>Avez-vous d\u00e9j\u00e0 remarqu\u00e9 combien, apr\u00e8s un certain temps, toutes les for\u00eats que vos aventuriers traversent semblent plus ou moins identiques?<br \/>\nCette petite aide de jeu de <em>Carl Walmsley<\/em> pr\u00e9sente quelques exemples de plantes \u00e9tranges, aux capacit\u00e9s \u00e9tonnantes et parfois magiques, pour vous aider \u00e0 restaurer le myst\u00e8re des sylves.<\/p>\n<h3>Calendrier de Nehwon<\/h3>\n<p><em>Par Arasmo<\/em><br \/>\nCe calendrier pr\u00e9sente les d\u00e9nominations des jours, des mois et des ann\u00e9es dans Lankhmar. Il est inspir\u00e9 du calendrier imagin\u00e9 par TSR dans <em>Lankhmar, City of Adventure<\/em>, mais quelques corrections ont \u00e9t\u00e9 apport\u00e9es pour mieux respecter l&rsquo;oeuvre de Leiber.Pour L\u00e9gende\/Mongoose RuneQuest I &amp; II\/ RuneQuest 4<\/p>\n<h3>Chamanisme<\/h3>\n<p><em>Par Laurence Whitaker, Bruce Mason, Gary Goldman et Pete Nash, <\/em>tir\u00e9 des Re\u0300gles de base de magie spirituelle pour MRQII, et de l\u2019article de Signs &amp; Portents n\u00b089, <em>traduit par<\/em><em> Sandrine Tirache &amp; Kurgan<\/em><br \/>\nCette imposante aide de jeu vous pr\u00e9sente tout le mat\u00e9riel n\u00e9cessaire \u00e0 l&rsquo;introduction de la magie spirituelle dans vos parties de Legend\/MRQII. A l&rsquo;aide de cette tradition magique mill\u00e9naire, vous pourrez incarner des chamanes pass\u00e9s ma\u00eetre dans l&rsquo;art d&rsquo;invoquer les esprits de la nature pour accomplir des prodiges au-del\u00e0 de l&rsquo;entendement.Pour L\u00e9gende\/Mongoose RuneQuest II<\/p>\n<h3>Les Druides<\/h3>\n<p><em>Par Tim Bancroft, traduit et compl\u00e9t\u00e9 par Kurgan &amp; Arasmo<\/em><br \/>\nLes Druides sont d&rsquo;\u00e9nigmatiques adorateurs de la nature, issus des cultures Celtiques et pr\u00e9-celtiques europ\u00e9ennes. Vous trouverez ici les r\u00e8gles vous permettant d&rsquo;interpr\u00e9ter ces personnages aussi merveilleux que magiques dans vos campagnes de <em>RuneQuest<\/em>.Pour RuneQuest 4\/ Mongoose RuneQuest I.<\/p>\n<h3>\u00c9p\u00e9es de l\u00e9gende<\/h3>\n<p><em>Par Carl Walmsley, traduit par Arasmo<\/em><br \/>\nCette aide de jeu, tir\u00e9e d&rsquo;un article de Sign &amp; Portents num\u00e9ro 51, pr\u00e9sente sept \u00e9p\u00e9es l\u00e9gendaires, avec une description d\u00e9taill\u00e9e, des \u00e9l\u00e9ments historiques (ou mythiques) et des statistiques en terme de jeu pour Runequest 4.Pour RuneQuest 4\/ Mongoose RuneQuest I.<\/p>\n<h3>Feuilles de personnage<\/h3>\n<h4>RuneQuest 4\/ Mongoose RuneQuest I<\/h4>\n<ul>\n<li><em>Par Breatas Avarike, u<\/em>ne feuille de personnage cr\u00e9\u00e9e \u00e0 partir de la fiche de perso originale de Mongoose Publishing.<\/li>\n<li><em>Par micka9fr, u<\/em>ne feuille de personnage graphiquement plus l\u00e9g\u00e8re que la pr\u00e9c\u00e9dente.<\/li>\n<li><em>Par Thaddeus<\/em>, une feuille de personnage de 9 pages, mais sur laquelle vous aurez forc\u00e9ment la place de tout \u00e9crire.<\/li>\n<\/ul>\n<h4>L\u00e9gende\/Mongoose RuneQuest II<\/h4>\n<p><em>Par Crix, <\/em>Une feuille de personnage originale pour Deus Vult. Cette archive auto-extractible comprend une feuille compl\u00e8te ainsi qu&rsquo;une autre au format plus \u00e9conomique.<\/p>\n<h3>Gahana &#8211; Monde de Campagne<\/h3>\n<p><em>Par Arasmo<\/em><br \/>\nGahana\u2026 Un monde o\u00f9 la religion a force de loi, un monde rong\u00e9 peu \u00e0 peu par un vide aussi inqui\u00e9tant que myst\u00e9rieux, un monde o\u00f9 les runes, sources de toute magie, se font de plus en plus rares&#8230;Pour RuneQuest 4\/Mongoose RuneQuest I<\/p>\n<h3>Le Grand \u0152uvre<\/h3>\n<p><em>Par Arasmo<\/em><br \/>\nCette aide de jeu en deux parties vous pr\u00e9sente tout d&rsquo;abord de nouvelles r\u00e8gles d&rsquo;alchimie pour Runequest, y compris la pr\u00e9paration de potions, de poisons, de golems et de pierres philosophales ! Puis vous trouverez Le Grand \u0152uvre, un cadre de jeu original o\u00f9 les alchimistes ont la part belle et o\u00f9 les intrigues sont l\u00e9gions.<\/p>\n<h3>Personnages pr\u00e9tir\u00e9s (Mongoose Runequest II\/L\u00e9gende)<\/h3>\n<p><em>Par Cramal<\/em><br \/>\nCette archive contient 29 exemples de personnages : barde, fermier, mercenaire, sorcier&#8230;Parfait pour concevoir\u00a0 rapidement un PJ ou un PNJ. Pour L\u00e9gende\/Mongoose RuneQuest II<\/p>\n<h3>Portrait de famille : Lankhmar<\/h3>\n<p><em>Par Arasmo<\/em><br \/>\nD\u00e9couvrez Lankhmar, la l\u00e9gendaire cit\u00e9 situ\u00e9e au coeur des aventures se d\u00e9roulant dans le monde merveilleux de Nehwon, imagin\u00e9 par Lieber ! Pour L\u00e9gende\/Mongoose RuneQuest I &amp; II\/ RuneQuest 4<\/p>\n<h3>Les Royaumes Oubli\u00e9s : Luskan<\/h3>\n<p><em>Par Arasmo<\/em><br \/>\nRetrouvez les <em>Royaumes Oubli\u00e9s<\/em> comme vous ne les avez jamais vu ! Dans ce cadre de jeu adapt\u00e9 \u00e0 <em>Mongoose RuneQuest II<\/em>, la cit\u00e9 nordique de Luskan est revue et corrig\u00e9e pour profiter encore davantage ce folklore viking qui la caract\u00e9rise. Entre intrigues des capitaines et machinations de la tour des arcanes, prenez garde quand vous foulez les pav\u00e9s froids de Luskan ! Pour L\u00e9gende\/Mongoose RuneQuest II<\/p>\n<h3>Un peu d&rsquo;Histoire<\/h3>\n<p><em>Par Arasmo<\/em><br \/>\nUn membre de l&rsquo;Ordre doit exceller en tout et ne peut se permettre d&rsquo;ignorer l&rsquo;histoire du monde. En consultant ce petit cours destin\u00e9 \u00e0 des initi\u00e9s de l&rsquo;Ordre, vous aurez un bref aper\u00e7u du contexte historique de Deus Vult. Pour L\u00e9gende\/Mongoose Runequest II<\/p>\n<h3>Tomes de Pouvoir<\/h3>\n<p><em>Par Carl Walmsley, <\/em>tir\u00e9 du Signs&amp;Portent N\u00b0 87, <em>traduit par<\/em><em> Kurgan<\/em><br \/>\nLes livres de sorts et les ouvrages magiques sont parmi les objets les plus embl\u00e9matiques que l\u2019on trouve dans les tr\u00e9sors. Un tome de pouvoir est une pi\u00e8ce unique qui ne manquera pas de retenir l\u2019attention d\u2019un groupe d\u2019aventuriers. Pour RuneQuest 4\/Moongose RuneQuest I<\/p>\n<h2>Sc\u00e9narios<\/h2>\n<h3>L&rsquo;Artefact<\/h3>\n<p><em>Par Erias<\/em><\/p>\n<p>Adapt\u00e9 \u00e0 des personnages d\u00e9butants, ce sc\u00e9nario pour Mongoose Runequest II\/Legend se d\u00e9roule dans le monde de Glorantha. Charg\u00e9s d&rsquo;explorer des ruines antiques, les PJ auront l&rsquo;occasion de faire beaucoup de rencontres&#8230;<\/p>\n<h3>Le conte du chevalier p\u00e2le<\/h3>\n<p><em>Par Gareth Hanrahan, traduit par Kurgan<\/em><\/p>\n<p>Un crois\u00e9 revient au bercail mortellement bless\u00e9 et porteur d&rsquo;une relique. Apr\u00e8s sa gu\u00e9rison miraculeuse et le vol de sa relique, son comportement devient de plus \u00e9trange : il accuse m\u00eame le pr\u00eatre local d&rsquo;avoir d\u00e9rob\u00e9 la relique ! Aux PJ de tirer au clair cette affaire&#8230;<\/p>\n<h3>Le Livre des rumeurs<\/h3>\n<p><em>Par Arasmo<\/em><\/p>\n<p>Un noble ambitieux, Alzarimus, a achet\u00e9 le Livre des Rumeurs, un ouvrage magique qui cr\u00e9e des rumeurs tellement cr\u00e9dibles que quiconque les entend y croit dur comme fer. Il cmpte en profiter pour diffamer ceux qui le g\u00eanent dans sa course au pouvoir. Sa premi\u00e8re victime est Eremos, membre du Conseil qui assiste le Seigneur de Lankhmar. Les PJ, hommes de main d\u2019Eremos, devront enqu\u00eater pour savoir qui est derri\u00e8re la campagne de diffamation visant leur employeur.<\/p>\n<h3>P\u00e9nitence<\/h3>\n<p><em>Traduit par <\/em><em>Kurgan<\/em><\/p>\n<p>P\u00e9nitence est un sc\u00e9nario pour Deus Vult qui se d\u00e9roule dans la Bretagne m\u00e9di\u00e9vale. Les personnages, \u00e0 peine promus Hi\u00e9romoines, devront retrouver les traces d&rsquo;un crois\u00e9 qui devait livrer au Prieur\u00e9 de Saint-Mortimer une inestimable relique, la Main du Voleur P\u00e9nitent&#8230; M\u00ealant enqu\u00eates, myst\u00e8res et combats \u00e9piques, ce sc\u00e9nario introduira en douceur vos joueurs au monde de Deus Vult.<\/p>\n","protected":false},"excerpt":{"rendered":"<p>T\u00e9l\u00e9chargez l&rsquo;archive Voici des aides de jeu et des sc\u00e9narios pour la premi\u00e8re et la deuxi\u00e8me \u00e9dition de RuneQuest, toutes deux publi\u00e9es par Mongoose Publishing. La version OGL des r\u00e8gles de la premi\u00e8re \u00e9dition de RuneQuest Mongoose sont disponibles ici. Les aides de jeu et les sc\u00e9narios pour les jeux Elric de Melnibon\u00e9 et Hawkmoon [&hellip;]<\/p>\n","protected":false},"author":1,"featured_media":515,"parent":0,"menu_order":0,"comment_status":"closed","ping_status":"closed","template":"","meta":{"jetpack_post_was_ever_published":false,"footnotes":""},"class_list":["post-276","page","type-page","status-publish","has-post-thumbnail","hentry"],"jetpack_sharing_enabled":true,"jetpack_shortlink":"https:\/\/wp.me\/P6Zja8-4s","_links":{"self":[{"href":"https:\/\/www.scriptorium.d100.fr\/index.php?rest_route=\/wp\/v2\/pages\/276","targetHints":{"allow":["GET"]}}],"collection":[{"href":"https:\/\/www.scriptorium.d100.fr\/index.php?rest_route=\/wp\/v2\/pages"}],"about":[{"href":"https:\/\/www.scriptorium.d100.fr\/index.php?rest_route=\/wp\/v2\/types\/page"}],"author":[{"embeddable":true,"href":"https:\/\/www.scriptorium.d100.fr\/index.php?rest_route=\/wp\/v2\/users\/1"}],"replies":[{"embeddable":true,"href":"https:\/\/www.scriptorium.d100.fr\/index.php?rest_route=%2Fwp%2Fv2%2Fcomments&post=276"}],"version-history":[{"count":8,"href":"https:\/\/www.scriptorium.d100.fr\/index.php?rest_route=\/wp\/v2\/pages\/276\/revisions"}],"predecessor-version":[{"id":1089,"href":"https:\/\/www.scriptorium.d100.fr\/index.php?rest_route=\/wp\/v2\/pages\/276\/revisions\/1089"}],"wp:featuredmedia":[{"embeddable":true,"href":"https:\/\/www.scriptorium.d100.fr\/index.php?rest_route=\/wp\/v2\/media\/515"}],"wp:attachment":[{"href":"https:\/\/www.scriptorium.d100.fr\/index.php?rest_route=%2Fwp%2Fv2%2Fmedia&parent=276"}],"curies":[{"name":"wp","href":"https:\/\/api.w.org\/{rel}","templated":true}]}}