{"id":250,"date":"2015-11-19T14:09:52","date_gmt":"2015-11-19T13:09:52","guid":{"rendered":"http:\/\/www.scriptorium.d100.fr\/?page_id=250"},"modified":"2020-10-07T17:04:09","modified_gmt":"2020-10-07T16:04:09","slug":"loup-solitaire","status":"publish","type":"page","link":"https:\/\/www.scriptorium.d100.fr\/?page_id=250","title":{"rendered":"Loup Solitaire"},"content":{"rendered":"<h1><a href=\"http:\/\/www.scriptorium.d100.fr\/wp-content\/uploads\/archives-scriptorium\/loup_solitaire\/Loup%20Solitaire.zip\">T\u00e9l\u00e9charger l&rsquo;archive<\/a><\/h1>\n<hr \/>\n<h1>La guerri\u00e8re telchos (classe)<\/h1>\n<p><i>Par Mongoose Publishing, traduit par Thomas Schneider et S\u00e9bastien Boudaud<\/i><\/p>\n<p>La triste histoire du Telchos est cont\u00e9e ailleurs mais l\u2019h\u00e9ritage le plus cinglant de sa chute et la souffrance de son peuple vit au travers des Guerri\u00e8res Telchos. Pr\u00e9sent\u00e9es dans ce document, ces redoutables combattantes disposent de leur propre classe de personnage, reposant sur leur capacit\u00e9 \u00e0 pousser de puissants cris de guerre.<\/p>\n","protected":false},"excerpt":{"rendered":"<p>T\u00e9l\u00e9charger l&rsquo;archive La guerri\u00e8re telchos (classe) Par Mongoose Publishing, traduit par Thomas Schneider et S\u00e9bastien Boudaud La triste histoire du Telchos est cont\u00e9e ailleurs mais l\u2019h\u00e9ritage le plus cinglant de sa chute et la souffrance de son peuple vit au travers des Guerri\u00e8res Telchos. Pr\u00e9sent\u00e9es dans ce document, ces redoutables combattantes disposent de leur propre [&hellip;]<\/p>\n","protected":false},"author":1,"featured_media":542,"parent":13,"menu_order":0,"comment_status":"closed","ping_status":"closed","template":"","meta":{"footnotes":""},"class_list":["post-250","page","type-page","status-publish","has-post-thumbnail","hentry"],"jetpack_sharing_enabled":true,"jetpack_shortlink":"https:\/\/wp.me\/P6Zja8-42","_links":{"self":[{"href":"https:\/\/www.scriptorium.d100.fr\/index.php?rest_route=\/wp\/v2\/pages\/250","targetHints":{"allow":["GET"]}}],"collection":[{"href":"https:\/\/www.scriptorium.d100.fr\/index.php?rest_route=\/wp\/v2\/pages"}],"about":[{"href":"https:\/\/www.scriptorium.d100.fr\/index.php?rest_route=\/wp\/v2\/types\/page"}],"author":[{"embeddable":true,"href":"https:\/\/www.scriptorium.d100.fr\/index.php?rest_route=\/wp\/v2\/users\/1"}],"replies":[{"embeddable":true,"href":"https:\/\/www.scriptorium.d100.fr\/index.php?rest_route=%2Fwp%2Fv2%2Fcomments&post=250"}],"version-history":[{"count":4,"href":"https:\/\/www.scriptorium.d100.fr\/index.php?rest_route=\/wp\/v2\/pages\/250\/revisions"}],"predecessor-version":[{"id":1079,"href":"https:\/\/www.scriptorium.d100.fr\/index.php?rest_route=\/wp\/v2\/pages\/250\/revisions\/1079"}],"up":[{"embeddable":true,"href":"https:\/\/www.scriptorium.d100.fr\/index.php?rest_route=\/wp\/v2\/pages\/13"}],"wp:featuredmedia":[{"embeddable":true,"href":"https:\/\/www.scriptorium.d100.fr\/index.php?rest_route=\/wp\/v2\/media\/542"}],"wp:attachment":[{"href":"https:\/\/www.scriptorium.d100.fr\/index.php?rest_route=%2Fwp%2Fv2%2Fmedia&parent=250"}],"curies":[{"name":"wp","href":"https:\/\/api.w.org\/{rel}","templated":true}]}}