{"id":237,"date":"2015-11-19T14:05:05","date_gmt":"2015-11-19T13:05:05","guid":{"rendered":"http:\/\/www.scriptorium.d100.fr\/?page_id=237"},"modified":"2020-10-07T17:03:41","modified_gmt":"2020-10-07T16:03:41","slug":"dd-4","status":"publish","type":"page","link":"https:\/\/www.scriptorium.d100.fr\/?page_id=237","title":{"rendered":"D&#038;D 4"},"content":{"rendered":"<h1><a href=\"http:\/\/www.scriptorium.d100.fr\/wp-content\/uploads\/archives-scriptorium\/DD4\/DD4.zip\">T\u00e9l\u00e9charger l&rsquo;archive<\/a><\/h1>\n<hr \/>\n<p>Bon, le Scriptorium n&rsquo;a pas produit grand chose pour D&amp;D4, mais la qualit\u00e9 est l\u00e0 gr\u00e2ce \u00e0 Baron Z\u00e9ro !<\/p>\n<h1>Contenu de l&rsquo;archive<\/h1>\n<h3>Ishak, monde de campagne<\/h3>\n<p><i>Par Arasmo<\/i><\/p>\n<p>Voici venir le tout premier univers de campagne amateur 100 % original pour D&amp;D 4. Dans un monde ravag\u00e9 par la domination gith, l&rsquo;\u00e9quilibre des forces est sur le point d&rsquo;\u00eatre boulevers\u00e9. Les races inf\u00e9rieures sauront-elles en profiter pour reprendre leur destin en main ?<\/p>\n<h3>Le plan de l&rsquo;ectoplasme<\/h3>\n<p><i>Par Scott Brocius &amp; Mark Jindra,<br \/>\ntraduit par Comte Z\u00e9ro<\/i><\/p>\n<p>Entre paradis et cauchemar, le plan de l&rsquo;ectoplasme est \u00e0 la fois une dimension ouvrant l&rsquo;acc\u00e8s \u00e0 un grand pouvoir et un pi\u00e8ge mortel pour ceux qui ne s&rsquo;y sont pas pr\u00e9par\u00e9s. D\u00e9couvrez les secrets de ce plan et les sinistres cr\u00e9atures qui le hantent&#8230;<\/p>\n<h3>D\u00e9fi pour un guerrier<\/h3>\n<p><i>Par Baron Z\u00e9ro<\/i><\/p>\n<p>Dans ce sc\u00e9nario, un guerrier solitaire devra affronter tous les dangers pour aider une princesse en exil \u00e0 rejoindre sa patrie et remonter sur le tr\u00f4ne. Les obstacles ne manqueront pas, entre une vile sorci\u00e8re, des morts-vivants, des gobelins et m\u00eame un dragon un tant soit peu possessif&#8230; Notre guerrier ne devra pas compter que sur ses muscles pour s&rsquo;en sortir, mais aussi sur sa ruse et ses alli\u00e9s.<\/p>\n<h3>Naufrage au centre de la terre<\/h3>\n<p><i>Par Baron Z\u00e9ro<\/i><\/p>\n<p>Dans ce sc\u00e9nario vernesque, les personnages se retrouvent embarqu\u00e9s dans une formidable odyss\u00e9e au centre de la terre. Emmen\u00e9s par le Kwaliscaphe du maginventeur Kwalish, ils devront affronter mille dangers avant d&rsquo;y parvenir et une fois sur place. Le tout pour ramener une preuve que le royaume au coeur du monde existe bel et bien&#8230;<\/p>\n","protected":false},"excerpt":{"rendered":"<p>T\u00e9l\u00e9charger l&rsquo;archive Bon, le Scriptorium n&rsquo;a pas produit grand chose pour D&amp;D4, mais la qualit\u00e9 est l\u00e0 gr\u00e2ce \u00e0 Baron Z\u00e9ro ! Contenu de l&rsquo;archive Ishak, monde de campagne Par Arasmo Voici venir le tout premier univers de campagne amateur 100 % original pour D&amp;D 4. Dans un monde ravag\u00e9 par la domination gith, l&rsquo;\u00e9quilibre [&hellip;]<\/p>\n","protected":false},"author":1,"featured_media":510,"parent":13,"menu_order":0,"comment_status":"closed","ping_status":"closed","template":"","meta":{"jetpack_post_was_ever_published":false,"footnotes":""},"class_list":["post-237","page","type-page","status-publish","has-post-thumbnail","hentry"],"jetpack_sharing_enabled":true,"jetpack_shortlink":"https:\/\/wp.me\/P6Zja8-3P","_links":{"self":[{"href":"https:\/\/www.scriptorium.d100.fr\/index.php?rest_route=\/wp\/v2\/pages\/237","targetHints":{"allow":["GET"]}}],"collection":[{"href":"https:\/\/www.scriptorium.d100.fr\/index.php?rest_route=\/wp\/v2\/pages"}],"about":[{"href":"https:\/\/www.scriptorium.d100.fr\/index.php?rest_route=\/wp\/v2\/types\/page"}],"author":[{"embeddable":true,"href":"https:\/\/www.scriptorium.d100.fr\/index.php?rest_route=\/wp\/v2\/users\/1"}],"replies":[{"embeddable":true,"href":"https:\/\/www.scriptorium.d100.fr\/index.php?rest_route=%2Fwp%2Fv2%2Fcomments&post=237"}],"version-history":[{"count":5,"href":"https:\/\/www.scriptorium.d100.fr\/index.php?rest_route=\/wp\/v2\/pages\/237\/revisions"}],"predecessor-version":[{"id":1078,"href":"https:\/\/www.scriptorium.d100.fr\/index.php?rest_route=\/wp\/v2\/pages\/237\/revisions\/1078"}],"up":[{"embeddable":true,"href":"https:\/\/www.scriptorium.d100.fr\/index.php?rest_route=\/wp\/v2\/pages\/13"}],"wp:featuredmedia":[{"embeddable":true,"href":"https:\/\/www.scriptorium.d100.fr\/index.php?rest_route=\/wp\/v2\/media\/510"}],"wp:attachment":[{"href":"https:\/\/www.scriptorium.d100.fr\/index.php?rest_route=%2Fwp%2Fv2%2Fmedia&parent=237"}],"curies":[{"name":"wp","href":"https:\/\/api.w.org\/{rel}","templated":true}]}}