{"id":224,"date":"2015-11-19T10:47:08","date_gmt":"2015-11-19T09:47:08","guid":{"rendered":"http:\/\/www.scriptorium.d100.fr\/?page_id=224"},"modified":"2020-10-07T17:13:46","modified_gmt":"2020-10-07T16:13:46","slug":"spycraft-2-0","status":"publish","type":"page","link":"https:\/\/www.scriptorium.d100.fr\/?page_id=224","title":{"rendered":"Spycraft 2.0"},"content":{"rendered":"<h1><a href=\"http:\/\/www.scriptorium.d100.fr\/wp-content\/uploads\/archives-scriptorium\/Spycraft\/Spycraft.zip\">T\u00e9l\u00e9charger l&rsquo;archive<\/a><\/h1>\n<hr \/>\n<p align=\"justify\">Extrait du texte originel de la section :<\/p>\n<blockquote>\n<p align=\"justify\">Spycraft 2.0 est sans aucun doute le meilleur jeu de r\u00f4le d&rsquo;espionnage moderne. Exploitant le syst\u00e8me D20, bien connu des joueurs de D&amp;D, il poss\u00e8de toutefois des sp\u00e9cificit\u00e9s qui en font un jeu complexe mais r\u00e9solument fascinant. Pas encore traduit en fran\u00e7ais, le manuel de base se suffit \u00e0 lui seul. A travers ses 500 pages, il vous permet de plonger dans l&rsquo;univers passionnant de l&rsquo;espionnage et d&rsquo;incarner des h\u00e9ros des temps modernes capables de surpasser vos idoles dans le genre.<\/p>\n<\/blockquote>\n<h1 align=\"justify\">Contenu de l&rsquo;archive<\/h1>\n<h2 align=\"justify\">Aides de jeu<\/h2>\n<h3>Agents \u00e0 th\u00e8me<\/h3>\n<p><i>Par Aegis, Oronard al Vanis et Ozcorn<\/i><\/p>\n<p>Des agents (tr\u00e8s) sp\u00e9ciaux pr\u00eats \u00e0 jouer. Que vous soyez joueur ou plut\u00f4t GC, n&rsquo;h\u00e9sitez pas \u00e0 vous en servir pour vos aventures et sc\u00e9narios !<\/p>\n<h3>Fiches<\/h3>\n<p align=\"justify\"><i>Par Rowen Ellendyl<\/i><\/p>\n<p align=\"justify\">Voici deux fiches ultra-compl\u00e8tes pour Spycraft ! La premi\u00e8re est tout simplement consacr\u00e9e \u00e0 votre personnage et la seconde, totalement automatis\u00e9e, \u00e0 ses comp\u00e9tences. Ces deux fiches requi\u00e8rent Excel 2007 ou ult\u00e9rieur dans l&rsquo;id\u00e9al, mais Open Office 3+ fera aussi tr\u00e8s bien l&rsquo;affaire.<\/p>\n<h3>Gestion des vilains<\/h3>\n<p align=\"justify\"><i>Par Rowen Ellendyl<\/i><\/p>\n<p align=\"justify\">Cette aide de jeu est en fait un mini-programme, une fiche de calcul Excel automatis\u00e9e vous permettant de cr\u00e9er un ou plusieurs PNJ, qu&rsquo;ils soient communs, sp\u00e9ciaux ou animaux. La cr\u00e9ation de PNJ est facilit\u00e9e par des boutons et des calculs qui se d\u00e9roulent en arri\u00e8re-plan. De quoi animer vos sc\u00e9narios en un rien de temps ! Vous trouverez \u00e9galement une notice explicative qui d\u00e9taille tout ce qu&rsquo;il y a \u00e0 savoir pour bien utiliser la fiche de gestion.<\/p>\n<h3>Un jeu d&rsquo;enfants<\/h3>\n<p><i>Par Emma &amp; Mark Newman, traduit par Aegis <\/i><\/p>\n<p>Cette aide de jeu est centr\u00e9e sur l&rsquo;interpr\u00e9tation d&rsquo;enfants dans le jeu de r\u00f4le, et en particulier dans le monde de l&rsquo;espionnage \u00e0 Spycraft. Vous y trouverez de nombreux conseils de ma\u00eetrise, ainsi que des options de campagne pour faire ressortir une ambiance l\u00e9g\u00e8re, quelques r\u00e8gles pour les joueurs d&rsquo;enfants-espions, et enfin des r\u00e9f\u00e9rences et sources d&rsquo;inspiration.<\/p>\n<h3>Organisations<\/h3>\n<p>Le ciment de Spycraft est form\u00e9 des innombrables organisations d&rsquo;espionnage \u00e0 travers le monde, qu&rsquo;elles soient gouvernementales ou ind\u00e9pendantes, bienveillantes ou terroristes. Chacune a ses objectifs, ses ambitions, ainsi qu&rsquo;une histoire et des personnages caract\u00e9ristiques susceptibles de faire des alli\u00e9s de choix ou, au contraire, de redoutables adversaires. En tant que MJ, vous trouverez dans ces aides des organisations originales, pouvant le plus souvent servir de support \u00e0 un ou plusieurs sc\u00e9narios.<\/p>\n<ul>\n<li>E.S.I.S.C. (European Strategic Intelligence &amp; Security Center), <i>par Aegis<br \/>\n<\/i><\/li>\n<li>Pa\u00efgnia Entertainment, <i>par Xavier Carlier<\/i><\/li>\n<li>W.O.M.E.N. (Women Organisation against MEN), <i>par Patrick Trempond<\/i><\/li>\n<\/ul>\n<div align=\"justify\">\n<h3>Personnages pr\u00e9tir\u00e9s (fiches de perso)<\/h3>\n<\/div>\n<p align=\"justify\"><i>Par Aegis<\/i><\/p>\n<p>Pour les joueurs qui d\u00e9sirent commencer \u00e0 jouer rapidement, sans perdre de temps \u00e0 remplir une fiche de personnage complexe les mettant face \u00e0 de nombreux choix, parfois difficiles, vous trouverez 14 personnages pr\u00e9tir\u00e9s, un par classe de base de Spycraft 2.0.<\/p>\n<p>Chaque personnage poss\u00e8de une fiche d\u00e9taill\u00e9e contenant tous les \u00e9l\u00e9ments importants pour pouvoir interpr\u00e9ter imm\u00e9diatement un agent dans une partie de Spycraft. Seules deux informations manquent encore : l&rsquo;intrigue secondaire (ou subplot) est laiss\u00e9e \u00e0 la discr\u00e9tion du joueur car elle d\u00e9pend essentiellement de son background, et l&rsquo;\u00e9quipement de mission sera bien entendu \u00e0 choisir lors de la phase de pr\u00e9paration de chaque mission.<\/p>\n<p>Vous pouvez aussi r\u00e9cup\u00e9rer simplement ces fiches pour cr\u00e9er des feuilles de personnage \u00e0 votre convenance, facilement modifiables pour vos parties en ligne (notamment Living Spycraft).<\/p>\n<h2>Sc\u00e9nario<\/h2>\n<h3>Retour aux sources<\/h3>\n<p><i>Par Patrick Kapera (Crafty Games)<\/i><\/p>\n<p>Du carburant pour fus\u00e9e spatiale a \u00e9t\u00e9 d\u00e9rob\u00e9 \u00e0 la base d&rsquo;El Molar, en Espagne. Cela pourrait \u00eatre sans incidence si une livraison importante pour ISS n&rsquo;\u00e9tait attendue dans les prochains jours et si ce m\u00eame carburant n&rsquo;\u00e9tait pas aussi utilis\u00e9 pour propulser les missiles \u00e0 tr\u00e8s longue port\u00e9e&#8230;<\/p>\n","protected":false},"excerpt":{"rendered":"<p>T\u00e9l\u00e9charger l&rsquo;archive Extrait du texte originel de la section : Spycraft 2.0 est sans aucun doute le meilleur jeu de r\u00f4le d&rsquo;espionnage moderne. Exploitant le syst\u00e8me D20, bien connu des joueurs de D&amp;D, il poss\u00e8de toutefois des sp\u00e9cificit\u00e9s qui en font un jeu complexe mais r\u00e9solument fascinant. Pas encore traduit en fran\u00e7ais, le manuel de [&hellip;]<\/p>\n","protected":false},"author":1,"featured_media":0,"parent":13,"menu_order":0,"comment_status":"closed","ping_status":"closed","template":"","meta":{"jetpack_post_was_ever_published":false,"footnotes":""},"class_list":["post-224","page","type-page","status-publish","hentry"],"jetpack_sharing_enabled":true,"jetpack_shortlink":"https:\/\/wp.me\/P6Zja8-3C","_links":{"self":[{"href":"https:\/\/www.scriptorium.d100.fr\/index.php?rest_route=\/wp\/v2\/pages\/224","targetHints":{"allow":["GET"]}}],"collection":[{"href":"https:\/\/www.scriptorium.d100.fr\/index.php?rest_route=\/wp\/v2\/pages"}],"about":[{"href":"https:\/\/www.scriptorium.d100.fr\/index.php?rest_route=\/wp\/v2\/types\/page"}],"author":[{"embeddable":true,"href":"https:\/\/www.scriptorium.d100.fr\/index.php?rest_route=\/wp\/v2\/users\/1"}],"replies":[{"embeddable":true,"href":"https:\/\/www.scriptorium.d100.fr\/index.php?rest_route=%2Fwp%2Fv2%2Fcomments&post=224"}],"version-history":[{"count":7,"href":"https:\/\/www.scriptorium.d100.fr\/index.php?rest_route=\/wp\/v2\/pages\/224\/revisions"}],"predecessor-version":[{"id":1082,"href":"https:\/\/www.scriptorium.d100.fr\/index.php?rest_route=\/wp\/v2\/pages\/224\/revisions\/1082"}],"up":[{"embeddable":true,"href":"https:\/\/www.scriptorium.d100.fr\/index.php?rest_route=\/wp\/v2\/pages\/13"}],"wp:attachment":[{"href":"https:\/\/www.scriptorium.d100.fr\/index.php?rest_route=%2Fwp%2Fv2%2Fmedia&parent=224"}],"curies":[{"name":"wp","href":"https:\/\/api.w.org\/{rel}","templated":true}]}}