{"id":208,"date":"2015-11-19T09:58:55","date_gmt":"2015-11-19T08:58:55","guid":{"rendered":"http:\/\/www.scriptorium.d100.fr\/?page_id=208"},"modified":"2022-07-13T11:08:26","modified_gmt":"2022-07-13T10:08:26","slug":"mastercraft","status":"publish","type":"page","link":"https:\/\/www.scriptorium.d100.fr\/?page_id=208","title":{"rendered":"Mastercraft"},"content":{"rendered":"<p><a href=\"https:\/\/www.scriptorium.d100.fr\/?page_id=213\">Aides de jeu<\/a><\/p>\n<p><a href=\"https:\/\/www.scriptorium.d100.fr\/?page_id=204\">R\u00e8gles optionnelles<\/a><\/p>\n<p><a href=\"https:\/\/www.scriptorium.d100.fr\/?page_id=216\">Sc\u00e9narios<\/a><\/p>\n<hr \/>\n<p>Apr\u00e8s la section D&amp;D 3.5, la section Mastercraft \u00e9tait la plus fournie de l&rsquo;ancien Scriptorium. Adaptations \u00e0 de nombreux univers, r\u00e8gles optionnelles, sc\u00e9narios&#8230;<\/p>\n<p>Voici le texte originel de la section.<\/p>\n<p><em>En 2005 paraissait <b>Spycraft 2.0.<\/b> Jeu d\u2019espionnage moderne bas\u00e9 sur l\u2019OGL et \u00e9dit\u00e9 par AEG, il introduisait 500 pages de r\u00e8gles tactiques et innovantes qui rencontr\u00e8rent un \u00e9norme succ\u00e8s outre-Atlantique.<\/em><\/p>\n<p><em>En 2005, Crafty Games \u00e9tait fond\u00e9e par Alex Flagg, Scott Gearin et Patrick Kapera, les concepteurs de Spycraft 2.0. Et depuis tout ce temps, les fans du jeu n\u2019ont cess\u00e9 de r\u00e9clamer \u00e0 corps et \u00e0 cri une adaptation de leurs r\u00e8gles pr\u00e9f\u00e9r\u00e9es\u2026 pour le genre m\u00e9di\u00e9val-fantastique.<\/em><\/p>\n<p><em><b>Fantasy Craft<\/b> est n\u00e9 de cette id\u00e9e. Apr\u00e8s plus de deux ann\u00e9es de d\u00e9veloppement, il a amen\u00e9 l\u2019\u00e9quipe de Crafty Games \u00e0 confronter leur syst\u00e8me de r\u00e8gles \u00e0 un genre pour lequel il n\u2019\u00e9tait initialement pas imagin\u00e9. Les concepteurs ont donc compt\u00e9 sur leur communaut\u00e9 pour les aider \u00e0 adapter leur jeu, notamment en discutant certains points de conception sur leur forum, avec les fans. Ils ont aussi \u00e9dit\u00e9 des \u00ab\u00a0kits\u00a0\u00bb, permettant \u00e0 chacun d\u2019adapter les r\u00e8gles de Spycraft 2.0 au fantastique et de fournir un retour sur le forum.<\/em><\/p>\n<p><em>Un choix majeur a \u00e9t\u00e9 de simplifier les r\u00e8gles, afin de toucher non seulement les inconditionnels, mais aussi ceux qui seraient int\u00e9ress\u00e9s par des r\u00e8gles plus techniques que l\u2019OGL, tout en restant digestes.<\/em><\/p>\n<p><em>A mi-chemin du projet Fantasy Craft, une question fut pos\u00e9e : celle de la globalisation des efforts. Alex, Scott et Pat n\u2019avaient pas que Fantasy Craft sur le feu, mais aussi d\u2019autres projets, parmi lesquels <b>10,000 Bullets<\/b>, un univers de crime noir o\u00f9 la lutte entre policiers et criminels fait rage et o\u00f9 le manich\u00e9isme n\u2019a pas sa place. Leur id\u00e9e fut donc de capitaliser un maximum leurs efforts, en cr\u00e9ant un syst\u00e8me \u00e9volu\u00e9 de l\u2019OGL, multi-genres et profitant de la flexibilit\u00e9 de leur syst\u00e8me.<\/em><\/p>\n<p><em>C\u2019est ainsi que le projet <b>Mastercraft <\/b>fut lanc\u00e9. Fantasy Craft n\u2019est au final que la premi\u00e8re r\u00e9alisation de ce projet, et la mise en \u0153uvre de ce syst\u00e8me de r\u00e8gles autonome pour un genre\u00a0: le m\u00e9di\u00e9val-fantastique.<\/em><\/p>\n","protected":false},"excerpt":{"rendered":"<p>Aides de jeu R\u00e8gles optionnelles Sc\u00e9narios Apr\u00e8s la section D&amp;D 3.5, la section Mastercraft \u00e9tait la plus fournie de l&rsquo;ancien Scriptorium. Adaptations \u00e0 de nombreux univers, r\u00e8gles optionnelles, sc\u00e9narios&#8230; Voici le texte originel de la section. En 2005 paraissait Spycraft 2.0. Jeu d\u2019espionnage moderne bas\u00e9 sur l\u2019OGL et \u00e9dit\u00e9 par AEG, il introduisait 500 pages [&hellip;]<\/p>\n","protected":false},"author":1,"featured_media":525,"parent":13,"menu_order":0,"comment_status":"closed","ping_status":"closed","template":"","meta":{"jetpack_post_was_ever_published":false,"footnotes":""},"class_list":["post-208","page","type-page","status-publish","has-post-thumbnail","hentry"],"jetpack_sharing_enabled":true,"jetpack_shortlink":"https:\/\/wp.me\/P6Zja8-3m","_links":{"self":[{"href":"https:\/\/www.scriptorium.d100.fr\/index.php?rest_route=\/wp\/v2\/pages\/208","targetHints":{"allow":["GET"]}}],"collection":[{"href":"https:\/\/www.scriptorium.d100.fr\/index.php?rest_route=\/wp\/v2\/pages"}],"about":[{"href":"https:\/\/www.scriptorium.d100.fr\/index.php?rest_route=\/wp\/v2\/types\/page"}],"author":[{"embeddable":true,"href":"https:\/\/www.scriptorium.d100.fr\/index.php?rest_route=\/wp\/v2\/users\/1"}],"replies":[{"embeddable":true,"href":"https:\/\/www.scriptorium.d100.fr\/index.php?rest_route=%2Fwp%2Fv2%2Fcomments&post=208"}],"version-history":[{"count":5,"href":"https:\/\/www.scriptorium.d100.fr\/index.php?rest_route=\/wp\/v2\/pages\/208\/revisions"}],"predecessor-version":[{"id":1130,"href":"https:\/\/www.scriptorium.d100.fr\/index.php?rest_route=\/wp\/v2\/pages\/208\/revisions\/1130"}],"up":[{"embeddable":true,"href":"https:\/\/www.scriptorium.d100.fr\/index.php?rest_route=\/wp\/v2\/pages\/13"}],"wp:featuredmedia":[{"embeddable":true,"href":"https:\/\/www.scriptorium.d100.fr\/index.php?rest_route=\/wp\/v2\/media\/525"}],"wp:attachment":[{"href":"https:\/\/www.scriptorium.d100.fr\/index.php?rest_route=%2Fwp%2Fv2%2Fmedia&parent=208"}],"curies":[{"name":"wp","href":"https:\/\/api.w.org\/{rel}","templated":true}]}}