{"id":204,"date":"2015-11-19T09:59:07","date_gmt":"2015-11-19T08:59:07","guid":{"rendered":"http:\/\/www.scriptorium.d100.fr\/?page_id=204"},"modified":"2015-11-19T09:59:56","modified_gmt":"2015-11-19T08:59:56","slug":"regles-optionnelles","status":"publish","type":"page","link":"https:\/\/www.scriptorium.d100.fr\/?page_id=204","title":{"rendered":"R\u00e8gles optionnelles"},"content":{"rendered":"<p><a href=\"http:\/\/www.scriptorium.d100.fr\/wp-content\/uploads\/archives-scriptorium\/Mastercraft\/FC_regles_optionnelles.zip\">T\u00e9l\u00e9charger l&rsquo;archive<\/a><\/p>\n<hr \/>\n<p>Vous trouverez ici des r\u00e8gles officielles ou d\u00e9velopp\u00e9es pour Mastercraft et tous ses sous-produits, comme Fantasy Craft.<\/p>\n<h2>Contenu de l&rsquo;archive<\/h2>\n<table class=\"table_box\" border=\"0\" width=\"600\" cellspacing=\"1\" cellpadding=\"1\" align=\"center\">\n<tbody>\n<tr>\n<td colspan=\"3\" align=\"left\" width=\"400\" height=\"20\">\n<h3>Compilation des R\u00e8gles du Scriptorium Volume 1<\/h3>\n<\/td>\n<\/tr>\n<tr>\n<td class=\"table_bottom\" colspan=\"2\" width=\"500\" height=\"20\"><em>Id\u00e9e originale : Aegis<br \/>\n<\/em><em>Auteurs : Aegis, Arthoron, Condutiarii, Elvith Gent, Lugh, Mordicus, M\u00f6rkhdull, Renz, Salvatos, Thathane&#8230;<\/em><em>Mise en page : Elvith Gent<\/em><\/p>\n<p>Ce document compile les r\u00e8gles imagin\u00e9es par les esprits bouillonnants des membres du Scriptorium : 70 pages remplies de propositions de dons, de races, de talents, de sp\u00e9cialit\u00e9s, et d&rsquo;options de campagnes&#8230; Et comme le Scriptorium ne recule devant rien pour vous aider, vous trouverez en bonus l&rsquo;index r\u00e9vis\u00e9 de la VF de Fantasy Craft !<\/td>\n<td align=\"center\" valign=\"middle\"><img data-recalc-dims=\"1\" loading=\"lazy\" decoding=\"async\" src=\"https:\/\/i0.wp.com\/www.le-scriptorium.com\/uploads\/images\/Mastercraft\/compilation_scriptorium_FC.jpg?resize=141%2C200\" alt=\"\" width=\"141\" height=\"200\" align=\"left\" \/><\/td>\n<\/tr>\n<\/tbody>\n<\/table>\n<table class=\"table_box\" border=\"0\" width=\"600\" cellspacing=\"1\" cellpadding=\"1\" align=\"center\">\n<tbody>\n<tr>\n<td colspan=\"3\" align=\"left\" width=\"400\" height=\"20\">\n<h3>L&rsquo;Art de la guerre<\/h3>\n<\/td>\n<\/tr>\n<tr>\n<td class=\"table_bottom\" colspan=\"2\" width=\"500\" height=\"20\"><em>Par Morgenstern, traduit par <a href=\"http:\/\/forum.le-scriptorium.com\/index.php?showuser=2\">Aegis<\/a><br \/>\n<\/em>Ce document non-officiel pr\u00e9sente une r\u00e8gle de confrontation pour simuler les batailles impliquant des centaines, voire des milliers de combattants. Vos personnages resteront aux premi\u00e8res loges, en tant que g\u00e9n\u00e9raux et commandants des troupes.<\/td>\n<td align=\"center\" valign=\"middle\"><img data-recalc-dims=\"1\" loading=\"lazy\" decoding=\"async\" src=\"https:\/\/i0.wp.com\/www.le-scriptorium.com\/uploads\/images\/Mastercraft\/war.png?resize=141%2C200\" alt=\"\" width=\"141\" height=\"200\" align=\"left\" \/><\/td>\n<\/tr>\n<\/tbody>\n<\/table>\n<p>&nbsp;<\/p>\n<table class=\"table_box\" border=\"0\" width=\"600\" cellspacing=\"1\" cellpadding=\"1\" align=\"center\">\n<tbody>\n<tr>\n<td colspan=\"3\" align=\"left\" width=\"400\" height=\"20\">\n<h3>L&rsquo;Art du duel<\/h3>\n<\/td>\n<\/tr>\n<tr>\n<td class=\"table_bottom\" colspan=\"2\" width=\"500\" height=\"20\"><em>Par Morgenstern, traduit par <a href=\"http:\/\/forum.le-scriptorium.com\/index.php?showuser=2\">Aegis<\/a><br \/>\n<\/em>Ce document non-officiel pr\u00e9sente une r\u00e8gle optionnelle permettant d&rsquo;interpr\u00e9ter des duels intenses et sanglants comme on en voit parfois dans les films de samurai et de cape et d&rsquo;\u00e9p\u00e9e. Pour ce faire, nous vous proposons une nouvelle <em>confrontation<\/em>, de nouveaux dons et de nouvelles manoeuvres.<\/td>\n<td align=\"center\" valign=\"middle\"><img data-recalc-dims=\"1\" loading=\"lazy\" decoding=\"async\" src=\"https:\/\/i0.wp.com\/www.le-scriptorium.com\/uploads\/images\/Mastercraft\/duel.png?resize=141%2C200\" alt=\"\" width=\"141\" height=\"200\" align=\"left\" \/><\/td>\n<\/tr>\n<\/tbody>\n<\/table>\n<p>&nbsp;<\/p>\n<table class=\"table_box\" border=\"0\" width=\"600\" cellspacing=\"1\" cellpadding=\"1\" align=\"center\">\n<tbody>\n<tr>\n<td colspan=\"2\" align=\"left\" width=\"400\" height=\"20\">\n<h3>Classes de personnage<\/h3>\n<\/td>\n<\/tr>\n<tr>\n<td class=\"table_bottom\" colspan=\"2\" width=\"500\" height=\"20\">Si les onze classes de base et six classes d&rsquo;expert de Fantasy Craft, sans parler des suppl\u00e9ments Call to Arms, ne vous suffisent pas, vous trouverez sur cette page de nouvelles classes de base, d&rsquo;expert ou de ma\u00eetre \u00e0 t\u00e9l\u00e9charger pour tout jeu de la gamme Mastercraft.<\/p>\n<p>Certaines ont \u00e9t\u00e9 d\u00e9velopp\u00e9es sur notre forum, d&rsquo;autres ont \u00e9t\u00e9 traduites depuis celui de Crafty Games, l&rsquo;\u00e9diteur du jeu.<\/p>\n<ul>\n<li><i><a href=\"http:\/\/www.le-scriptorium.com\/uploads\/file\/Regles_optionnelles\/Mastercraft\/Classes\/ange_de_la_mort.pdf\">Ange de la mort<\/a>, par <a href=\"http:\/\/www.crafty-games.com\/forum\/index.php?action=profile;u=9\">Scott Gearin<\/a> (Crafty Games)<\/i>. Inspir\u00e9e du manga <i>Bleach<\/i>, cette classe d&rsquo;expert vous permettra d&rsquo;incarner un redoutable guerrier mystique, d\u00f4t\u00e9 de pouvoirs magiques et d&rsquo;une arme spirituelle.<\/li>\n<li><i><a href=\"http:\/\/www.le-scriptorium.com\/uploads\/file\/Regles_optionnelles\/Mastercraft\/Classes\/champion_des_sept_etoiles.pdf\">Champion des sept \u00e9toiles<\/a>, par <a href=\"http:\/\/www.crafty-games.com\/forum\/index.php?action=profile;u=9\">Scott Gearin<\/a> (Crafty Games)<\/i>. Cette classe de ma\u00eetre vous permettra d&rsquo;incarner un parangon du \u00ab\u00a0peuple d\u00e9clinant\u00a0\u00bb vou\u00e9 au culte des sept \u00e9toiles, les servantes de dame lune qui ont transmis le savoir de la magie aux elfes.<\/li>\n<li><i><a href=\"http:\/\/www.le-scriptorium.com\/uploads\/file\/Regles_optionnelles\/Mastercraft\/Classes\/croc_de_fer.pdf\">Croc de fer<\/a>, par <a href=\"http:\/\/www.crafty-games.com\/forum\/index.php?action=profile;u=9\">Scott Gearin<\/a> (Crafty Games)<\/i>. Cette classe de ma\u00eetre, adopt\u00e9e avant tout par les sauriens, vous permettra de m\u00ealer art de la magie et style de combat au couteau.<\/li>\n<li><i><a href=\"http:\/\/www.le-scriptorium.com\/uploads\/file\/Regles_optionnelles\/Mastercraft\/Classes\/disciple_du_lion.pdf\">Disciple du lion<\/a>, par <a href=\"http:\/\/www.crafty-games.com\/forum\/index.php?action=profile;u=9\">Scott Gearin<\/a> (Crafty Games)<\/i>. Cette classe d&rsquo;expert est un exemple de l&rsquo;utilisation des Voies sans passer par l&rsquo;option de campagne Miracles. Ce combattant honorable tire sa force de sa vaillance et de sa vertu.<\/li>\n<li><i><a href=\"http:\/\/www.le-scriptorium.com\/uploads\/file\/Regles_optionnelles\/Mastercraft\/Classes\/faconneur.pdf\">Fa\u00e7onneur<\/a>, par <a href=\"http:\/\/forum.le-scriptorium.com\/index.php?showuser=2\">Aegis<\/a> &amp; <a href=\"http:\/\/forum.le-scriptorium.com\/index.php?showuser=321\">Ozcorn<\/a><\/i>. Cette classe de base est la conversion de la c\u00e9l\u00e8bre classe \u00e9ponyme d&rsquo;Eberron aux r\u00e8gles de Fantasy Craft. Sp\u00e9cialiste des objets magiques et de la technomagie en g\u00e9n\u00e9ral, ce \u00ab\u00a0mage industriel\u00a0\u00bb peut \u00eatre appliqu\u00e9 \u00e0 n&rsquo;importe quel monde un peu \u00ab\u00a0steampunk\u00a0\u00bb.<\/li>\n<\/ul>\n<\/td>\n<\/tr>\n<\/tbody>\n<\/table>\n<p>&nbsp;<\/p>\n<table class=\"table_box\" border=\"0\" width=\"600\" cellspacing=\"1\" cellpadding=\"1\" align=\"center\">\n<tbody>\n<tr>\n<td colspan=\"3\" align=\"left\" width=\"400\" height=\"20\">\n<h3>Dungeoncraft<\/h3>\n<\/td>\n<\/tr>\n<tr>\n<td class=\"table_bottom\" colspan=\"2\" width=\"500\" height=\"20\"><em>Par <a href=\"http:\/\/forum.le-scriptorium.com\/index.php?showuser=886\">Gobelure<\/a><br \/>\n<\/em>Vous trouverez dans ce guide tout ce qu&rsquo;il vous faut pour jouer dans le plus pur style \u00ab\u00a0Donjons\u00a0\u00bb avec les r\u00e8gles de Fantasy Craft. Vos arch\u00e9types pr\u00e9f\u00e9r\u00e9s, des axes d&rsquo;Alignement Bien\/Mal\/Loi\/Chaos, divers types de magie selon la source de vos pouvoirs, et tout ce qui fait la saveur de Donjons &amp; Dragons !<\/td>\n<td align=\"center\" valign=\"middle\"><img data-recalc-dims=\"1\" loading=\"lazy\" decoding=\"async\" src=\"https:\/\/i0.wp.com\/www.le-scriptorium.com\/uploads\/images\/Mastercraft\/dungeoncraft-1.png?resize=141%2C200\" alt=\"\" width=\"141\" height=\"200\" align=\"left\" \/><\/td>\n<\/tr>\n<\/tbody>\n<\/table>\n<p>&nbsp;<\/p>\n<table class=\"table_box\" border=\"0\" width=\"600\" cellspacing=\"1\" cellpadding=\"1\" align=\"center\">\n<tbody>\n<tr>\n<td colspan=\"3\" align=\"left\" width=\"400\" height=\"20\">\n<h3>Guide des Origines<\/h3>\n<\/td>\n<\/tr>\n<tr>\n<td class=\"table_bottom\" colspan=\"2\" width=\"500\" height=\"20\"><em>Par <a href=\"http:\/\/forum.le-scriptorium.com\/index.php?showuser=2\">Aegis<\/a><br \/>\n<\/em>Les centaines de Races, Talents et Sp\u00e9cialit\u00e9s de Fantasy Craft ne vous suffisent pas ? Vous voulez jouer un centaure, un tueur \u00e0 gages repenti, un esclave courageux ? Ce mini-guide est fait pour vous. A travers des r\u00e8gles non-officielles toutes simples et un catalogue d&rsquo;attributs disponibles, concevez vous-m\u00eame les Origines des h\u00e9ros de votre monde !<\/td>\n<td align=\"center\" valign=\"middle\"><img data-recalc-dims=\"1\" decoding=\"async\" src=\"https:\/\/i0.wp.com\/www.le-scriptorium.com\/uploads\/images\/Mastercraft\/guide_des_origines-1.jpg?w=629\" alt=\"\" align=\"left\" \/><\/td>\n<\/tr>\n<\/tbody>\n<\/table>\n<p>&nbsp;<\/p>\n<table class=\"table_box\" border=\"0\" width=\"600\" cellspacing=\"1\" cellpadding=\"1\" align=\"center\">\n<tbody>\n<tr>\n<td colspan=\"3\" align=\"left\" width=\"400\" height=\"20\">\n<h3>La Magie Runique<\/h3>\n<\/td>\n<\/tr>\n<tr>\n<td class=\"table_bottom\" colspan=\"2\" width=\"500\" height=\"20\"><em>Par <a href=\"http:\/\/forum.le-scriptorium.com\/index.php?showuser=741\">Rowen Ellendyl<\/a> avec la participation d&rsquo;<a href=\"http:\/\/forum.le-scriptorium.com\/index.php?showuser=2\">Aegis<\/a><\/em><\/p>\n<p>&nbsp;<\/p>\n<p>Ce suppl\u00e9ment au manuel de Fantasy Craft permet d\u2019introduire un nouveau type de magie et ainsi de diversifier encore plus les personnages et leur environnement. Les personnages peuvent user de nouveaux dons pour utiliser et cr\u00e9er au mieux des objets runiques, permettant ainsi de r\u00e9aliser encore plus d\u2019exploits et de laisser un nom \u00e0 la post\u00e9rit\u00e9.<\/td>\n<td align=\"center\" valign=\"middle\"><img data-recalc-dims=\"1\" decoding=\"async\" src=\"https:\/\/i0.wp.com\/www.le-scriptorium.com\/uploads\/images\/Mastercraft\/magie_runique.jpg?w=629\" alt=\"\" align=\"left\" \/><\/td>\n<\/tr>\n<\/tbody>\n<\/table>\n<p>&nbsp;<\/p>\n<table class=\"table_box\" border=\"0\" width=\"600\" cellspacing=\"1\" cellpadding=\"1\" align=\"center\">\n<tbody>\n<tr>\n<td colspan=\"3\" align=\"left\" width=\"400\" height=\"20\">\n<h3>Les Psioniques<\/h3>\n<\/td>\n<\/tr>\n<tr>\n<td class=\"table_bottom\" colspan=\"2\" width=\"500\" height=\"20\"><em>Par <a href=\"http:\/\/forum.le-scriptorium.com\/index.php?showuser=2\">Aegis<\/a> avec la participation de <a href=\"http:\/\/forum.le-scriptorium.com\/index.php?showuser=1600\">Gorulf<\/a><\/em><\/p>\n<p>&nbsp;<\/p>\n<p>Les portes d&rsquo;un pouvoir reposant enti\u00e8rement sur l&rsquo;esprit vous sont ouvertes. Adapt\u00e9s des r\u00e8gles de <em>ShadowForce Archer<\/em>, voici venir les psioniques sauce <em>Mastercraft<\/em>. Point de boule de feu ou de t\u00e9l\u00e9portation de masse ici, les psioniques s&rsquo;organisent autour de trois th\u00e8mes typ\u00e9s, repr\u00e9sent\u00e9s chacun par une nouvelle classe de base : le mentaliste, le m\u00e9taboliste et le t\u00e9l\u00e9pathe !<\/td>\n<td align=\"center\" valign=\"middle\"><img data-recalc-dims=\"1\" decoding=\"async\" src=\"https:\/\/i0.wp.com\/www.le-scriptorium.com\/uploads\/images\/Mastercraft\/psioniques.jpg?w=629\" alt=\"\" align=\"left\" \/><\/td>\n<\/tr>\n<\/tbody>\n<\/table>\n<p>&nbsp;<\/p>\n<table class=\"table_box\" border=\"0\" width=\"600\" cellspacing=\"1\" cellpadding=\"1\" align=\"center\">\n<tbody>\n<tr>\n<td colspan=\"3\" align=\"left\" width=\"400\" height=\"20\">\n<h3>R\u00e8gles de cr\u00e9ation<\/h3>\n<\/td>\n<\/tr>\n<tr>\n<td class=\"table_bottom\" colspan=\"2\" width=\"500\" height=\"20\"><em>Par <a href=\"http:\/\/forum.le-scriptorium.com\/index.php?showuser=2\">Aegis<\/a><br \/>\n<\/em>Malgr\u00e9 toute sa modularit\u00e9, Mastercraft ne propose pas de syst\u00e8me officiel de cr\u00e9ation de classes. Pourtant, il existe des \u00ab\u00a0squelettes\u00a0\u00bb r\u00e9currents autour desquels s&rsquo;articulent de nombreuses aptitudes plus ou moins classiques. Chaque type de classe, qu&rsquo;elle soit de base, d&rsquo;expert ou de ma\u00eetre, r\u00e9pond \u00e0 ses propres r\u00e8gles. Vous voulez cr\u00e9er la v\u00f4tre ? Venez jeter un oeil&#8230;<\/td>\n<td align=\"center\" valign=\"middle\"><img data-recalc-dims=\"1\" decoding=\"async\" src=\"https:\/\/i0.wp.com\/www.le-scriptorium.com\/uploads\/images\/Mastercraft\/regles_de_creation-1.jpg?w=629\" alt=\"\" align=\"left\" \/><\/td>\n<\/tr>\n<\/tbody>\n<\/table>\n","protected":false},"excerpt":{"rendered":"<p>T\u00e9l\u00e9charger l&rsquo;archive Vous trouverez ici des r\u00e8gles officielles ou d\u00e9velopp\u00e9es pour Mastercraft et tous ses sous-produits, comme Fantasy Craft. Contenu de l&rsquo;archive Compilation des R\u00e8gles du Scriptorium Volume 1 Id\u00e9e originale : Aegis Auteurs : Aegis, Arthoron, Condutiarii, Elvith Gent, Lugh, Mordicus, M\u00f6rkhdull, Renz, Salvatos, Thathane&#8230;Mise en page : Elvith Gent Ce document compile les [&hellip;]<\/p>\n","protected":false},"author":1,"featured_media":0,"parent":208,"menu_order":0,"comment_status":"closed","ping_status":"closed","template":"","meta":{"jetpack_post_was_ever_published":false,"footnotes":""},"class_list":["post-204","page","type-page","status-publish","hentry"],"jetpack_sharing_enabled":true,"jetpack_shortlink":"https:\/\/wp.me\/P6Zja8-3i","_links":{"self":[{"href":"https:\/\/www.scriptorium.d100.fr\/index.php?rest_route=\/wp\/v2\/pages\/204","targetHints":{"allow":["GET"]}}],"collection":[{"href":"https:\/\/www.scriptorium.d100.fr\/index.php?rest_route=\/wp\/v2\/pages"}],"about":[{"href":"https:\/\/www.scriptorium.d100.fr\/index.php?rest_route=\/wp\/v2\/types\/page"}],"author":[{"embeddable":true,"href":"https:\/\/www.scriptorium.d100.fr\/index.php?rest_route=\/wp\/v2\/users\/1"}],"replies":[{"embeddable":true,"href":"https:\/\/www.scriptorium.d100.fr\/index.php?rest_route=%2Fwp%2Fv2%2Fcomments&post=204"}],"version-history":[{"count":3,"href":"https:\/\/www.scriptorium.d100.fr\/index.php?rest_route=\/wp\/v2\/pages\/204\/revisions"}],"predecessor-version":[{"id":212,"href":"https:\/\/www.scriptorium.d100.fr\/index.php?rest_route=\/wp\/v2\/pages\/204\/revisions\/212"}],"up":[{"embeddable":true,"href":"https:\/\/www.scriptorium.d100.fr\/index.php?rest_route=\/wp\/v2\/pages\/208"}],"wp:attachment":[{"href":"https:\/\/www.scriptorium.d100.fr\/index.php?rest_route=%2Fwp%2Fv2%2Fmedia&parent=204"}],"curies":[{"name":"wp","href":"https:\/\/api.w.org\/{rel}","templated":true}]}}