{"id":192,"date":"2015-11-18T22:32:31","date_gmt":"2015-11-18T21:32:31","guid":{"rendered":"http:\/\/www.scriptorium.d100.fr\/?page_id=192"},"modified":"2022-04-23T16:54:34","modified_gmt":"2022-04-23T15:54:34","slug":"campagnes","status":"publish","type":"page","link":"https:\/\/www.scriptorium.d100.fr\/?page_id=192","title":{"rendered":"Campagnes"},"content":{"rendered":"<h1><a href=\"http:\/\/www.scriptorium.d100.fr\/wp-content\/uploads\/archives-scriptorium\/DD3.5\/Campagnes.zip\">T\u00e9l\u00e9charger l&rsquo;archive<\/a><\/h1>\n<hr \/>\n<p>&nbsp;<\/p>\n<p>Voici les r\u00e9alisations les plus impressionnantes des scribes du Scriptorium : deux \u00e9normes campagnes\u00a0 ! En t\u00e9l\u00e9chargeant cette archive, vous aurez donc de quoi jouer pendant des ann\u00e9es !<\/p>\n<h1>Les Damn\u00e9s de la Treizi\u00e8me Marque<\/h1>\n<p><em>Par Krahor et Sandchaser (SebL)<\/em><\/p>\n<h2>Du niveau 1 au niveau 20<\/h2>\n<div align=\"justify\">Dans cette campagne \u00e9pique situ\u00e9e dans Eberron, les personnages seront hant\u00e9s d\u00e8s leurs d\u00e9buts et jusqu&rsquo;\u00e0 la conclusion de l&rsquo;aventure, par une myst\u00e9rieuse marque. Ce signe annonciateur d&rsquo;un sinistre complot est le fait de la liche Vol, l&rsquo;une des plus grandes puissances d&rsquo;Eberron, puisqu&rsquo;elle a atteint le statut de divinit\u00e9 et \u00e9tend son influence n\u00e9faste sur tout le Khorvaire. Les personnages devront survivre aux intrigues et dangers de ce monde plein de myst\u00e8res, dont ils auront l&rsquo;occasion d&rsquo;avoir un large aper\u00e7u tout au long de la campagne. Et \u00e0 mesure que la confrontation finale se rapproche, les aventuriers se retrouvent avec une lourde d\u00e9cision \u00e0 prendre : combattre Vol et ses plans diaboliques&#8230; ou marcher \u00e0 ses c\u00f4t\u00e9s sur le Khorvaire !<\/div>\n<div align=\"justify\"><\/div>\n<h4 align=\"justify\">Lien int\u00e9ressant<\/h4>\n<div align=\"justify\"><em>Le site d&rsquo;un roliste flemmard <\/em>propose une <a href=\"https:\/\/un-roliste-flemmard.com\/les-damnes-de-la-13e-marque\/\">section d\u00e9di\u00e9e \u00e0 la campagne<\/a>,\u00a0 avec notamment des comptes-rendus de parties.<\/div>\n<div align=\"justify\"><\/div>\n<div align=\"justify\">\n<h1>Le Sceau des Sept S\u0153urs<\/h1>\n<address>Par Antanael<\/address>\n<h2>A partir du niveau 10<\/h2>\n<div align=\"justify\">\u00a0Charg\u00e9s de mener une enqu\u00eate sur la disparition de trois jeunes filles dans un village, les personnages seront peu \u00e0 peu impliqu\u00e9s dans des enjeux cosmiques qui fa\u00e7onneront l&rsquo;avenir des Royaumes Oubli\u00e9s.<\/div>\n<div align=\"justify\">Cette campagne en dix chapitres fait la part belle \u00e0 l\u2019enqu\u00eate, au role-play et \u00e0 la d\u00e9couverte plut\u00f4t qu\u2019aux combats purs ou \u00e0 l\u2019exploration de donjons. Si elle a \u00e9t\u00e9 con\u00e7u pour des personnages de niveau 10 ou plus, elle peut \u00eatre adapt\u00e9e \u00e0 des personnages de niveau moindre au prix de quelques ajustements (combats notamment).<\/div>\n<div align=\"justify\">Le ma\u00eetre du jeu est cens\u00e9 \u00eatre familier de l\u2019univers des Royaumes Oubli\u00e9s dans la mesure o\u00f9 tous les lieux, les caract\u00e9ristiques des diff\u00e9rentes organisations, les relations entre les dieux ne sont pas d\u00e9crits en d\u00e9tail.<\/div>\n<\/div>\n","protected":false},"excerpt":{"rendered":"<p>T\u00e9l\u00e9charger l&rsquo;archive &nbsp; Voici les r\u00e9alisations les plus impressionnantes des scribes du Scriptorium : deux \u00e9normes campagnes\u00a0 ! En t\u00e9l\u00e9chargeant cette archive, vous aurez donc de quoi jouer pendant des ann\u00e9es ! Les Damn\u00e9s de la Treizi\u00e8me Marque Par Krahor et Sandchaser (SebL) Du niveau 1 au niveau 20 Dans cette campagne \u00e9pique situ\u00e9e dans [&hellip;]<\/p>\n","protected":false},"author":1,"featured_media":511,"parent":161,"menu_order":0,"comment_status":"closed","ping_status":"closed","template":"","meta":{"jetpack_post_was_ever_published":false,"footnotes":""},"class_list":["post-192","page","type-page","status-publish","has-post-thumbnail","hentry"],"jetpack_sharing_enabled":true,"jetpack_shortlink":"https:\/\/wp.me\/P6Zja8-36","_links":{"self":[{"href":"https:\/\/www.scriptorium.d100.fr\/index.php?rest_route=\/wp\/v2\/pages\/192","targetHints":{"allow":["GET"]}}],"collection":[{"href":"https:\/\/www.scriptorium.d100.fr\/index.php?rest_route=\/wp\/v2\/pages"}],"about":[{"href":"https:\/\/www.scriptorium.d100.fr\/index.php?rest_route=\/wp\/v2\/types\/page"}],"author":[{"embeddable":true,"href":"https:\/\/www.scriptorium.d100.fr\/index.php?rest_route=\/wp\/v2\/users\/1"}],"replies":[{"embeddable":true,"href":"https:\/\/www.scriptorium.d100.fr\/index.php?rest_route=%2Fwp%2Fv2%2Fcomments&post=192"}],"version-history":[{"count":7,"href":"https:\/\/www.scriptorium.d100.fr\/index.php?rest_route=\/wp\/v2\/pages\/192\/revisions"}],"predecessor-version":[{"id":1123,"href":"https:\/\/www.scriptorium.d100.fr\/index.php?rest_route=\/wp\/v2\/pages\/192\/revisions\/1123"}],"up":[{"embeddable":true,"href":"https:\/\/www.scriptorium.d100.fr\/index.php?rest_route=\/wp\/v2\/pages\/161"}],"wp:featuredmedia":[{"embeddable":true,"href":"https:\/\/www.scriptorium.d100.fr\/index.php?rest_route=\/wp\/v2\/media\/511"}],"wp:attachment":[{"href":"https:\/\/www.scriptorium.d100.fr\/index.php?rest_route=%2Fwp%2Fv2%2Fmedia&parent=192"}],"curies":[{"name":"wp","href":"https:\/\/api.w.org\/{rel}","templated":true}]}}