{"id":184,"date":"2015-11-18T22:13:32","date_gmt":"2015-11-18T21:13:32","guid":{"rendered":"http:\/\/www.scriptorium.d100.fr\/?page_id=184"},"modified":"2020-10-07T18:48:19","modified_gmt":"2020-10-07T17:48:19","slug":"warhammer","status":"publish","type":"page","link":"https:\/\/www.scriptorium.d100.fr\/?page_id=184","title":{"rendered":"Warhammer"},"content":{"rendered":"<h1><a href=\"http:\/\/www.scriptorium.d100.fr\/wp-content\/uploads\/archives-scriptorium\/Warhammer\/Warhammer.zip\">T\u00e9l\u00e9charger l&rsquo;archive<\/a><\/h1>\n<hr \/>\n<h1>Contenu de l&rsquo;archive<\/h1>\n<h2>Aide de jeu<\/h2>\n<h3>Nouveaux clans Skavens<\/h3>\n<p><i>Par Baron Zero, traduit par Gungnir<\/i><\/p>\n<p>Cet article pr\u00e9sente une dizaine de nouveaux clans skavens. Surprenez vos joueurs qui pensent tout conna\u00eetre de Warhammer avec les ma\u00eetres de la douleur Slike, les n\u00e9crophages Kilg et d&rsquo;autres monstres du chaos encore&#8230;<\/p>\n<h2>Sc\u00e9narios<\/h2>\n<h3>L&rsquo;apoth\u00e9ose de Ranald<\/h3>\n<p><i>Par Baron Z\u00e9ro<\/i><\/p>\n<p>Dans une grande cit\u00e9 de l&rsquo;Empire, deux cultes se disputent une \u0153uvre d&rsquo;art hors de prix. Chef d\u2019\u0153uvre de l&rsquo;ing\u00e9niosit\u00e9 du dieu Ranald pour certains, blasph\u00e8me intol\u00e9rable \u00e0 la face de la d\u00e9esse Shallya pour d&rsquo;autres, L&rsquo;apoth\u00e9ose de Ranald est un tableau qui d\u00e9chaine les passions. De quel c\u00f4t\u00e9 se rangeront les aventuriers ?<\/p>\n<h3>Le Chien de Khorne<\/h3>\n<p><i>Par Baron Z\u00e9ro<\/i><\/p>\n<p>Peu de temps apr\u00e8s la Temp\u00eate du Chaos, la vall\u00e9e de Zorn est terroris\u00e9e par des bandes de Berserkers en maraude. De passage dans la r\u00e9gion, les personnages ne leur \u00e9chapperont que gr\u00e2ce \u00e0 l&rsquo;aide providentielle d&rsquo;une patrouille imp\u00e9riale d\u00e9p\u00each\u00e9e par ch\u00e2teau K\u00e4serbsen. Mais leurs ennuis ne font que commencer&#8230;<\/p>\n<h3>La s\u00e9ance est ouverte !<\/h3>\n<p><i>Par Baron Z\u00e9ro<\/i><\/p>\n<p>Dans la petite ville pas si tranquille de Nordfels, les PJ se retrouvent charg\u00e9s d&rsquo;enqu\u00eater sur les troubles qui agitent la communaut\u00e9. Ils se rendront vite compte que, m\u00eame dans les r\u00e9gions les plus recul\u00e9es de l&#8217;empire, la griffe du Chaos n&rsquo;est jamais tr\u00e8s loin.<\/p>\n<h3>Myst\u00e8re \u00e0 Pitzhof<\/h3>\n<p><i>Par Thanatos, avec la participation de Lohian et M\u00f6rkhdull<\/i><\/p>\n<p>Cette aventure am\u00e8ne les PJ \u00e0 visiter un village touch\u00e9 par le Chaos et \u00e0 y affronter les adorateurs impies du Seigneur des Plaisirs, Slaanesh. Elle est destin\u00e9e \u00e0 des personnages encore peu exp\u00e9riment\u00e9s, qui n\u2019ont pas termin\u00e9 leur carri\u00e8re de base.<\/p>\n","protected":false},"excerpt":{"rendered":"<p>T\u00e9l\u00e9charger l&rsquo;archive Contenu de l&rsquo;archive Aide de jeu Nouveaux clans Skavens Par Baron Zero, traduit par Gungnir Cet article pr\u00e9sente une dizaine de nouveaux clans skavens. Surprenez vos joueurs qui pensent tout conna\u00eetre de Warhammer avec les ma\u00eetres de la douleur Slike, les n\u00e9crophages Kilg et d&rsquo;autres monstres du chaos encore&#8230; Sc\u00e9narios L&rsquo;apoth\u00e9ose de Ranald [&hellip;]<\/p>\n","protected":false},"author":1,"featured_media":0,"parent":13,"menu_order":0,"comment_status":"closed","ping_status":"closed","template":"","meta":{"jetpack_post_was_ever_published":false,"footnotes":""},"class_list":["post-184","page","type-page","status-publish","hentry"],"jetpack_sharing_enabled":true,"jetpack_shortlink":"https:\/\/wp.me\/P6Zja8-2Y","_links":{"self":[{"href":"https:\/\/www.scriptorium.d100.fr\/index.php?rest_route=\/wp\/v2\/pages\/184","targetHints":{"allow":["GET"]}}],"collection":[{"href":"https:\/\/www.scriptorium.d100.fr\/index.php?rest_route=\/wp\/v2\/pages"}],"about":[{"href":"https:\/\/www.scriptorium.d100.fr\/index.php?rest_route=\/wp\/v2\/types\/page"}],"author":[{"embeddable":true,"href":"https:\/\/www.scriptorium.d100.fr\/index.php?rest_route=\/wp\/v2\/users\/1"}],"replies":[{"embeddable":true,"href":"https:\/\/www.scriptorium.d100.fr\/index.php?rest_route=%2Fwp%2Fv2%2Fcomments&post=184"}],"version-history":[{"count":5,"href":"https:\/\/www.scriptorium.d100.fr\/index.php?rest_route=\/wp\/v2\/pages\/184\/revisions"}],"predecessor-version":[{"id":1100,"href":"https:\/\/www.scriptorium.d100.fr\/index.php?rest_route=\/wp\/v2\/pages\/184\/revisions\/1100"}],"up":[{"embeddable":true,"href":"https:\/\/www.scriptorium.d100.fr\/index.php?rest_route=\/wp\/v2\/pages\/13"}],"wp:attachment":[{"href":"https:\/\/www.scriptorium.d100.fr\/index.php?rest_route=%2Fwp%2Fv2%2Fmedia&parent=184"}],"curies":[{"name":"wp","href":"https:\/\/api.w.org\/{rel}","templated":true}]}}