{"id":166,"date":"2015-11-18T20:13:18","date_gmt":"2015-11-18T19:13:18","guid":{"rendered":"http:\/\/www.scriptorium.d100.fr\/?page_id=166"},"modified":"2020-10-07T16:47:17","modified_gmt":"2020-10-07T15:47:17","slug":"aides-de-jeu","status":"publish","type":"page","link":"https:\/\/www.scriptorium.d100.fr\/?page_id=166","title":{"rendered":"Aides de jeu"},"content":{"rendered":"<h1><a href=\"http:\/\/www.scriptorium.d100.fr\/wp-content\/uploads\/archives-scriptorium\/DD3.5\/D&amp;D3.5_aides_de_jeu.zip\">T\u00e9l\u00e9charger l&rsquo;archive<\/a><\/h1>\n<hr \/>\n<p>Vous trouverez ici tout le n\u00e9cessaire pour faciliter ou enrichir vos parties : des fiches de personnages, des lieux d&rsquo;aventure, des personnages \u00e0 th\u00e8me et m\u00eame un superbe tableau commercial pour vos personnages marchands !<\/p>\n<h2>Contenu de l&rsquo;archive<\/h2>\n<h3>Classes et comp\u00e9tences<\/h3>\n<address>Par Aegis<\/address>\n<p align=\"justify\">Cette aide de jeu est destin\u00e9e aux joueurs de D&amp;D \u00e9dition 3.5 qui n\u2019ont jamais eu le temps ou l\u2019envie de traiter amplement le probl\u00e8me des comp\u00e9tences. Car s\u2019il est un domaine d\u00e9s\u00e9quilibr\u00e9 dans Donjons et Dragons, c\u2019est bien celui-ci. Aussi, compte tenu du nombre de points de comp\u00e9tence plut\u00f4t d\u00e9risoire dont dispose g\u00e9n\u00e9ralement votre personnage \u00e0 sa cr\u00e9ation (et tout au long de son \u00e9volution), vous aurez certainement envie d\u2019optimiser ses choix de comp\u00e9tences. Cette aide va vous aider \u00e0 faire ces choix en fonction du r\u00f4le que vous voulez donner \u00e0 votre personnage.<\/p>\n<h3>\u00c9cologie des monstres<\/h3>\n<address>Par Aegis<\/address>\n<p align=\"justify\">Gobelins et hobgobelins sont parmi les cr\u00e9atures les plus embl\u00e9matiques de D&amp;D apr\u00e8s les dragons eux-m\u00eames. Ces aides de jeu ont pour vocation d\u2019\u00e9tudier en d\u00e9tail le comportement de ces cr\u00e9atures telles que d\u00e9crites dans D&amp;D \u00e9dition 3.5 et l\u2019univers d\u2019Eberron, leur mode de vie, leurs communaut\u00e9s, leur mani\u00e8re de combattre et les diff\u00e9rentes options qui s\u2019offrent aux MD et PJ d\u00e9sireux d\u2019incarner ces dangereuses cr\u00e9atures.<\/p>\n<ul>\n<li>\u00c9cologie des Gobelins<\/li>\n<li>\u00c9cologie des Hobgobelins<\/li>\n<\/ul>\n<h3>Etoffer l&rsquo;ambiance de&#8230;<\/h3>\n<address>Par Lordanor avec la participation de Orgone<\/address>\n<p align=\"justify\">Cette aide de jeu est destin\u00e9e aux MD de D&amp;D \u00e9dition 3.5 qui d\u00e9sirent mettre un peu d&rsquo;ambiance dans les nombreuses soir\u00e9es auxquelles les PJ assisteront forc\u00e9ment, que ce soit pr\u00e9vu (par invitation) ou de fa\u00e7on fortuite (au bon endroit, au bon moment, ou le contraire). Nous vous pr\u00e9sentons quelques id\u00e9es pour faire sortir ces \u00e9v\u00e8nements de l&rsquo;ordinaire&#8230;<\/p>\n<h3>Fiche de personnage<\/h3>\n<address>Par MScam<\/address>\n<p align=\"justify\">Cette fiche de perso en 4 pages (+1 pour les lanceurs de sorts), peu gourmande en encre, vous donne plus de place pour mieux conserver toutes les informations utiles pour votre personnage. Des espaces a\u00e9r\u00e9s, une lecture ais\u00e9e et plus de place pour vos dons, vos aptitudes de classe, vos objets magiques et m\u00eames les informations plus personnelles de votre PJ&#8230;<\/p>\n<h3>Gri-Gris<\/h3>\n<address>Par Gungnir et Thanatos<\/address>\n<div>\n<p>Les orques n\u2019ont pas pour tradition de fabriquer de puissants objets magiques, mais leurs chamans ont tout de m\u00eame un certain talent pour dompter une faible partie de la puissance de la nature sous forme de reliques. Ces art\u00e9facts sont souvent port\u00e9s par les guerriers orques sous la forme de pendentifs, mais ils les arborent parfois \u00e0 la taille ou greff\u00e9s \u00e0 m\u00eame la peau. Au cours d\u2019un rituel de communion, le chaman cr\u00e9ateur de l\u2019objet insuffle une partie de la magie naturelle qu\u2019il ma\u00eetrise dans un r\u00e9ceptacle ayant une signification symbolique&#8230;<\/p>\n<h3>Le Peuple du Sang<\/h3>\n<address>Par Luhkah<\/address>\n<div>\n<p>Le peuple du sang est une cr\u00e9ation personnelle inspir\u00e9e d\u2019un arch\u00e9type pour D&amp;D 3.5. Il peut servir autant d\u2019antagoniste que d\u2019origine pour les PJ. Dans ce document sont d\u00e9velopp\u00e9es les origines, l\u2019histoire, les croyances, les caract\u00e9ristiques et les tactiques de ce peuple \u00e9trange aux m\u0153urs effrayantes.<\/p>\n<h1>Les Profanateurs d&rsquo;Athas<\/h1>\n<address>Par Baron Zero<\/address>\n<div>\n<p>Dans le monde de<em> Dark Sun<\/em>, quiconque use de magie puise dans les r\u00e9serves \u00e9nerg\u00e9tiques de la Nature, causant la mort et le pourrissement de la Terre autour de lui. Mais si quelques mages bien intentionn\u00e9s s&rsquo;inqui\u00e8tent des cons\u00e9quences de leurs actes, d&rsquo;autres n&rsquo;ont pas tant de scrupules. Les Profanateurs sont les sorciers qui exploitent volontiers les ressources de la Nature, sans se soucier des cons\u00e9quences. Ils pillent, drainent et \u00e9puisent \u00e0 n&rsquo;en plus pouvoir, dans leur seul but d&rsquo;augmenter leur sinistre puissance&#8230;<\/p>\n<h1>Lieux d&rsquo;aventure<\/h1>\n<p align=\"justify\">Ces aides de jeu pr\u00e9sentent un lieu particulier, qui pourra \u00eatre int\u00e9gr\u00e9 facilement \u00e0 votre univers. Ils peuvent servir de d\u00e9cors d&rsquo;aventure aux PJ ou de sources d&rsquo;inspiration pour cr\u00e9er les v\u00f4tres.<\/p>\n<ul>\n<li>Le Comt\u00e9 d&rsquo;Ofran <em>par Thanatos<\/em><\/li>\n<li>Le Manoir de Mordayne <em>par Aegis<\/em><\/li>\n<li>Teziir <em>par Arasmo<\/em><\/li>\n<li>Le Val de S\u00e9l\u00e8ne <em>par Thanatos<\/em><\/li>\n<\/ul>\n<h1>Maisons et Dracogrammes<\/h1>\n<address>Par Kakita Shigeru<\/address>\n<p>Douze dracogrammes portant en eux le pouvoir d&rsquo;Eberron, treize maisons dont la puissance \u00e9conomique et sociale est presque sans \u00e9gale sur le continent, des luttes perp\u00e9tuelles, dans l&rsquo;ombre et sur la place publique, dans les tribunaux et sur des champs de bataille cach\u00e9s aux yeux du monde&#8230; Ce document vous pr\u00e9sentera un tableau r\u00e9capitulatif, synth\u00e9tique et abordable, de l&rsquo;organisation des plus implacables d\u00e9cideurs du Khorvaire, les Grandes Maisons, si puissantes qu&rsquo;elles \u00e9chappent m\u00eame \u00e0 l&#8217;emprise des nations.<\/p>\n<h1>Monstre : le hurleur<\/h1>\n<div data-canvas-width=\"376.3400000000002\">Cette aide de jeu a \u00e9t\u00e9 con\u00e7ue par l\u2019\u00e9quipe du Scriptorium pour vous aider \u00e0 optimiser l\u2019utilisation du hurleur, un monstre assez m\u00e9connu. Elle pr\u00e9sente les points forts et les points faibles de cette cr\u00e9ature, ainsi qu\u2019une fa\u00e7on intelligente de la jouer.<\/div>\n<div data-canvas-width=\"376.3400000000002\">En outre, elle vous propose les caract\u00e9ristiques d\u2019un monstre am\u00e9lior\u00e9, qui donnera du fil \u00e0 retordre m\u00eame \u00e0 des joueurs aguerris.<\/div>\n<div data-canvas-width=\"221.14\">\n<h1>Personnages \u00e0 th\u00e8me<\/h1>\n<address>Par Aegis, Elladan et Orgone<\/address>\n<address>\u00a0<\/address>\n<p align=\"justify\">Des dizaines de personnages originaux pr\u00eats \u00e0 jouer. Que vous soyez joueur ou plut\u00f4t MJ, n&rsquo;h\u00e9sitez pas \u00e0 vous en servir pour vos aventures et sc\u00e9narios !<\/p>\n<h1>Tableau Commercial pour Eberron<\/h1>\n<address>Par Magicgus et\u00a0<span class=\"url fn name ___hover___member _hoversetup\">Rajqawee<\/span><\/address>\n<address>\u00a0<\/address>\n<p>\u00a0 Gr\u00e2ce \u00e0 cette aide de jeu, le MJ dispose d&rsquo;un syst\u00e8me tr\u00e8s complet pour g\u00e9rer les tractations commerciales des personnages : stocks, prix des marchandises dans les villes, co\u00fbts de transport&#8230; Et tout \u00e7a sans avoir \u00e0 sortir sa calculette \u00e0 tout bout de champ ! Si vous n&rsquo;utilisez pas Eberron, vous pourrez adapter le mod\u00e8le \u00e0 d&rsquo;autres cadres de jeu. Pour plus d&rsquo;informations sur l&rsquo;utilisation du tableur, consultez le fil d\u00e9di\u00e9 sur le forum.<\/p>\n<h1>Trois tavernes<\/h1>\n<address>Par Gungnir, Orgone et Stef<\/address>\n<div>\n<p>Trois tavernes, trois lieux de rencontre originaux pour des aventuriers au gosier trop sec, trois auberges d&rsquo;un r\u00e9alisme palpable, mais avec une touche d&rsquo;exotisme unique. Voici les \u0153uvres des trois laur\u00e9ats du concours organis\u00e9 sur notre forum \u00ab\u00a0dans quelle taverne allons-nous boire ?\u00a0\u00bb, compil\u00e9es dans une seule et m\u00eame aide de jeu.<\/p>\n<\/div>\n<\/div>\n<\/div>\n<\/div>\n<\/div>\n","protected":false},"excerpt":{"rendered":"<p>T\u00e9l\u00e9charger l&rsquo;archive Vous trouverez ici tout le n\u00e9cessaire pour faciliter ou enrichir vos parties : des fiches de personnages, des lieux d&rsquo;aventure, des personnages \u00e0 th\u00e8me et m\u00eame un superbe tableau commercial pour vos personnages marchands ! Contenu de l&rsquo;archive Classes et comp\u00e9tences Par Aegis Cette aide de jeu est destin\u00e9e aux joueurs de D&amp;D [&hellip;]<\/p>\n","protected":false},"author":1,"featured_media":511,"parent":161,"menu_order":0,"comment_status":"closed","ping_status":"closed","template":"","meta":{"jetpack_post_was_ever_published":false,"footnotes":""},"class_list":["post-166","page","type-page","status-publish","has-post-thumbnail","hentry"],"jetpack_sharing_enabled":true,"jetpack_shortlink":"https:\/\/wp.me\/P6Zja8-2G","_links":{"self":[{"href":"https:\/\/www.scriptorium.d100.fr\/index.php?rest_route=\/wp\/v2\/pages\/166","targetHints":{"allow":["GET"]}}],"collection":[{"href":"https:\/\/www.scriptorium.d100.fr\/index.php?rest_route=\/wp\/v2\/pages"}],"about":[{"href":"https:\/\/www.scriptorium.d100.fr\/index.php?rest_route=\/wp\/v2\/types\/page"}],"author":[{"embeddable":true,"href":"https:\/\/www.scriptorium.d100.fr\/index.php?rest_route=\/wp\/v2\/users\/1"}],"replies":[{"embeddable":true,"href":"https:\/\/www.scriptorium.d100.fr\/index.php?rest_route=%2Fwp%2Fv2%2Fcomments&post=166"}],"version-history":[{"count":8,"href":"https:\/\/www.scriptorium.d100.fr\/index.php?rest_route=\/wp\/v2\/pages\/166\/revisions"}],"predecessor-version":[{"id":1070,"href":"https:\/\/www.scriptorium.d100.fr\/index.php?rest_route=\/wp\/v2\/pages\/166\/revisions\/1070"}],"up":[{"embeddable":true,"href":"https:\/\/www.scriptorium.d100.fr\/index.php?rest_route=\/wp\/v2\/pages\/161"}],"wp:featuredmedia":[{"embeddable":true,"href":"https:\/\/www.scriptorium.d100.fr\/index.php?rest_route=\/wp\/v2\/media\/511"}],"wp:attachment":[{"href":"https:\/\/www.scriptorium.d100.fr\/index.php?rest_route=%2Fwp%2Fv2%2Fmedia&parent=166"}],"curies":[{"name":"wp","href":"https:\/\/api.w.org\/{rel}","templated":true}]}}