{"id":164,"date":"2015-11-18T19:19:38","date_gmt":"2015-11-18T18:19:38","guid":{"rendered":"http:\/\/www.scriptorium.d100.fr\/?page_id=164"},"modified":"2020-10-07T16:48:21","modified_gmt":"2020-10-07T15:48:21","slug":"regles-optionnelles","status":"publish","type":"page","link":"https:\/\/www.scriptorium.d100.fr\/?page_id=164","title":{"rendered":"R\u00e8gles optionnelles"},"content":{"rendered":"<h1 style=\"text-align: left;\"><a href=\"http:\/\/www.scriptorium.d100.fr\/wp-content\/uploads\/archives-scriptorium\/DD3.5\/D&amp;D3.5-regles_optionnelles.zip\">T\u00e9l\u00e9charger l&rsquo;archive<\/a><\/h1>\n<hr \/>\n<p>&nbsp;<\/p>\n<p>Vous trouverez ici des r\u00e8gles officielles ou officieuses pour D&amp;D 3.5 allant des variantes de classes au DRS Psionique en passant par un syst\u00e8me de points de magie. De quoi renouveler votre exp\u00e9rience de D&amp;D 3.5 !<\/p>\n<h2>Contenu de l&rsquo;archive<\/h2>\n<h3>Alignements et passions<\/h3>\n<p><i>Par Elvith Gent, inspir\u00e9 par Beuargh, Orgone et Thaddeus<br \/>\n<\/i><\/p>\n<p>Ce document pr\u00e9sente plusieurs id\u00e9es et r\u00e8gles maison de divers membres du Scriptorium, r\u00e9unies dans un seul document. A travers un nouveau syst\u00e8me, g\u00e9rez les alignements de fa\u00e7on plus souple et moins manich\u00e9enne, et ajoutez une dimension tragique avec la gestion des situations \u00e9piques auxquelles ne manqueront pas d&rsquo;\u00eatre confront\u00e9s vos personnages&#8230;<\/p>\n<h3>Avantages et handicaps<\/h3>\n<p><i>Par Sephirel<\/i><\/p>\n<p>Ce syst\u00e8me est destin\u00e9 \u00e0 personnaliser ses personnages \u00e0 un niveau plus important que ce que permettent les r\u00e8gles habituelles. Son fonctionnement est simple : un personnage peut \u00e0 sa cr\u00e9ation \u00ab acheter \u00bb autant de points d\u2019avantage qu\u2019il le veut et y investir entre 1 et 5 points (sauf indication contraire). Il doit alors mettre autant de points dans des handicaps qu\u2019il en a d\u00e9pens\u00e9 dans les avantages&#8230;<\/p>\n<h3>DRS Psionique<\/h3>\n<p>Voici enfin compil\u00e9es dans une version \u00ab\u00a0printer-friendly\u00a0\u00bb toutes les r\u00e8gles OGL du Grand Manuel des Psioniques. A travers 200 pages de races, classes, comp\u00e9tences, dons, facult\u00e9s, classes de prestige, objets et m\u00eame monstres \u00e0 forte saveur psionique, d\u00e9couvrez un nouveau type de magie pour vos personnages ou votre campagne.<\/p>\n<h3>Mat\u00e9riel suppl\u00e9mentaire<\/h3>\n<p>Vous avez \u00e9puis\u00e9 toutes les options de D&amp;D 3.5 ? Vous voulez sortir des sentiers battus ? Cet ensemble d\u2019aides de jeu,le fruit d\u2019ann\u00e9es de travail de l\u2019\u00e9quipe du Scriptorium, vous propose de nouvelles classes, de nouveaux dons et domaines\u2026 De quoi vous contenter pour un bon bout de temps !<\/p>\n<ul>\n<li>L\u2019archiviste, par James Wyatt, Ari Marmell &amp; C. A. Suleiman (WotC), traduit par Aegis. Une classe de base \u00e0 mi-chemin entre le mage et le pr\u00eatre clo\u00eetr\u00e9, v\u00e9n\u00e9rant le savoir et les secrets les plus obscurs de la cr\u00e9ation.<br \/>\nL\u2019assassin du poing de la mort, par Elvith Gent. Une alternative s\u00e9duisante \u00e0 l\u2019assassin lanceur de sorts propos\u00e9 dans le Guide du Ma\u00eetre. D\u00e9velopp\u00e9e pour le monde de Niil.<\/li>\n<li>Le cam\u00e9l\u00e9on, par David Noonan, Eric Cagle &amp; Aaron Rosenberg (WotC), traduit par Aldrinel. Une classe de prestige pour ceux qui aiment changer de peau ou de r\u00f4le tout au long de l\u2019aventure. Particuli\u00e8rement utile pour les tr\u00e8s petits groupes.<\/li>\n<li>Le cavalier Ilsuniir, par Elvith Gent. Une classe de prestige pour cavaliers d\u2019\u00e9lite, elfes ou non, situ\u00e9e \u00e0 l\u2019origine dans l\u2019univers de Niil.<\/li>\n<li>Le chasseur des t\u00e9n\u00e8bres, par Gwendolyn Kestrel &amp; Faith Price (WotC), traduit par Aegis. Une classe de prestige pour les serviteurs de la Reine de l\u2019Air et des T\u00e9n\u00e8bres, la plus puissante et la plus mal\u00e9fique des f\u00e9es.<\/li>\n<li>Le chevalier du Bien supr\u00eame, par Elvith Gent. Les repr\u00e9sentants les plus engag\u00e9s du Bien ont maintenant trouv\u00e9 leur voie. Mais n\u2019est-elle pas un peu trop extr\u00eame dans notre monde en teintes de gris ? La r\u00e9ponse vous appartient ! D\u00e9velopp\u00e9e pour le monde de Niil.<\/li>\n<li>Le constructeur, par Scott Brocius &amp; Mark Jindra (WotC), traduit par Aegis. Une classe de prestige pour les amateurs de cr\u00e9ations astrales qui souhaitent donner plus de puissance et d\u2019options \u00e0 leurs \u00ab\u00a0petits b\u00e9b\u00e9s\u00a0\u00bb.<br \/>\nLe cristallomancien, par Scott Brocius &amp; Mark Jindra (WotC), traduit par Aegis. Pour ceux qui aiment les pierres pr\u00e9cieuses plus que tout, voici une classe de prestige psionique qui vous permettra de d\u00e9couvrir de nouvelles options pour utiliser des cristaux en jeu.<\/li>\n<li>Le d\u00e9voreur, par James Wyatt (WotC), traduit par Aegis. Une classe de prestige pour les plus ignobles des assassins, ennemis de la vie et d\u00e9voreurs de chair, les serviteurs de Baphomet !<\/li>\n<li>Des domaines suppl\u00e9mentaires, par Elvith Gent. Un certain nombre de domaines suppl\u00e9mentaires (et les nouveaux sorts associ\u00e9s) parus dans diff\u00e9rents suppl\u00e9ments pour D&amp;D \u00e9tant OGL, les voici traduits et compil\u00e9s dans une seule aide de jeu.<\/li>\n<li>Le duelliste profane, par Robert Wiese (WotC), retouch\u00e9 sur le Scriptorium. Une classe de prestige pour les bretteurs qui aiment allier talents martiaux et illusions pour confondre leurs ennemis.<\/li>\n<li>L\u2019\u00e9rudit, par Mat Smith (WotC). Une variante du psion poss\u00e9dant plus de souplesse dans le nombre de facult\u00e9s connues mais davantage limit\u00e9 dans leur utilisation quotidienne.<\/li>\n<li>Le fr\u00e8re de la cape, par Baron Z\u00e9ro. De redoutables combattants au style de combat unique et d\u00e9routant. Non contents d\u2019\u00eatre des bretteurs exceptionnels, ce sont aussi les ennemis jur\u00e9s des drows.<\/li>\n<li>Le gardien de la route, par Stan! (WotC), traduit par Aegis. Des fanatiques de Fharlaghn d\u00e9di\u00e9s \u00e0 prot\u00e9ger le secret le mieux gard\u00e9 du dieu des voyages et des chemins\u2026 en somme de bons amis ou de dangereux ennemis !<\/li>\n<li>Les gardiens des mondes, par Yshorus. Organisation planaire de protecteurs, les gardiens des mondes veillent \u00e0 l\u2019int\u00e9grit\u00e9 des plans mat\u00e9riels \u00e0 travers le multivers\u2026 une position honorable mais qui leur attire de nombreux ennemis.<\/li>\n<li>Des guerriers sp\u00e9cialis\u00e9s, par Elvith Gent. Pour que chaque guerrier ne ressemble pas aux autres, pour qu\u2019un bretteur \u00e0 la rapi\u00e8re aiguis\u00e9e n\u2019ai pas les m\u00eames options que le garde \u00e0 la hallebarde, optez pour de nouveaux dons tirant parti des sp\u00e9cificit\u00e9s des familles d\u2019armes !<\/li>\n<li>Le guerrier de fer froid, par Gwendolyn Kestrel &amp; Faith Price (WotC), traduit par Aegis. Une classe de prestige essentiellement d\u00e9di\u00e9e aux PNJ. Les pires ennemis des f\u00e9es ont maintenant leur voie toute trac\u00e9e.<\/li>\n<li>L\u2019homme-loup, par Oronard al Vanis. Un nouveau monstre et une nouvelle race jouable, l\u2019homme-loup, ainsi qu\u2019une classe de prestige d\u00e9di\u00e9e, le coureur des bois !<br \/>\nLe lyriste nain, par Wil Upchurch (WotC). Une classe de prestige remise au go\u00fbt du jour pour les bardes nains, suffisamment int\u00e9ressante pour leur faire oublier leurs probl\u00e8mes de charisme.<\/li>\n<li>Le ma\u00eetre m\u00e9nestrel, par Skip Williams &amp; Ed Greenwood (WotC). Les plus illustres membres des M\u00e9nestrels empruntent parfois la voie de leurs ma\u00eetres pour devenir \u00e0 leur tour de v\u00e9ritables h\u00e9rauts des id\u00e9aux et des divinit\u00e9s patronnes de cette organisation, oeuvrant pour le Bien \u00e0 travers F\u00e9\u00e9rune.<\/li>\n<li>Les ma\u00eetres du N\u00e9ant, par Ari Marmell, Dark Psion, Eytan Bernstein, Mark Jindra, Matthew Sernett &amp; Aegis. De nouvelles r\u00e8gles pour les scelleurs de tout poil, en particulier pour ceux ayant eu la chance d\u2019atteindre en vie les niveaux \u00e9piques.<\/li>\n<li>Le m\u00e9ditant, par Mark Jindra &amp; Scott Brocius (WotC). L\u2019art de la m\u00e9ditation psionique et de l\u2019ouverture de soi, de ses chakras et de ses sens au monde\u2026 C\u2019est la philosophie de cette classe de prestige des plus mystiques.<\/li>\n<li>La non-vie, par Gwendolyn F. M. Kestrel (WotC), traduit par Aegis. Tout un tas d\u2019outils pour les personnages et campagnes mort-vivants, avec don, classe de prestige, objets magiques et d\u2019autres r\u00e8gles optionnelles\u2026<\/li>\n<li>L\u2019oeil de Xanathar, par Wil Upchurch (WotC), traduit par Aegis. Une classe de prestige pleine de myst\u00e8res d\u00e9di\u00e9e aux espions et assassins du tyrannoeil et ma\u00eetre du crime de Port-au-Cr\u00e2ne.<\/li>\n<li>Le parangon c\u00e9leste, par Andy Collins (WotC), traduit par Aegis. Une classe de prestige \u00e9pique pour les d\u00e9fenseurs du Bien et des plans sup\u00e9rieurs.<\/li>\n<li>Le porteur de runes , par Elvith Gent. Les nains sont les l\u00e9gendaires d\u00e9tenteurs d\u2019un savoir magique mill\u00e9naire : le pouvoir des runes. Les porteurs sont de ceux qui puisent dans leurs forces primordiales. D\u00e9velopp\u00e9e pour le monde de Niil.<\/li>\n<li>Le pouvoir de l\u2019esprit, par Scott Brocius &amp; Mark Jindra (WotC), traduit par Aegis. Quelques conversions de classes, classes de prestige et dons \u00e0 la sance psionique.<\/li>\n<li>Le prestige de la foi, par David Noonan &amp; Skip Williams (WotC), traduit par Aegis. Quatre classes de prestige divines datant de D&amp;D 3.0 remises au go\u00fbt du jour pour la 3.5 !<\/li>\n<li>Le profanateur de songes, par \u00c4nndgrim. Une classe de prestige pour tout combattant adroit souhaitant se d\u00e9fendre contre l\u2019ombre et ses repr\u00e9sentants.<\/li>\n<li>Le psion corrompu, par Scott Brocius &amp; Mark Jindra (WotC), traduit par Aegis. Une classe de prestige psionique jouant sur la corruption et la d\u00e9pravation pour accroitre sa puissance.<\/li>\n<li>Psioniques de l\u2019incarnum, par Mark Jindra (WotC), traduit par Aegis. Si vous \u00eates amateur de psionisme et de magie de l\u2019incarnum, et si vous r\u00eavez d\u2019utiliser conjointement ces deux sources de pouvoir, c\u2019est maintenant possible.<\/li>\n<li>Le sangehirn, par Scott Brocius &amp; Mark Jindra (WotC), traduit par Aegis. Une classe de prestige pour tous les psions qui ont la sant\u00e9 de leurs compagnons \u00e0 coeur, ainsi que la leur\u2026<\/li>\n<li>La sangsue psionique, par Scott Brocius &amp; Mark Jindra (WotC), traduit par Aegis. Une classe de prestige pour psion mal\u00e9fique aux tendances sadiques, qui emprisonne ses victimes dans des cocons pour se nourrir de leur \u00e9nergie vitale.<\/li>\n<li>Le seigneur de cuivre, par Elvith Gent, Hunka et Notilus. Une myst\u00e9rieuse cabale de mages vivant sur une \u00eele lointaine et v\u00e9n\u00e9rant aussi bien l\u2019art de la forge que les connaissances profanes. D\u00e9velopp\u00e9e pour le monde de Niil.<\/li>\n<li>Le siffleur halfelin, par Wil Upchurch (WotC), traduit par Aegis. Une voie toute trac\u00e9e pour les bardes halfelins qui d\u00e9sirent se mettre au service de leur communaut\u00e9 ou qui se trouvent touch\u00e9s par la gr\u00e2ce de Yondalla.<\/li>\n<li>Les secrets de la nature, par Jesse Decker (WotC), traduit par Aegis. Les amateurs de compagnons animaux vont \u00eatre servis. M\u00eame si vous n\u2019\u00eates ni r\u00f4deur ni druide, voici de nouveaux dons, tours et classes de prestige pour vous et votre compagnon sauvage !<\/li>\n<li>Le vivelame, par Kolja Liquette &amp; Brian Moran (WotC), traduit par Aegis et Llochlyn. La vitesse incarn\u00e9e. Le ma\u00eetre de rapidit\u00e9 et de l\u2019attaque \u00e9clair, un hybride combattant et lanceur de sorts si rapide qu\u2019il est inutile d\u2019essayer de l\u2019attraper.<\/li>\n<\/ul>\n<h3>Miscibilit\u00e9 des potions<\/h3>\n<p><i>Par Aldrinel<\/i><\/p>\n<p>Cette r\u00e8gle optionnelle propose de s&rsquo;int\u00e9resser de plus pr\u00e8s \u00e0 la mixologie des potions. En effet, \u00e0 D&amp;D 3.5, m\u00e9langer deux potions n&rsquo;a aucun effet. Pour ceux qui regrettent les effets dangereux qui pouvaient survenir \u00e0 AD&amp;D ou d&rsquo;autres qui ont envie de pimenter un peu leur vie d&rsquo;aventuriers, ces r\u00e8gles ressuscit\u00e9es vous permettront de d\u00e9terminer les effets des m\u00e9langes et autres \u00ab\u00a0accidents\u00a0\u00bb&#8230;<\/p>\n<h3>Points de magie<\/h3>\n<p><i>Par Sephirel<\/i><\/p>\n<p>Ce syst\u00e8me est destin\u00e9 \u00e0 remplacer la magie vancienne par un syst\u00e8me plus souple. Il se destine \u00e0 tous ceux qui pr\u00e9f\u00e8rent avoir un syst\u00e8me de magie \u00e0 peu pr\u00e8s unique, ou aux univers ne se pr\u00eatant pas \u00e0 l\u2019ambiance psionique. Il se destine aussi \u00e0 ceux dont les joueurs oublient de pr\u00e9parer leurs sorts ou sont infoutus de faire une liste de sorts en moins de deux heures. Ou \u00e0 tous ceux qui n\u2019aiment pas la magie vancienne&#8230;<\/p>\n<p>Si certaines r\u00e8gles de D&amp;D ne vous plaisent pas, au point que vous p<\/p>\n<h3>R\u00e9visions de classes<\/h3>\n<ul>\n<li><b>Le barde.<\/b> Des chants de barde r\u00e9organis\u00e9s, \u00e9volutifs et plus divers, ainsi que des traditions bardiques conf\u00e9rant divers pouvoirs sp\u00e9ciaux rendent la classe encore plus polyvalente. En bonus, quatre dons suppl\u00e9mentaires.<\/li>\n<li><b>Le moine<\/b>. Comme le barde, le moine est r\u00e9vis\u00e9 en profondeur, avec une progression beaucoup plus souple et laissant la possibilit\u00e9 de choisir des styles de combat uniques, tout en restant hautement compatible avec les classes de prestige et autres dons officiels.<\/li>\n<li><b>Le guerrier<\/b>. Le guerrier change peu dans la forme, mais beaucoup dans le fond. Il reste un combattant pur et dur totalement d\u00e9pourvu de magie, mais ses aptitudes martiales lui permettent maintenant de prendre l&rsquo;ascendant sur ses ennemis en agissant m\u00eame hors de son tour.<\/li>\n<li><b>Le paladin<\/b>. Plus g\u00e9n\u00e9rique, plus modulaire, plus h\u00e9ro\u00efque, le paladin redevient la classe de r\u00e9f\u00e9rence pour tout personnage pour qui le code d&rsquo;honneur passe avant tout. Diff\u00e9rentes vocations permettent \u00e9galement de se construire un arch\u00e9type plus ou moins \u00e9loign\u00e9 de la version d&rsquo;origine.<\/li>\n<li><b>Le r\u00f4deur.<\/b> La principale nouveaut\u00e9 vient du choix d&rsquo;un terrain naturel de pr\u00e9dilection pour le r\u00f4deur, dans lequel le personnage b\u00e9n\u00e9ficiera de quelques avantages suppl\u00e9mentaires.<\/li>\n<li><b>Le samoura\u00ef.<\/b> Sans doute l&rsquo;une des classes les plus critiqu\u00e9es de tout D&amp;D, le samoura\u00ef a maintenant le choix entre le style de combat \u00e0 deux armes et le iaijutsu. Il poss\u00e8de \u00e9galement des attaques sp\u00e9ciales propres.<\/li>\n<li><b>Le samoura\u00ef (v2).<\/b> Cette seconde r\u00e9vision de la classe de samoura\u00ef en fait un sp\u00e9cialiste du duel iaijutsu et lui permet de r\u00e9aliser des kata meurtriers.<\/li>\n<li><b>Le spadassin.<\/b> Cette nouvelle version est d\u00f4t\u00e9e d&rsquo;une progression plus riche et plus homog\u00e8ne, de bottes martiales faisant figure d&rsquo;attaques sp\u00e9ciales, d&rsquo;un peu plus de comp\u00e9tences et d&rsquo;un peu moins de pv.<\/li>\n<li><b>Le tourmenteur.<\/b> Histoire d&rsquo;en finir avec le Codex Martial, cette derni\u00e8re classe de base, revue par katans, offre un peu plus de souplesse et des pouvoirs ax\u00e9s sur la terreur et la d\u00e9moralisation des ennemis.<\/li>\n<\/ul>\n<h3>Traits h\u00e9ro\u00efques<\/h3>\n<p><i>Par Elvith Gent<\/i><\/p>\n<p>Les traits h\u00e9ro\u00efques repr\u00e9sentent l\u2019aspect hors norme de votre personnage. Plus qu\u2019un simple aventurier, il devient d\u00e8s lors un v\u00e9ritable h\u00e9ros, \u00e9voquant ceux des romans et des l\u00e9gendes. Des h\u00e9ritiers pourchass\u00e9s, des enfants dont la naissance a \u00e9t\u00e9 proph\u00e9tis\u00e9e&#8230;<\/p>\n<h3>Variantes de classes<\/h3>\n<p><i>Issues des Arcanes Exhum\u00e9es (WotC), traduites par Arbital<\/i><\/p>\n<p>Dans cette aide, je vous pr\u00e9sente les diff\u00e9rentes variantes de classes contenues dans le livre <i>les Arcanes Exhum\u00e9es<\/i>. <i>Les Arcanes Exhum\u00e9es<\/i> proposent un tr\u00e8s grand nombre de variantes dans les r\u00e8gles de <i>Donjons &amp; Dragons<\/i>, et c\u2019est peut \u00eatre pour cela que c\u2019est un des suppl\u00e9ments pour r\u00e8gles les plus appr\u00e9ci\u00e9s des ma\u00eetres du jeu ainsi que des joueurs.<\/p>\n","protected":false},"excerpt":{"rendered":"<p>T\u00e9l\u00e9charger l&rsquo;archive &nbsp; Vous trouverez ici des r\u00e8gles officielles ou officieuses pour D&amp;D 3.5 allant des variantes de classes au DRS Psionique en passant par un syst\u00e8me de points de magie. De quoi renouveler votre exp\u00e9rience de D&amp;D 3.5 ! Contenu de l&rsquo;archive Alignements et passions Par Elvith Gent, inspir\u00e9 par Beuargh, Orgone et Thaddeus [&hellip;]<\/p>\n","protected":false},"author":1,"featured_media":511,"parent":161,"menu_order":0,"comment_status":"closed","ping_status":"closed","template":"","meta":{"footnotes":""},"class_list":["post-164","page","type-page","status-publish","has-post-thumbnail","hentry"],"jetpack_sharing_enabled":true,"jetpack_shortlink":"https:\/\/wp.me\/P6Zja8-2E","_links":{"self":[{"href":"https:\/\/www.scriptorium.d100.fr\/index.php?rest_route=\/wp\/v2\/pages\/164","targetHints":{"allow":["GET"]}}],"collection":[{"href":"https:\/\/www.scriptorium.d100.fr\/index.php?rest_route=\/wp\/v2\/pages"}],"about":[{"href":"https:\/\/www.scriptorium.d100.fr\/index.php?rest_route=\/wp\/v2\/types\/page"}],"author":[{"embeddable":true,"href":"https:\/\/www.scriptorium.d100.fr\/index.php?rest_route=\/wp\/v2\/users\/1"}],"replies":[{"embeddable":true,"href":"https:\/\/www.scriptorium.d100.fr\/index.php?rest_route=%2Fwp%2Fv2%2Fcomments&post=164"}],"version-history":[{"count":7,"href":"https:\/\/www.scriptorium.d100.fr\/index.php?rest_route=\/wp\/v2\/pages\/164\/revisions"}],"predecessor-version":[{"id":1071,"href":"https:\/\/www.scriptorium.d100.fr\/index.php?rest_route=\/wp\/v2\/pages\/164\/revisions\/1071"}],"up":[{"embeddable":true,"href":"https:\/\/www.scriptorium.d100.fr\/index.php?rest_route=\/wp\/v2\/pages\/161"}],"wp:featuredmedia":[{"embeddable":true,"href":"https:\/\/www.scriptorium.d100.fr\/index.php?rest_route=\/wp\/v2\/media\/511"}],"wp:attachment":[{"href":"https:\/\/www.scriptorium.d100.fr\/index.php?rest_route=%2Fwp%2Fv2%2Fmedia&parent=164"}],"curies":[{"name":"wp","href":"https:\/\/api.w.org\/{rel}","templated":true}]}}