{"id":161,"date":"2015-11-18T18:07:22","date_gmt":"2015-11-18T17:07:22","guid":{"rendered":"http:\/\/www.scriptorium.d100.fr\/?page_id=161"},"modified":"2024-10-21T19:58:14","modified_gmt":"2024-10-21T18:58:14","slug":"dd3-5","status":"publish","type":"page","link":"https:\/\/www.scriptorium.d100.fr\/?page_id=161","title":{"rendered":"D&#038;D 3.5"},"content":{"rendered":"<p>Les scribes de l&rsquo;ancien Scriptorium se montr\u00e8rent tellement prolifiques que cette section est divis\u00e9e en quatre rubriques :<\/p>\n<ul>\n<li><a href=\"https:\/\/www.scriptorium.d100.fr\/?page_id=166\">Aides de jeu <\/a><\/li>\n<li><a href=\"https:\/\/www.scriptorium.d100.fr\/?page_id=192\">Campagnes<\/a><\/li>\n<li><a href=\"https:\/\/www.scriptorium.d100.fr\/?page_id=164\">R\u00e8gles optionnelles<\/a><\/li>\n<li><a href=\"https:\/\/www.scriptorium.d100.fr\/?page_id=179\">Sc\u00e9narios<\/a><\/li>\n<\/ul>\n<p>.<\/p>\n<hr \/>\n<p>Pour les nostalgiques, voici le texte originel de la section D&amp;D 3.5<\/p>\n<p><em><span style=\"font-family: Tahoma;\">Imaginez des univers o\u00f9 chevalerie et magie se c\u00f4toient chaque jour&#8230; Imaginez des mondes aux richesses infinies, emplis de tr\u00e9sors, de dragons et d&rsquo;aventure&#8230; Imaginez des h\u00e9ros, dont les actes et la bravoure vont influer sur la destin\u00e9e de ces mondes&#8230; Donjons et Dragons est le jeu de r\u00f4le qui vous permettra de prendre part \u00e0 ces mythes et l\u00e9gendes. Il est l&rsquo;un des plus anciens, et certainement le jeu de r\u00f4le le plus jou\u00e9 au monde. Cultiv\u00e9 dans le terreau de l&rsquo;h\u00e9roic fantasy, il a su d\u00e9velopper autour de ce concept des univers passionnants et des syst\u00e8mes de jeu attractifs au fur et \u00e0 mesure des d\u00e9cennies et des \u00e9ditions. A pr\u00e9sent, on trouve D&amp;D partout : dans les jeux vid\u00e9os, au cin\u00e9ma, et dans de nombreux produits d\u00e9riv\u00e9s. Mais c&rsquo;est toujours le jeu de r\u00f4le qui en reste l&rsquo;essence.<\/span><\/em><\/p>\n<p><span style=\"font-family: Tahoma;\"> La premi\u00e8re \u00e9dition de ce jeu, sortie en 1974, est connue de nombre d&rsquo;entre vous pour ses fameuses bo\u00eetes de couleur. Elle s<\/span><span style=\"font-family: Tahoma;\">era revue peu apr\u00e8s sous le nom d&rsquo;AD&amp;D et propos\u00e9e sous forme de livres de couleur. C&rsquo;est elle qui est \u00e0 l&rsquo;origine du D&amp;D que l&rsquo;on conna\u00eet aujourd&rsquo;hui. Fortement orient\u00e9 jeu de combat \u00e0 ses d\u00e9buts, il va lentement d\u00e9velopper des aspects plus proches de l&rsquo;investigation et de l&rsquo;interpr\u00e9tation autour de son th\u00e8me central : affronter des monstres. La seconde \u00e9dition est d\u00e9j\u00e0 plus r\u00e9cente, datant de 1989, et a grandement particip\u00e9 au d\u00e9veloppement du jeu de r\u00f4le sous la forme de jeux vid\u00e9os, dont la r\u00e9ussite la plus incontestable est le c\u00e9l\u00e8bre Baldur&rsquo;s Gate. La troisi\u00e8me \u00e9dition enfin, est sortie en 2000, avec un syst\u00e8me de r\u00e8gles se voulant plus r\u00e9aliste, plus efficace et plus simple \u00e0 appr\u00e9hender. Il sert d&rsquo;ailleurs de base \u00e0 de nombreux autres jeux bas\u00e9s sur le syst\u00e8me D20. Toutefois, les nouvelles r\u00e8gles de Donjons et Dragons ont \u00e9t\u00e9 critiqu\u00e9es par les joueurs, et les \u00e9diteurs en ont tenu compte pour d\u00e9velopper en 2003 une \u00e9dition refondue, baptis\u00e9e 3.5, et corrigeant de nombreuses lacunes de la troisi\u00e8me \u00e9dition d&rsquo;origine. Ce syst\u00e8me est utilis\u00e9 pour toutes nos aides de jeu D&amp;D que vous pourrez trouver sur le site, ou sur le forum.<\/span><br \/>\n<em> <span style=\"font-family: Tahoma;\"><br \/>\nLes univers d\u00e9velopp\u00e9s pour Donjons et Dragons sont \u00e9galement nombreux et passionants. Certains d&rsquo;entre eux, notamment Greyhawk, le plus ancien, se sont d\u00e9velopp\u00e9s directement autour de son syst\u00e8me et s&rsquo;y greffent totalement. D&rsquo;ailleurs, il est parfois difficile de savoir si l&rsquo;univers se base sur le syst\u00e8me ou si c&rsquo;est l&rsquo;inverse. De nombreux autres univers ont \u00e9t\u00e9 d\u00e9velopp\u00e9s tout au long des trois \u00e9ditions, notamment le plus c\u00e9l\u00e8bre \u00e0 ce jour, les Royaumes Oubli\u00e9s. On compte \u00e9galement de nombreux univers alternatifs, exploitant le syst\u00e8me de D&amp;D, mais revu de fa\u00e7on \u00e0 r\u00e9pondre davantage \u00e0 leurs sp\u00e9cificit\u00e9s, comme Ravenloft ou Midnight. Avec l&rsquo;arriv\u00e9e de la troisi\u00e8me \u00e9dition, de nombreux univers nouveaux se sont d\u00e9velopp\u00e9s, et de plus anciens se sont vus offrir une nouvelle jeunesse. Parmi les nouveaux venus, on compte notamment l&rsquo;univers d&rsquo;Eberron, grand prix d&rsquo;un concours organis\u00e9 par Wizards of the Coast en 2003 et bas\u00e9 enti\u00e8rement sur l&rsquo;\u00e9dition 3.5. De son c\u00f4t\u00e9, Midnight a subi une cure de jouvence gr\u00e2ce \u00e0 la sortie de sa seconde \u00e9dition.<\/span><\/em><\/p>\n<p>De nombreuses aides de jeu pr\u00e9sent\u00e9es sur le site et sur le forum sont destin\u00e9es \u00e0 Donjons et Dragons. Celles traitant des r\u00e8gles et des am\u00e9liorations du syst\u00e8me de base concernent toute la gamme D&amp;D et sont adapt\u00e9es aux r\u00e8gles \u00e9dition 3.5. Concernant les univers, nous avons d\u00e9cid\u00e9 de concentrer nos efforts sur deux moutures peu fr\u00e9quentes sur les sites francophones actuels : <a href=\"http:\/\/www.le-scriptorium.com\/index.php?page=midnight-2-0\">Midnight<\/a> et <a href=\"http:\/\/www.le-scriptorium.com\/index.php?page=eberron\">Eberron<\/a>. Ces deux univers originaux apportent leur lot de nouveaut\u00e9s en mati\u00e8re de r\u00e8gles et d&rsquo;ambiance, et nous esp\u00e9rons vous faire partager notre envie de les d\u00e9couvrir&#8230; Cependant, les Royaumes Oubli\u00e9s ne seront pas en reste, avec des aides de jeu et une campagne en pr\u00e9paration.<\/p>\n","protected":false},"excerpt":{"rendered":"<p>Les scribes de l&rsquo;ancien Scriptorium se montr\u00e8rent tellement prolifiques que cette section est divis\u00e9e en quatre rubriques : Aides de jeu Campagnes R\u00e8gles optionnelles Sc\u00e9narios . Pour les nostalgiques, voici le texte originel de la section D&amp;D 3.5 Imaginez des univers o\u00f9 chevalerie et magie se c\u00f4toient chaque jour&#8230; Imaginez des mondes aux richesses infinies, [&hellip;]<\/p>\n","protected":false},"author":1,"featured_media":511,"parent":13,"menu_order":0,"comment_status":"closed","ping_status":"closed","template":"","meta":{"jetpack_post_was_ever_published":false,"footnotes":""},"class_list":["post-161","page","type-page","status-publish","has-post-thumbnail","hentry"],"jetpack_sharing_enabled":true,"jetpack_shortlink":"https:\/\/wp.me\/P6Zja8-2B","_links":{"self":[{"href":"https:\/\/www.scriptorium.d100.fr\/index.php?rest_route=\/wp\/v2\/pages\/161","targetHints":{"allow":["GET"]}}],"collection":[{"href":"https:\/\/www.scriptorium.d100.fr\/index.php?rest_route=\/wp\/v2\/pages"}],"about":[{"href":"https:\/\/www.scriptorium.d100.fr\/index.php?rest_route=\/wp\/v2\/types\/page"}],"author":[{"embeddable":true,"href":"https:\/\/www.scriptorium.d100.fr\/index.php?rest_route=\/wp\/v2\/users\/1"}],"replies":[{"embeddable":true,"href":"https:\/\/www.scriptorium.d100.fr\/index.php?rest_route=%2Fwp%2Fv2%2Fcomments&post=161"}],"version-history":[{"count":10,"href":"https:\/\/www.scriptorium.d100.fr\/index.php?rest_route=\/wp\/v2\/pages\/161\/revisions"}],"predecessor-version":[{"id":1175,"href":"https:\/\/www.scriptorium.d100.fr\/index.php?rest_route=\/wp\/v2\/pages\/161\/revisions\/1175"}],"up":[{"embeddable":true,"href":"https:\/\/www.scriptorium.d100.fr\/index.php?rest_route=\/wp\/v2\/pages\/13"}],"wp:featuredmedia":[{"embeddable":true,"href":"https:\/\/www.scriptorium.d100.fr\/index.php?rest_route=\/wp\/v2\/media\/511"}],"wp:attachment":[{"href":"https:\/\/www.scriptorium.d100.fr\/index.php?rest_route=%2Fwp%2Fv2%2Fmedia&parent=161"}],"curies":[{"name":"wp","href":"https:\/\/api.w.org\/{rel}","templated":true}]}}