{"id":139,"date":"2015-11-18T15:47:26","date_gmt":"2015-11-18T14:47:26","guid":{"rendered":"http:\/\/www.scriptorium.d100.fr\/?page_id=139"},"modified":"2020-10-07T18:50:46","modified_gmt":"2020-10-07T17:50:46","slug":"dungeonslayers-3-75","status":"publish","type":"page","link":"https:\/\/www.scriptorium.d100.fr\/?page_id=139","title":{"rendered":"Dungeonslayers 3.75"},"content":{"rendered":"<h1><a href=\"http:\/\/www.scriptorium.d100.fr\/wp-content\/uploads\/archives-scriptorium\/jeux_complets\/Dungeonslayers_3_75.zip\">T\u00e9l\u00e9charger l&rsquo;archive<\/a><\/h1>\n<p><strong>Auteur<\/strong> : Christian Kenning<\/p>\n<p><strong>Traducteurs<\/strong> : James Manez, Olivier Boyaval<\/p>\n<hr \/>\n<p>Vous regrettez les bons vieux donjons \u00e0 papa, avec leurs monstres improbables, leurs pi\u00e8ges vicieux et leurs fabuleux tr\u00e9sors ? Avec <em>Dungeonslayers<\/em> de Christian Kenning, vous allez retrouver le plaisir des vieux jours, mais sans vous encombrer de r\u00e8gles absconses : il vous suffira de 5 minutes pour cr\u00e9er un personnage et l&rsquo;envoyer dans de sordides catacombes&#8230;<\/p>\n<p>En 20 pages, vous avez un syst\u00e8me de jeu et une aventure d&rsquo;introduction : bref, tout ce qu&rsquo;il faut pour jouer aux aventuriers intr\u00e9pides !<\/p>\n<h2>Contenu de l&rsquo;archive<\/h2>\n<h3>Livre de base<\/h3>\n<p><em>Auteur : Christian Kenning <\/em><\/p>\n<p><em>Traducteur : James \u00ab\u00a0Arasmo\u00a0\u00bb Manez<\/em><\/p>\n<p><em>Editeur : Olivier \u00ab\u00a0Etory\u00a0\u00bb Boyaval<br \/>\n<\/em><\/p>\n<p>Cette version 3.75 doit beaucoup au consid\u00e9rable travail d&rsquo;Olivier Boyaval qui, non content d&rsquo;avoir corrig\u00e9 le jeu et incorpor\u00e9 les derni\u00e8res modifications de r\u00e8gles, a mis le tout en page !<\/p>\n<h3>Feuille de Personnage<\/h3>\n<p><em>Auteur : Olivier Boyaval<\/em><\/p>\n<p>Remplissez tout de suite cette fiche de personnage en deux feuillets et partez \u00e0 l&rsquo;aventure !<\/p>\n<h3>Ecran du Ma\u00eetre<\/h3>\n<p><em>Auteur : Christian Kenning<\/em><\/p>\n<p><em>Traducteur : Thorin<\/em><\/p>\n<p>Un \u00e9cran \u00e0 monter soi-m\u00eame en suivant les instructions de pliage. Les \u00e9l\u00e9ments essentiels du jeu sont pr\u00e9sents : r\u00e9capitulatif des actions courantes et des tests de comp\u00e9tence, modificateurs, gu\u00e9rison naturelle, d\u00e9g\u00e2ts de chute, etc.<\/p>\n<h3>MonsterMash<\/h3>\n<p><em>Auteur : Tim Hartin<\/em><\/p>\n<p><em>Traducteur : Thorin<br \/>\n<\/em><\/p>\n<p>40 nouveaux monstres pour Dungeonslayers 3.75. De quoi donner du fil \u00e0 retordre \u00e0 vos joueurs !<\/p>\n","protected":false},"excerpt":{"rendered":"<p>T\u00e9l\u00e9charger l&rsquo;archive Auteur : Christian Kenning Traducteurs : James Manez, Olivier Boyaval Vous regrettez les bons vieux donjons \u00e0 papa, avec leurs monstres improbables, leurs pi\u00e8ges vicieux et leurs fabuleux tr\u00e9sors ? Avec Dungeonslayers de Christian Kenning, vous allez retrouver le plaisir des vieux jours, mais sans vous encombrer de r\u00e8gles absconses : il vous [&hellip;]<\/p>\n","protected":false},"author":1,"featured_media":143,"parent":41,"menu_order":0,"comment_status":"closed","ping_status":"closed","template":"","meta":{"jetpack_post_was_ever_published":false,"footnotes":""},"class_list":["post-139","page","type-page","status-publish","has-post-thumbnail","hentry"],"jetpack_sharing_enabled":true,"jetpack_shortlink":"https:\/\/wp.me\/P6Zja8-2f","_links":{"self":[{"href":"https:\/\/www.scriptorium.d100.fr\/index.php?rest_route=\/wp\/v2\/pages\/139","targetHints":{"allow":["GET"]}}],"collection":[{"href":"https:\/\/www.scriptorium.d100.fr\/index.php?rest_route=\/wp\/v2\/pages"}],"about":[{"href":"https:\/\/www.scriptorium.d100.fr\/index.php?rest_route=\/wp\/v2\/types\/page"}],"author":[{"embeddable":true,"href":"https:\/\/www.scriptorium.d100.fr\/index.php?rest_route=\/wp\/v2\/users\/1"}],"replies":[{"embeddable":true,"href":"https:\/\/www.scriptorium.d100.fr\/index.php?rest_route=%2Fwp%2Fv2%2Fcomments&post=139"}],"version-history":[{"count":14,"href":"https:\/\/www.scriptorium.d100.fr\/index.php?rest_route=\/wp\/v2\/pages\/139\/revisions"}],"predecessor-version":[{"id":1101,"href":"https:\/\/www.scriptorium.d100.fr\/index.php?rest_route=\/wp\/v2\/pages\/139\/revisions\/1101"}],"up":[{"embeddable":true,"href":"https:\/\/www.scriptorium.d100.fr\/index.php?rest_route=\/wp\/v2\/pages\/41"}],"wp:featuredmedia":[{"embeddable":true,"href":"https:\/\/www.scriptorium.d100.fr\/index.php?rest_route=\/wp\/v2\/media\/143"}],"wp:attachment":[{"href":"https:\/\/www.scriptorium.d100.fr\/index.php?rest_route=%2Fwp%2Fv2%2Fmedia&parent=139"}],"curies":[{"name":"wp","href":"https:\/\/api.w.org\/{rel}","templated":true}]}}