{"id":132,"date":"2015-11-18T15:23:07","date_gmt":"2015-11-18T14:23:07","guid":{"rendered":"http:\/\/www.scriptorium.d100.fr\/?page_id=132"},"modified":"2015-11-23T11:24:29","modified_gmt":"2015-11-23T10:24:29","slug":"microlite4e","status":"publish","type":"page","link":"https:\/\/www.scriptorium.d100.fr\/?page_id=132","title":{"rendered":"Microlite4E"},"content":{"rendered":"<p><strong>Auteurs<\/strong> : Batronoban,\u00a0Olivier Fanton et\u00a0Roland Scaron<\/p>\n<p><a href=\"http:\/\/www.scriptorium.d100.fr\/wp-content\/uploads\/archives-scriptorium\/jeux_complets\/M4-essentiel.zip\">T\u00e9l\u00e9charger M4E l&rsquo;Essentiel <\/a>: le jeu + des aides de jeu<\/p>\n<p><a href=\"http:\/\/www.scriptorium.d100.fr\/wp-content\/uploads\/archives-scriptorium\/jeux_complets\/M4-sc\u00e9narios-Tymophil.zip\">T\u00e9l\u00e9charger les sc\u00e9narios de Tymophil<\/a> : 4 sc\u00e9narios formant une campagne.<\/p>\n<hr \/>\n<p>&nbsp;<\/p>\n<p>Savourez un jeu qui reprend la substantifique moelle de la 4\u00e8me \u00e9dition du plus c\u00e9l\u00e8bre des jeux de r\u00f4le, en vous \u00e9pargnant tout le gras indigeste.<\/p>\n<h2><strong>M4 c&rsquo;est fait pour quoi ?<\/strong><\/h2>\n<p>&#8211; Un syst\u00e8me fait pour les univers h\u00e9ro\u00efques, m\u00e9di\u00e9vaux-fantastiques<\/p>\n<p>&#8211; 3 caract\u00e9ristiques, 5 comp\u00e9tences, des points bonus et un d\u00e9 \u00e0 vingt faces au coeur du m\u00e9canisme<\/p>\n<p>&#8211; Un large choix de races et de classes, des plus classiques aux plus exotiques<\/p>\n<p>&#8211; Un syst\u00e8me de combat bas\u00e9 sur des capacit\u00e9s (pouvoirs) typ\u00e9es par classe, sans figurines.<\/p>\n<h2><strong>Pourquoi jouer avec ce syst\u00e8me ?<\/strong><\/h2>\n<p>&#8211; Utile pour initier de nouveaux joueurs ou pour les groupes press\u00e9s<\/p>\n<p>&#8211; Pour cr\u00e9er des personnages en quelques minutes<\/p>\n<p>&#8211; Pour jouer avec un syst\u00e8me dynamique (gr\u00e2ce au syst\u00e8me de points d&rsquo;Eclats) et simple (Jets en opposition)<\/p>\n<p>&#8211; Pour disposer d&rsquo;un ouvrage complet en un minimum de pages<\/p>\n<p>&#8211; Pour r\u00e9utiliser vos ouvrages officiels gr\u00e2ce \u00e0 une conversion simple<\/p>\n<h2>Contenu de l&rsquo;archive<\/h2>\n<h3><span class=\"Apple-style-span\">Livre de base<\/span><\/h3>\n<p><strong>PDF Illustr\u00e9<\/strong> et f<strong>ichier texte <\/strong>(format Open Document)<\/p>\n<h3><span class=\"Apple-style-span\">Aides de jeu de Roland Scaron<br \/>\n<\/span><\/h3>\n<p>Roland Scaron a pens\u00e9 aux MJ press\u00e9s et a concoct\u00e9 des aides de jeu tr\u00e8s compl\u00e8tes : fiches de personnage en couleur et en N&amp;B, r\u00e9sum\u00e9 des principaux m\u00e9canismes&#8230;<\/p>\n<p><strong>Pack \u00ab\u00a0bidouilleurs\u00a0\u00bb<\/strong> : une archive zip qui contient toutes les aides de jeu au format docx, ainsi que les polices utilis\u00e9es.<\/p>\n<h3>Aides de jeu de Tymophil<\/h3>\n<p><strong>Cartes d&rsquo;initiative<\/strong> : ces cartes sont bien pratiques pour noter les score d&rsquo;initiative. Chaque joueur a droit \u00e0 sa carte, o\u00f9 il note le nom de son personnage et son bonus de REF. Lorqu&rsquo;un test d&rsquo;Initiative est n\u00e9cessaire, il lui suffit de lancer 1d20, d&rsquo;ajouter son bonus de REF au r\u00e9sultat, puis d&rsquo;indiquer la somme au Meneur de Jeu.\u00a0 Ce dernier pourra utiliser des cartes d&rsquo;initiative pour garder trace de l&rsquo;initiative des monstres.<\/p>\n<p><strong>Ecran du MJ<\/strong> : cette excellente aide de jeu condense l&rsquo;essentiel de Microlite4E en deux pages.<\/p>\n<p><strong>Feuille de personnage<\/strong> : non contente d&rsquo;\u00eatre belle, cette feuille est originale. En plus de la feuille proprement, vous pouvez imprimer des encadr\u00e9s d\u00e9crivant les capacit\u00e9s sp\u00e9ciales des classes et des races. Lorsque vos joueurs auront choisi le personnage de leurs r\u00eaves, il leur suffira d&rsquo;aggraffer ou de coller \u00e0 leur feuille les encadr\u00e9s de race et de classe et ils seront par\u00e9s pour l&rsquo;aventure !<\/p>\n<h3>Sc\u00e9narios de Tymophil<\/h3>\n<p><strong>Un Bien Pr\u00e9cieux Flacon<\/strong> : des pillards gobelins, un marchand d\u00e9trouss\u00e9, un flacon \u00e0 r\u00e9cup\u00e9rer&#8230; Ce premier sc\u00e9nario d&rsquo;une mini-campagne est parfait pour d\u00e9couvrir Microlite4E, d&rsquo;autant plus que Tymophil est g\u00e9n\u00e9reux en conseils et en aides de jeu. Sc\u00e9nario pr\u00e9vu pour 4 \u00e0 6 personnages de niveau 1.<\/p>\n<p><strong>L&rsquo;Odyss\u00e9e du N\u00e9gociant Soucieux<\/strong> : le marchand Fagel a de nouveau besoin de vous&#8230; Mais ne vous attendez pas \u00e0 une mission d&rsquo;escorte de routine : vous ferez des rencontres \u00e9tranges et devrez vendre ch\u00e8rement votre peau !<\/p>\n<p><strong>La Demeure Maudite<\/strong> : des chiens \u00e9gorg\u00e9s, des bruits \u00e9tranges&#8230; La maison de Fagel est-elle hant\u00e9e ?<\/p>\n<p><strong>Les Amants S\u00e9par\u00e9s<\/strong> : dans une vall\u00e9e isol\u00e9e, les personnages doivent lever une terrible mal\u00e9diction&#8230;<\/p>\n","protected":false},"excerpt":{"rendered":"<p>Auteurs : Batronoban,\u00a0Olivier Fanton et\u00a0Roland Scaron T\u00e9l\u00e9charger M4E l&rsquo;Essentiel : le jeu + des aides de jeu T\u00e9l\u00e9charger les sc\u00e9narios de Tymophil : 4 sc\u00e9narios formant une campagne. &nbsp; Savourez un jeu qui reprend la substantifique moelle de la 4\u00e8me \u00e9dition du plus c\u00e9l\u00e8bre des jeux de r\u00f4le, en vous \u00e9pargnant tout le gras indigeste. [&hellip;]<\/p>\n","protected":false},"author":1,"featured_media":518,"parent":41,"menu_order":0,"comment_status":"closed","ping_status":"closed","template":"","meta":{"jetpack_post_was_ever_published":false,"footnotes":""},"class_list":["post-132","page","type-page","status-publish","has-post-thumbnail","hentry"],"jetpack_sharing_enabled":true,"jetpack_shortlink":"https:\/\/wp.me\/P6Zja8-28","_links":{"self":[{"href":"https:\/\/www.scriptorium.d100.fr\/index.php?rest_route=\/wp\/v2\/pages\/132","targetHints":{"allow":["GET"]}}],"collection":[{"href":"https:\/\/www.scriptorium.d100.fr\/index.php?rest_route=\/wp\/v2\/pages"}],"about":[{"href":"https:\/\/www.scriptorium.d100.fr\/index.php?rest_route=\/wp\/v2\/types\/page"}],"author":[{"embeddable":true,"href":"https:\/\/www.scriptorium.d100.fr\/index.php?rest_route=\/wp\/v2\/users\/1"}],"replies":[{"embeddable":true,"href":"https:\/\/www.scriptorium.d100.fr\/index.php?rest_route=%2Fwp%2Fv2%2Fcomments&post=132"}],"version-history":[{"count":7,"href":"https:\/\/www.scriptorium.d100.fr\/index.php?rest_route=\/wp\/v2\/pages\/132\/revisions"}],"predecessor-version":[{"id":258,"href":"https:\/\/www.scriptorium.d100.fr\/index.php?rest_route=\/wp\/v2\/pages\/132\/revisions\/258"}],"up":[{"embeddable":true,"href":"https:\/\/www.scriptorium.d100.fr\/index.php?rest_route=\/wp\/v2\/pages\/41"}],"wp:featuredmedia":[{"embeddable":true,"href":"https:\/\/www.scriptorium.d100.fr\/index.php?rest_route=\/wp\/v2\/media\/518"}],"wp:attachment":[{"href":"https:\/\/www.scriptorium.d100.fr\/index.php?rest_route=%2Fwp%2Fv2%2Fmedia&parent=132"}],"curies":[{"name":"wp","href":"https:\/\/api.w.org\/{rel}","templated":true}]}}