{"id":117,"date":"2015-11-18T12:26:29","date_gmt":"2015-11-18T11:26:29","guid":{"rendered":"http:\/\/www.scriptorium.d100.fr\/?page_id=117"},"modified":"2020-10-07T18:54:12","modified_gmt":"2020-10-07T17:54:12","slug":"project-eris","status":"publish","type":"page","link":"https:\/\/www.scriptorium.d100.fr\/?page_id=117","title":{"rendered":"Project : Eris"},"content":{"rendered":"<h1><a href=\"http:\/\/www.scriptorium.d100.fr\/wp-content\/uploads\/archives-scriptorium\/jeux_complets\/Project_Eris.zip\">T\u00e9l\u00e9charger l&rsquo;archive (attention plus de 50 Mo)<\/a><\/h1>\n<p><strong>Auteur<\/strong> : Alexandre \u00ab\u00a0Sephirel\u00a0\u00bb Gruat<\/p>\n<hr \/>\n<p>\u00ab\u00a0<em>Depuis la nuit des temps, le conflit a \u00e9t\u00e9 le moteur d&rsquo;Eris. L&rsquo;\u00e9nergie spirituelle parcourt les veines de ses habitants, et le combat pour son contr\u00f4le ne s&rsquo;est jamais v\u00e9ritablement arr\u00eat\u00e9. Les guerres se sont succ\u00e9d\u00e9es, les catastrophes ont boulevers\u00e9 des millions d&rsquo;existences, le monde ne parvenant pas \u00e0 trouver son \u00e9quilibre.<\/em><\/p>\n<p><em>Tout ceci a chang\u00e9 : de nos jours, Eris a trouv\u00e9 un calme relatif gr\u00e2ce au travail d&rsquo;une poign\u00e9e d&rsquo;hommes, agissant dans l&rsquo;ombre et couvrant l&rsquo;ensemble des champs d&rsquo;activit\u00e9s professionnels, politiques et \u00e9conomiques. Leur soci\u00e9t\u00e9 est cach\u00e9e aux yeux de tous, elle agit dans l&rsquo;ombre du monde et le manipule afin de le pr\u00e9server des conflits qui pourraient \u00e0 nouveau le d\u00e9chirer. <\/em><\/p>\n<p><em>La magie n&rsquo;est plus, l&rsquo;\u00e9nergie spirituelle est d\u00e9sormais un secret bien gard\u00e9. Le surnaturel n&rsquo;est plus qu&rsquo;un souvenir auquel plus personne ne croit de nos jours. Seuls ceux qui sont charg\u00e9s de conserver ce secret savent encore quelles choses hors de la port\u00e9e humaine se cachent dans les ombres.<\/em> \u00a0\u00bb<\/p>\n<p><strong>Project: Eris<\/strong> vous propose, dans un univers moderne et technologique, d&rsquo;incarner des hommes et des femmes qui \u00e9voluent au milieu des myst\u00e8res cach\u00e9s que leurs concitoyens ignorent et d\u00e9couvrant la v\u00e9ritable nature de leur monde. Intrigues et complots, horreurs cach\u00e9es dans la p\u00e9nombre, d\u00e9mons et affrontements \u00e9piques sont au programme pour ceux qui auront le courage de regarder l\u00e0 o\u00f9 les autres pr\u00e9f\u00e8rent passer leur chemin.<\/p>\n<p><strong>Project: Eris<\/strong>, c&rsquo;est un syst\u00e8me de jeu complet et original, compl\u00e9t\u00e9 au fur et \u00e0 mesure par une chronique qui vous pr\u00e9sentera les personnages, les lieux et les intrigues de ce monde.<\/p>\n<h2>Contenu de l&rsquo;archive<\/h2>\n<h3>L&rsquo;indispensable<\/h3>\n<p>Ce document est le premier que vous devriez consulter, le <strong>livre de base<\/strong> de Project: Eris. Il contient toutes les r\u00e8gles de jeu, y compris les comp\u00e9tences, le combat, l&rsquo;\u00e9quipement, l&rsquo;occultisme et les effets des divers atouts et d\u00e9fauts dont peuvent \u00eatre affubl\u00e9s les personnages. Une lecture indispensable !<\/p>\n<p>Le <strong>guide du conteur<\/strong> contient toutes les informations n\u00e9cessaires au meneur de jeu de Project: Eris. Vous y trouverez notamment les r\u00e8gles de cr\u00e9ation et de progression des personnages, l&rsquo;organisation sc\u00e9naristique de la partie et des combats, du surnaturel, des ennemis pr\u00eats-\u00e0-jouer et quelques conseils pour vous, conteur.<\/p>\n<p>Cette <strong>fiche de personnage<\/strong> en trois volets r\u00e9sume toutes les informations utiles \u00e0 votre personnage. De ses capacit\u00e9s naturelles \u00e0 ses pouvoirs surnaturels, en passant par son \u00e9quipement, vous \u00eates s\u00fbr de ne manquer de rien !<\/p>\n<h3>\u00a0Les Contes Interdits<\/h3>\n<p>Dans cette campagne, les joueurs incarneront des membres du Bureau des affaires sp\u00e9ciales, une unit\u00e9 d&rsquo;\u00e9lite qui, entre deux prises d&rsquo;otages ou meurtres sordides, prend le relais de la police lorsque celle-ci bute sur des ph\u00e9nom\u00e8nes inexpliqu\u00e9s. Au fils des enqu\u00eates, les personnages seront non confront\u00e9s \u00e0 des menaces surnaturelles, mais aussi \u00e0 leurs propres d\u00e9mons&#8230;<\/p>\n<p><strong>R\u00e9serv\u00e9 au MJ<\/strong> : Pr\u00e9sentation du contexte, synopsis de la campagne, conseils&#8230; Gr\u00e2ce \u00e0 ce guide de d\u00e9marrage, le MJ est assur\u00e9 de prendre la campagne par le bon bout.<\/p>\n<p><strong>La campagne :<\/strong>\u00a0 ce PDF de 231 pages r\u00e9unit les 13 chapitres de la campagne, ainsi que les Archives et le Prologue, qui introduiront en douceur les joueurs aux r\u00e8gles et au monde de Project: Eris. De nombreux conseils \u00e9maillent le texte pour \u00a0aider le MJ \u00e0 mettre en sc\u00e8ne la campagne.<\/p>\n<p><strong>Les documents<\/strong> : avec cette archive RAR, vous disposerez de tous les \u00e9l\u00e9ments n\u00e9cessaires pour appr\u00e9cier pleinement la campagne. En consultant le r\u00e9sum\u00e9 du contexte, les joueurs seront rapidement dans le bain. 6 personnages pr\u00e9tir\u00e9s sont propos\u00e9s, avec leur historique et leur dossier secret. En bonus, vous trouverez aussi des documents \u00e0 remettre aux joueurs au fil de la campagne.<\/p>\n<p>&nbsp;<\/p>\n","protected":false},"excerpt":{"rendered":"<p>T\u00e9l\u00e9charger l&rsquo;archive (attention plus de 50 Mo) Auteur : Alexandre \u00ab\u00a0Sephirel\u00a0\u00bb Gruat \u00ab\u00a0Depuis la nuit des temps, le conflit a \u00e9t\u00e9 le moteur d&rsquo;Eris. L&rsquo;\u00e9nergie spirituelle parcourt les veines de ses habitants, et le combat pour son contr\u00f4le ne s&rsquo;est jamais v\u00e9ritablement arr\u00eat\u00e9. Les guerres se sont succ\u00e9d\u00e9es, les catastrophes ont boulevers\u00e9 des millions d&rsquo;existences, [&hellip;]<\/p>\n","protected":false},"author":1,"featured_media":122,"parent":41,"menu_order":0,"comment_status":"closed","ping_status":"closed","template":"","meta":{"jetpack_post_was_ever_published":false,"footnotes":""},"class_list":["post-117","page","type-page","status-publish","has-post-thumbnail","hentry"],"jetpack_sharing_enabled":true,"jetpack_shortlink":"https:\/\/wp.me\/P6Zja8-1T","_links":{"self":[{"href":"https:\/\/www.scriptorium.d100.fr\/index.php?rest_route=\/wp\/v2\/pages\/117","targetHints":{"allow":["GET"]}}],"collection":[{"href":"https:\/\/www.scriptorium.d100.fr\/index.php?rest_route=\/wp\/v2\/pages"}],"about":[{"href":"https:\/\/www.scriptorium.d100.fr\/index.php?rest_route=\/wp\/v2\/types\/page"}],"author":[{"embeddable":true,"href":"https:\/\/www.scriptorium.d100.fr\/index.php?rest_route=\/wp\/v2\/users\/1"}],"replies":[{"embeddable":true,"href":"https:\/\/www.scriptorium.d100.fr\/index.php?rest_route=%2Fwp%2Fv2%2Fcomments&post=117"}],"version-history":[{"count":10,"href":"https:\/\/www.scriptorium.d100.fr\/index.php?rest_route=\/wp\/v2\/pages\/117\/revisions"}],"predecessor-version":[{"id":1104,"href":"https:\/\/www.scriptorium.d100.fr\/index.php?rest_route=\/wp\/v2\/pages\/117\/revisions\/1104"}],"up":[{"embeddable":true,"href":"https:\/\/www.scriptorium.d100.fr\/index.php?rest_route=\/wp\/v2\/pages\/41"}],"wp:featuredmedia":[{"embeddable":true,"href":"https:\/\/www.scriptorium.d100.fr\/index.php?rest_route=\/wp\/v2\/media\/122"}],"wp:attachment":[{"href":"https:\/\/www.scriptorium.d100.fr\/index.php?rest_route=%2Fwp%2Fv2%2Fmedia&parent=117"}],"curies":[{"name":"wp","href":"https:\/\/api.w.org\/{rel}","templated":true}]}}