{"id":1013,"date":"2017-02-10T15:47:12","date_gmt":"2017-02-10T14:47:12","guid":{"rendered":"http:\/\/www.scriptorium.d100.fr\/?page_id=1013"},"modified":"2020-10-07T17:37:01","modified_gmt":"2020-10-07T16:37:01","slug":"runequest-6","status":"publish","type":"page","link":"https:\/\/www.scriptorium.d100.fr\/?page_id=1013","title":{"rendered":"RuneQuest 6"},"content":{"rendered":"<h1><a href=\"http:\/\/www.scriptorium.d100.fr\/wp-content\/uploads\/archives-scriptorium\/runequest\/RQ6_trousse_de_jeu1.zip\">T\u00e9l\u00e9chargez les aides de jeu<\/a><\/h1>\n<hr \/>\n<p>La sixi\u00e8me \u00e9dition de <em>RuneQuest<\/em>(RQ6) fut publi\u00e9e en 2012 par l&rsquo;\u00e9diteur The Design Mechanism et traduite en fran\u00e7ais en 2015 par une petite \u00e9quipe de b\u00e9n\u00e9voles, pour la plupart membres du Scriptorium. Comme Chaosium, qui d\u00e9tient les droits de la marque RuneQuest, n&rsquo;a pas renouvel\u00e9 la licence accord\u00e9e \u00e0 The Design Mechanism, les versions VO et VF de RQ6 durent \u00eatre retir\u00e9es de la vente en juillet 2016.<\/p>\n<p>Heureusement, le syst\u00e8me de RQ6 poursuit son existence sous le nom de <em>Mythras <\/em>et une nouvelle \u00e9quipe s&rsquo;est constitu\u00e9e pour traduire la gamme en fran\u00e7ais. Vous trouverez plus d&rsquo;informations \u00e0 ce sujet sur la section <em>Mythras<\/em> de <a href=\"https:\/\/d100.fr\">d100.fr<\/a>.<\/p>\n<p>Nous vous proposons ici les\u00a0 les aides de jeu pour RQ6 qui \u00e9taient h\u00e9berg\u00e9es sur l&rsquo;ancien site du Scriptorium puis sur d100.fr.<\/p>\n<p>Aides de jeu : compilation de tableaux, feuilles de personnage, aides de jeu pour le combat, aides-m\u00e9moires pour la magie et le combat.<\/p>\n<h2>O\u00f9 sont pass\u00e9s les sc\u00e9narios ?<\/h2>\n<p>Cette page proposait autrefois les versions b\u00eata des six premiers sc\u00e9narios du suppl\u00e9ment <em>Contre le Chaos<\/em> et du sc\u00e9nario l&rsquo;<em>Exode de la Matrice<\/em>.<\/p>\n<p>Nous avons d\u00e9cid\u00e9 de les retirer, car :<\/p>\n<ul>\n<li>L&rsquo;Exode de la Matrice a \u00e9t\u00e9 mis \u00e0 jour et int\u00e9gr\u00e9 au suppl\u00e9ment Premi\u00e8res Aventures pour Mythras ;<\/li>\n<li><em>Contre le Chaos<\/em> est d\u00e9sormais disponible. Les cartes sont traduites, les coquilles ont \u00e9t\u00e9 corrig\u00e9es et la traduction a \u00e9t\u00e9 nettement am\u00e9lior\u00e9e. Rendez-vous sur <a href=\"https:\/\/d100.fr\/contre-le-chaos\">cette page<\/a> pour en savoir plus et t\u00e9l\u00e9charger un extrait gratuit, qui comprend la pr\u00e9sentation du cadre de jeu et le sc\u00e9nario <em>Caravane<\/em>.<\/li>\n<\/ul>\n<p>&nbsp;<\/p>\n","protected":false},"excerpt":{"rendered":"<p>T\u00e9l\u00e9chargez les aides de jeu La sixi\u00e8me \u00e9dition de RuneQuest(RQ6) fut publi\u00e9e en 2012 par l&rsquo;\u00e9diteur The Design Mechanism et traduite en fran\u00e7ais en 2015 par une petite \u00e9quipe de b\u00e9n\u00e9voles, pour la plupart membres du Scriptorium. Comme Chaosium, qui d\u00e9tient les droits de la marque RuneQuest, n&rsquo;a pas renouvel\u00e9 la licence accord\u00e9e \u00e0 The [&hellip;]<\/p>\n","protected":false},"author":1,"featured_media":1026,"parent":0,"menu_order":0,"comment_status":"closed","ping_status":"closed","template":"","meta":{"footnotes":""},"class_list":["post-1013","page","type-page","status-publish","has-post-thumbnail","hentry"],"jetpack_sharing_enabled":true,"jetpack_shortlink":"https:\/\/wp.me\/P6Zja8-gl","_links":{"self":[{"href":"https:\/\/www.scriptorium.d100.fr\/index.php?rest_route=\/wp\/v2\/pages\/1013","targetHints":{"allow":["GET"]}}],"collection":[{"href":"https:\/\/www.scriptorium.d100.fr\/index.php?rest_route=\/wp\/v2\/pages"}],"about":[{"href":"https:\/\/www.scriptorium.d100.fr\/index.php?rest_route=\/wp\/v2\/types\/page"}],"author":[{"embeddable":true,"href":"https:\/\/www.scriptorium.d100.fr\/index.php?rest_route=\/wp\/v2\/users\/1"}],"replies":[{"embeddable":true,"href":"https:\/\/www.scriptorium.d100.fr\/index.php?rest_route=%2Fwp%2Fv2%2Fcomments&post=1013"}],"version-history":[{"count":11,"href":"https:\/\/www.scriptorium.d100.fr\/index.php?rest_route=\/wp\/v2\/pages\/1013\/revisions"}],"predecessor-version":[{"id":1090,"href":"https:\/\/www.scriptorium.d100.fr\/index.php?rest_route=\/wp\/v2\/pages\/1013\/revisions\/1090"}],"wp:featuredmedia":[{"embeddable":true,"href":"https:\/\/www.scriptorium.d100.fr\/index.php?rest_route=\/wp\/v2\/media\/1026"}],"wp:attachment":[{"href":"https:\/\/www.scriptorium.d100.fr\/index.php?rest_route=%2Fwp%2Fv2%2Fmedia&parent=1013"}],"curies":[{"name":"wp","href":"https:\/\/api.w.org\/{rel}","templated":true}]}}